{"id":734836,"date":"2025-03-03T16:25:22","date_gmt":"2025-03-03T15:25:22","guid":{"rendered":"https:\/\/stoic-curie.212-227-153-4.plesk.page\/producto\/wasser-benzin-trennfilter-griffin-ggf35-mac\/"},"modified":"2026-02-24T23:34:56","modified_gmt":"2026-02-24T23:34:56","slug":"wasser-benzin-trennfilter-griffin-ggf35-mac","status":"publish","type":"product","link":"https:\/\/stoic-curie.212-227-153-4.plesk.page\/de\/product\/wasser-benzin-trennfilter-griffin-ggf35-mac\/","title":{"rendered":"Wasser-Benzin-Trennfilter Griffin GGF35 MAC"},"content":{"rendered":"<p>Wasser-Benzin-Trennfilter Griffin GGF35 MAC &#8211; <\/p>\n<p>Hochwertiger Benzinfilter\/Wasserabscheider f\u00fcr inboard und outboard Motoren. Komplett mit einem 10-Mikron-Element, einem Druckgusskopf und einer Metallsch\u00fcssel. MICROBLOC-Technologie (99,8 % Effektivit\u00e4t bei der Trennung von Wasser und Benzin).<\/p>\n","protected":false},"excerpt":{"rendered":"<p>Wasser-Benzin-Trennfilter Griffin GGF35 MAC &#8211; Hochwertiger Benzinfilter\/Wasserabscheider f\u00fcr inboard und outboard Motoren. Komplett mit einem 10-Mikron-Element, einem Druckgusskopf und einer<\/p>\n","protected":false},"featured_media":5941848,"comment_status":"open","ping_status":"closed","template":"","meta":[],"product_brand":[2985],"product_cat":[1510,1542],"product_tag":[],"class_list":{"0":"post-734836","1":"product","2":"type-product","3":"status-publish","4":"has-post-thumbnail","6":"product_brand-griffin-de","7":"product_cat-kraftstoff-wasser-trennfilter","8":"product_cat-marine-ersatzteile-fuer-volvo-penta","10":"first","11":"instock","12":"shipping-taxable","13":"purchasable","14":"product-type-simple"},"_links":{"self":[{"href":"https:\/\/stoic-curie.212-227-153-4.plesk.page\/de\/wp-json\/wp\/v2\/product\/734836","targetHints":{"allow":["GET"]}}],"collection":[{"href":"https:\/\/stoic-curie.212-227-153-4.plesk.page\/de\/wp-json\/wp\/v2\/product"}],"about":[{"href":"https:\/\/stoic-curie.212-227-153-4.plesk.page\/de\/wp-json\/wp\/v2\/types\/product"}],"replies":[{"embeddable":true,"href":"https:\/\/stoic-curie.212-227-153-4.plesk.page\/de\/wp-json\/wp\/v2\/comments?post=734836"}],"version-history":[{"count":0,"href":"https:\/\/stoic-curie.212-227-153-4.plesk.page\/de\/wp-json\/wp\/v2\/product\/734836\/revisions"}],"wp:featuredmedia":[{"embeddable":true,"href":"https:\/\/stoic-curie.212-227-153-4.plesk.page\/de\/wp-json\/wp\/v2\/media\/5941848"}],"wp:attachment":[{"href":"https:\/\/stoic-curie.212-227-153-4.plesk.page\/de\/wp-json\/wp\/v2\/media?parent=734836"}],"wp:term":[{"taxonomy":"product_brand","embeddable":true,"href":"https:\/\/stoic-curie.212-227-153-4.plesk.page\/de\/wp-json\/wp\/v2\/product_brand?post=734836"},{"taxonomy":"product_cat","embeddable":true,"href":"https:\/\/stoic-curie.212-227-153-4.plesk.page\/de\/wp-json\/wp\/v2\/product_cat?post=734836"},{"taxonomy":"product_tag","embeddable":true,"href":"https:\/\/stoic-curie.212-227-153-4.plesk.page\/de\/wp-json\/wp\/v2\/product_tag?post=734836"}],"curies":[{"name":"wp","href":"https:\/\/api.w.org\/{rel}","templated":true}]}}