{"id":734839,"date":"2025-03-03T16:25:23","date_gmt":"2025-03-03T15:25:23","guid":{"rendered":"https:\/\/stoic-curie.212-227-153-4.plesk.page\/producto\/lenkgetriebe-ultraflex-t93zt\/"},"modified":"2026-02-24T23:34:56","modified_gmt":"2026-02-24T23:34:56","slug":"lenkgetriebe-ultraflex-t93zt","status":"publish","type":"product","link":"https:\/\/stoic-curie.212-227-153-4.plesk.page\/de\/product\/lenkgetriebe-ultraflex-t93zt\/","title":{"rendered":"Lenkgetriebe Ultraflex T93ZT"},"content":{"rendered":"<p>Lenkgetriebe Ultraflex T93ZT &#8211; <\/p>\n<p>Hochwertige professionelle Rotationssteuerungen T91\/T93ZT f\u00fcr Boote mit Au\u00dfenbord-, Innenbord- und Heckantriebsmotoren bis zu 50 mph. Wird mit dem M90 Mach Steuerkabel erg\u00e4nzt. 4,2 Drehungen des Steuerungsrades von Anschlag zu Anschlag. T93ZT: R\u00fcckw\u00e4rtsfreier Typ, der das Zur\u00fcckdrehen des Rades verhindert und den gew\u00fcnschten Kurs h\u00e4lt.<\/p>\n","protected":false},"excerpt":{"rendered":"<p>Lenkgetriebe Ultraflex T93ZT &#8211; Hochwertige professionelle Rotationssteuerungen T91\/T93ZT f\u00fcr Boote mit Au\u00dfenbord-, Innenbord- und Heckantriebsmotoren bis zu 50 mph. Wird<\/p>\n","protected":false},"featured_media":5941855,"comment_status":"open","ping_status":"closed","template":"","meta":[],"product_brand":[3500],"product_cat":[1541],"product_tag":[],"class_list":{"0":"post-734839","1":"product","2":"type-product","3":"status-publish","4":"has-post-thumbnail","6":"product_brand-ultraflex-uflex-de","7":"product_cat-kabelsteuerung","9":"first","10":"instock","11":"shipping-taxable","12":"purchasable","13":"product-type-simple"},"_links":{"self":[{"href":"https:\/\/stoic-curie.212-227-153-4.plesk.page\/de\/wp-json\/wp\/v2\/product\/734839","targetHints":{"allow":["GET"]}}],"collection":[{"href":"https:\/\/stoic-curie.212-227-153-4.plesk.page\/de\/wp-json\/wp\/v2\/product"}],"about":[{"href":"https:\/\/stoic-curie.212-227-153-4.plesk.page\/de\/wp-json\/wp\/v2\/types\/product"}],"replies":[{"embeddable":true,"href":"https:\/\/stoic-curie.212-227-153-4.plesk.page\/de\/wp-json\/wp\/v2\/comments?post=734839"}],"version-history":[{"count":0,"href":"https:\/\/stoic-curie.212-227-153-4.plesk.page\/de\/wp-json\/wp\/v2\/product\/734839\/revisions"}],"wp:featuredmedia":[{"embeddable":true,"href":"https:\/\/stoic-curie.212-227-153-4.plesk.page\/de\/wp-json\/wp\/v2\/media\/5941855"}],"wp:attachment":[{"href":"https:\/\/stoic-curie.212-227-153-4.plesk.page\/de\/wp-json\/wp\/v2\/media?parent=734839"}],"wp:term":[{"taxonomy":"product_brand","embeddable":true,"href":"https:\/\/stoic-curie.212-227-153-4.plesk.page\/de\/wp-json\/wp\/v2\/product_brand?post=734839"},{"taxonomy":"product_cat","embeddable":true,"href":"https:\/\/stoic-curie.212-227-153-4.plesk.page\/de\/wp-json\/wp\/v2\/product_cat?post=734839"},{"taxonomy":"product_tag","embeddable":true,"href":"https:\/\/stoic-curie.212-227-153-4.plesk.page\/de\/wp-json\/wp\/v2\/product_tag?post=734839"}],"curies":[{"name":"wp","href":"https:\/\/api.w.org\/{rel}","templated":true}]}}