{"id":734842,"date":"2025-03-03T16:25:23","date_gmt":"2025-03-03T15:25:23","guid":{"rendered":"https:\/\/stoic-curie.212-227-153-4.plesk.page\/producto\/weisser-sitz-t-278fr-fuer-tecma-silence\/"},"modified":"2026-02-24T23:34:56","modified_gmt":"2026-02-24T23:34:56","slug":"weisser-sitz-t-278fr-fuer-tecma-silence","status":"publish","type":"product","link":"https:\/\/stoic-curie.212-227-153-4.plesk.page\/de\/product\/weisser-sitz-t-278fr-fuer-tecma-silence\/","title":{"rendered":"Wei\u00dfer Sitz T-278FR f\u00fcr Tecma Silence"},"content":{"rendered":"<p>Wei\u00dfer Sitz T-278FR f\u00fcr Tecma Silence &#8211; <\/p>\n<p>Die Design (Breeze) und Flexi (Silence, Elegance) Toilettensitz- und Scharnierserien. PE: Klassischer und robuster Polyester-Sitz mit sichtbarem Deckel und Sitz. TE: Moderner und leichter Thermoset-Sitz mit einem Deckel, der den Sitz versteckt. Sanftes Schlie\u00dfen: Scharniere mit D\u00e4mpfersystem, um Sch\u00e4den und L\u00e4rm zu vermeiden.<\/p>\n","protected":false},"excerpt":{"rendered":"<p>Wei\u00dfer Sitz T-278FR f\u00fcr Tecma Silence &#8211; Die Design (Breeze) und Flexi (Silence, Elegance) Toilettensitz- und Scharnierserien. PE: Klassischer und<\/p>\n","protected":false},"featured_media":5941864,"comment_status":"open","ping_status":"closed","template":"","meta":[],"product_brand":[3470],"product_cat":[1388],"product_tag":[],"class_list":{"0":"post-734842","1":"product","2":"type-product","3":"status-publish","4":"has-post-thumbnail","6":"product_brand-tecma-de","7":"product_cat-marine-wcs","9":"first","10":"instock","11":"shipping-taxable","12":"purchasable","13":"product-type-simple"},"_links":{"self":[{"href":"https:\/\/stoic-curie.212-227-153-4.plesk.page\/de\/wp-json\/wp\/v2\/product\/734842","targetHints":{"allow":["GET"]}}],"collection":[{"href":"https:\/\/stoic-curie.212-227-153-4.plesk.page\/de\/wp-json\/wp\/v2\/product"}],"about":[{"href":"https:\/\/stoic-curie.212-227-153-4.plesk.page\/de\/wp-json\/wp\/v2\/types\/product"}],"replies":[{"embeddable":true,"href":"https:\/\/stoic-curie.212-227-153-4.plesk.page\/de\/wp-json\/wp\/v2\/comments?post=734842"}],"version-history":[{"count":0,"href":"https:\/\/stoic-curie.212-227-153-4.plesk.page\/de\/wp-json\/wp\/v2\/product\/734842\/revisions"}],"wp:featuredmedia":[{"embeddable":true,"href":"https:\/\/stoic-curie.212-227-153-4.plesk.page\/de\/wp-json\/wp\/v2\/media\/5941864"}],"wp:attachment":[{"href":"https:\/\/stoic-curie.212-227-153-4.plesk.page\/de\/wp-json\/wp\/v2\/media?parent=734842"}],"wp:term":[{"taxonomy":"product_brand","embeddable":true,"href":"https:\/\/stoic-curie.212-227-153-4.plesk.page\/de\/wp-json\/wp\/v2\/product_brand?post=734842"},{"taxonomy":"product_cat","embeddable":true,"href":"https:\/\/stoic-curie.212-227-153-4.plesk.page\/de\/wp-json\/wp\/v2\/product_cat?post=734842"},{"taxonomy":"product_tag","embeddable":true,"href":"https:\/\/stoic-curie.212-227-153-4.plesk.page\/de\/wp-json\/wp\/v2\/product_tag?post=734842"}],"curies":[{"name":"wp","href":"https:\/\/api.w.org\/{rel}","templated":true}]}}