{"id":734850,"date":"2025-03-03T16:25:25","date_gmt":"2025-03-03T15:25:25","guid":{"rendered":"https:\/\/stoic-curie.212-227-153-4.plesk.page\/producto\/motor-kuehlpumpe-johnson-f7b-9-10-24277-03\/"},"modified":"2026-02-24T23:34:56","modified_gmt":"2026-02-24T23:34:56","slug":"motor-kuehlpumpe-johnson-f7b-9-10-24277-03","status":"publish","type":"product","link":"https:\/\/stoic-curie.212-227-153-4.plesk.page\/de\/product\/motor-kuehlpumpe-johnson-f7b-9-10-24277-03\/","title":{"rendered":"Motor-K\u00fchlpumpe Johnson F7B-9 (10-24277-03)"},"content":{"rendered":"<p>Motor-K\u00fchlpumpe Johnson F7B-9 (10-24277-03) &#8211; <\/p>\n<p>Bronzefarbene Neopren-K\u00fchlpumpe mit ungewindeten Anschl\u00fcssen und O-Ring-Verbindung. Johnson Ref 10-24277-03 AQAD30A\/31A\/40A\/40B\/41A AQD40A\/41A D41A\/41B MD31\/31A\/40A TAMD31\/31A\/31B\/41\/41A\/41B TMD31\/31A\/31B\/40A\/40B\/40C\/41A\/41B<\/p>\n","protected":false},"excerpt":{"rendered":"<p>Motor-K\u00fchlpumpe Johnson F7B-9 (10-24277-03) &#8211; Bronzefarbene Neopren-K\u00fchlpumpe mit ungewindeten Anschl\u00fcssen und O-Ring-Verbindung. Johnson Ref 10-24277-03 AQAD30A\/31A\/40A\/40B\/41A AQD40A\/41A D41A\/41B MD31\/31A\/40A TAMD31\/31A\/31B\/41\/41A\/41B<\/p>\n","protected":false},"featured_media":5941892,"comment_status":"open","ping_status":"closed","template":"","meta":[],"product_brand":[3045],"product_cat":[1542,1522],"product_tag":[],"class_list":{"0":"post-734850","1":"product","2":"type-product","3":"status-publish","4":"has-post-thumbnail","6":"product_brand-johnson-marine-de","7":"product_cat-marine-ersatzteile-fuer-volvo-penta","8":"product_cat-motorkuehlpumpen","10":"first","11":"instock","12":"shipping-taxable","13":"purchasable","14":"product-type-simple"},"_links":{"self":[{"href":"https:\/\/stoic-curie.212-227-153-4.plesk.page\/de\/wp-json\/wp\/v2\/product\/734850","targetHints":{"allow":["GET"]}}],"collection":[{"href":"https:\/\/stoic-curie.212-227-153-4.plesk.page\/de\/wp-json\/wp\/v2\/product"}],"about":[{"href":"https:\/\/stoic-curie.212-227-153-4.plesk.page\/de\/wp-json\/wp\/v2\/types\/product"}],"replies":[{"embeddable":true,"href":"https:\/\/stoic-curie.212-227-153-4.plesk.page\/de\/wp-json\/wp\/v2\/comments?post=734850"}],"version-history":[{"count":0,"href":"https:\/\/stoic-curie.212-227-153-4.plesk.page\/de\/wp-json\/wp\/v2\/product\/734850\/revisions"}],"wp:featuredmedia":[{"embeddable":true,"href":"https:\/\/stoic-curie.212-227-153-4.plesk.page\/de\/wp-json\/wp\/v2\/media\/5941892"}],"wp:attachment":[{"href":"https:\/\/stoic-curie.212-227-153-4.plesk.page\/de\/wp-json\/wp\/v2\/media?parent=734850"}],"wp:term":[{"taxonomy":"product_brand","embeddable":true,"href":"https:\/\/stoic-curie.212-227-153-4.plesk.page\/de\/wp-json\/wp\/v2\/product_brand?post=734850"},{"taxonomy":"product_cat","embeddable":true,"href":"https:\/\/stoic-curie.212-227-153-4.plesk.page\/de\/wp-json\/wp\/v2\/product_cat?post=734850"},{"taxonomy":"product_tag","embeddable":true,"href":"https:\/\/stoic-curie.212-227-153-4.plesk.page\/de\/wp-json\/wp\/v2\/product_tag?post=734850"}],"curies":[{"name":"wp","href":"https:\/\/api.w.org\/{rel}","templated":true}]}}