{"id":734851,"date":"2025-03-03T16:25:25","date_gmt":"2025-03-03T15:25:25","guid":{"rendered":"https:\/\/stoic-curie.212-227-153-4.plesk.page\/producto\/kit-reparatur-fuer-pumpe-johnson-f7b-9\/"},"modified":"2026-02-24T23:34:56","modified_gmt":"2026-02-24T23:34:56","slug":"kit-reparatur-fuer-pumpe-johnson-f7b-9","status":"publish","type":"product","link":"https:\/\/stoic-curie.212-227-153-4.plesk.page\/de\/product\/kit-reparatur-fuer-pumpe-johnson-f7b-9\/","title":{"rendered":"Kit Reparatur f\u00fcr Pumpe Johnson F7b-9"},"content":{"rendered":"<p>Kit Reparatur f\u00fcr Pumpe Johnson F7b-9 &#8211; <\/p>\n<p>Wartungsset f\u00fcr Johnson K\u00fchlradpumpen. Enth\u00e4lt Impeller, Schmiermittel, Benutzerhandbuch und andere Ersatzteile, abh\u00e4ngig vom Kit.<\/p>\n","protected":false},"excerpt":{"rendered":"<p>Kit Reparatur f\u00fcr Pumpe Johnson F7b-9 &#8211; Wartungsset f\u00fcr Johnson K\u00fchlradpumpen. Enth\u00e4lt Impeller, Schmiermittel, Benutzerhandbuch und andere Ersatzteile, abh\u00e4ngig vom<\/p>\n","protected":false},"featured_media":5939135,"comment_status":"open","ping_status":"closed","template":"","meta":[],"product_brand":[3045],"product_cat":[1522],"product_tag":[],"class_list":{"0":"post-734851","1":"product","2":"type-product","3":"status-publish","4":"has-post-thumbnail","6":"product_brand-johnson-marine-de","7":"product_cat-motorkuehlpumpen","9":"first","10":"instock","11":"shipping-taxable","12":"purchasable","13":"product-type-simple"},"_links":{"self":[{"href":"https:\/\/stoic-curie.212-227-153-4.plesk.page\/de\/wp-json\/wp\/v2\/product\/734851","targetHints":{"allow":["GET"]}}],"collection":[{"href":"https:\/\/stoic-curie.212-227-153-4.plesk.page\/de\/wp-json\/wp\/v2\/product"}],"about":[{"href":"https:\/\/stoic-curie.212-227-153-4.plesk.page\/de\/wp-json\/wp\/v2\/types\/product"}],"replies":[{"embeddable":true,"href":"https:\/\/stoic-curie.212-227-153-4.plesk.page\/de\/wp-json\/wp\/v2\/comments?post=734851"}],"version-history":[{"count":0,"href":"https:\/\/stoic-curie.212-227-153-4.plesk.page\/de\/wp-json\/wp\/v2\/product\/734851\/revisions"}],"wp:featuredmedia":[{"embeddable":true,"href":"https:\/\/stoic-curie.212-227-153-4.plesk.page\/de\/wp-json\/wp\/v2\/media\/5939135"}],"wp:attachment":[{"href":"https:\/\/stoic-curie.212-227-153-4.plesk.page\/de\/wp-json\/wp\/v2\/media?parent=734851"}],"wp:term":[{"taxonomy":"product_brand","embeddable":true,"href":"https:\/\/stoic-curie.212-227-153-4.plesk.page\/de\/wp-json\/wp\/v2\/product_brand?post=734851"},{"taxonomy":"product_cat","embeddable":true,"href":"https:\/\/stoic-curie.212-227-153-4.plesk.page\/de\/wp-json\/wp\/v2\/product_cat?post=734851"},{"taxonomy":"product_tag","embeddable":true,"href":"https:\/\/stoic-curie.212-227-153-4.plesk.page\/de\/wp-json\/wp\/v2\/product_tag?post=734851"}],"curies":[{"name":"wp","href":"https:\/\/api.w.org\/{rel}","templated":true}]}}