{"id":734853,"date":"2025-03-03T16:25:25","date_gmt":"2025-03-03T15:25:25","guid":{"rendered":"https:\/\/stoic-curie.212-227-153-4.plesk.page\/producto\/schwimmbordplattform-350x450-mm-mit-3-stufiger-leiter\/"},"modified":"2026-02-24T23:34:56","modified_gmt":"2026-02-24T23:34:56","slug":"schwimmbordplattform-350x450-mm-mit-3-stufiger-leiter","status":"publish","type":"product","link":"https:\/\/stoic-curie.212-227-153-4.plesk.page\/de\/product\/schwimmbordplattform-350x450-mm-mit-3-stufiger-leiter\/","title":{"rendered":"Schwimmbordplattform 350&#215;450 mm mit 3-stufiger Leiter"},"content":{"rendered":"<p>Schwimmbordplattform 350&#215;450 mm mit 3-stufiger Leiter &#8211; <\/p>\n<p>Edelstahl-Transom-Plattform mit Polymer-Basis und einer Teleskopleiter mit 3 Stufen. Doppelter \u00d822 Handlaufst\u00fctze f\u00fcr einen sicheren Zugang.<\/p>\n","protected":false},"excerpt":{"rendered":"<p>Schwimmbordplattform 350&#215;450 mm mit 3-stufiger Leiter &#8211; Edelstahl-Transom-Plattform mit Polymer-Basis und einer Teleskopleiter mit 3 Stufen. Doppelter \u00d822 Handlaufst\u00fctze f\u00fcr<\/p>\n","protected":false},"featured_media":5941896,"comment_status":"open","ping_status":"closed","template":"","meta":[],"product_brand":[3490],"product_cat":[1327,1407],"product_tag":[],"class_list":{"0":"post-734853","1":"product","2":"type-product","3":"status-publish","4":"has-post-thumbnail","6":"product_brand-trem-de","7":"product_cat-boots-badeplattformen","8":"product_cat-heckplattformen","10":"first","11":"instock","12":"shipping-taxable","13":"purchasable","14":"product-type-simple"},"_links":{"self":[{"href":"https:\/\/stoic-curie.212-227-153-4.plesk.page\/de\/wp-json\/wp\/v2\/product\/734853","targetHints":{"allow":["GET"]}}],"collection":[{"href":"https:\/\/stoic-curie.212-227-153-4.plesk.page\/de\/wp-json\/wp\/v2\/product"}],"about":[{"href":"https:\/\/stoic-curie.212-227-153-4.plesk.page\/de\/wp-json\/wp\/v2\/types\/product"}],"replies":[{"embeddable":true,"href":"https:\/\/stoic-curie.212-227-153-4.plesk.page\/de\/wp-json\/wp\/v2\/comments?post=734853"}],"version-history":[{"count":0,"href":"https:\/\/stoic-curie.212-227-153-4.plesk.page\/de\/wp-json\/wp\/v2\/product\/734853\/revisions"}],"wp:featuredmedia":[{"embeddable":true,"href":"https:\/\/stoic-curie.212-227-153-4.plesk.page\/de\/wp-json\/wp\/v2\/media\/5941896"}],"wp:attachment":[{"href":"https:\/\/stoic-curie.212-227-153-4.plesk.page\/de\/wp-json\/wp\/v2\/media?parent=734853"}],"wp:term":[{"taxonomy":"product_brand","embeddable":true,"href":"https:\/\/stoic-curie.212-227-153-4.plesk.page\/de\/wp-json\/wp\/v2\/product_brand?post=734853"},{"taxonomy":"product_cat","embeddable":true,"href":"https:\/\/stoic-curie.212-227-153-4.plesk.page\/de\/wp-json\/wp\/v2\/product_cat?post=734853"},{"taxonomy":"product_tag","embeddable":true,"href":"https:\/\/stoic-curie.212-227-153-4.plesk.page\/de\/wp-json\/wp\/v2\/product_tag?post=734853"}],"curies":[{"name":"wp","href":"https:\/\/api.w.org\/{rel}","templated":true}]}}