{"id":734861,"date":"2025-03-03T16:25:27","date_gmt":"2025-03-03T15:25:27","guid":{"rendered":"https:\/\/stoic-curie.212-227-153-4.plesk.page\/producto\/ultraflex-b501-schwarz-mit-trim\/"},"modified":"2026-02-24T23:34:57","modified_gmt":"2026-02-24T23:34:57","slug":"ultraflex-b501-schwarz-mit-trim","status":"publish","type":"product","link":"https:\/\/stoic-curie.212-227-153-4.plesk.page\/de\/product\/ultraflex-b501-schwarz-mit-trim\/","title":{"rendered":"Ultraflex B501 Schwarz mit Trim"},"content":{"rendered":"<p>Ultraflex B501 Schwarz mit Trim &#8211; <\/p>\n<p style=\"color: rgb(34, 34, 34); font-family: Arial, Helvetica, sans-serif; font-size: small;\">Der Ultraflex B501 Einzelgashebel bietet eine reibungslose und pr\u00e4zise Steuerung der Gas- und R\u00fcckw\u00e4rtsfunktionen. Dieser oben montierte Hebel verf\u00fcgt \u00fcber ein doppeltwirkendes Design, das sich ideal f\u00fcr die Fernbedienung sowohl in Ein- als auch in Zweimotorenanlagen eignet. Sie k\u00f6nnen zwischen schwarzem oder verchromtem Finish w\u00e4hlen, mit Optionen f\u00fcr Trimmschaltung und Neutralverriegelung, die sich f\u00fcr verschiedene Bootskonfigurationen eignen.<\/p>\n<p style=\"color: rgb(34, 34, 34); font-family: Arial, Helvetica, sans-serif; font-size: small;\">Bei Installationen mit zwei Motoren erm\u00f6glicht der B501 die Steuerung beider Hebel mit einem einzigen Knopf. Er ist kompatibel mit allen Ultraflex Antriebskabeln, und wir liefern ein Set von Adaptern f\u00fcr die meisten Kabeltypen. Ein Sicherheitsschalter sorgt daf\u00fcr, dass der Motor nur im Leerlauf gestartet werden kann, was die Sicherheit erh\u00f6ht.<\/p>\n<p style=\"color: rgb(34, 34, 34); font-family: Arial, Helvetica, sans-serif; font-size: small;\"><strong>Hauptmerkmale:<\/strong><\/p>\n<ul style=\"color: rgb(34, 34, 34); font-family: Arial, Helvetica, sans-serif; font-size: small;\">\n<li>Einarmiges, doppeltwirkendes Design f\u00fcr Gas- und R\u00fcckw\u00e4rtssteuerung<\/li>\n<li>Verf\u00fcgbar mit oder ohne Trimmschaltung<\/li>\n<li>Neutralverriegelung f\u00fcr erh\u00f6hte Sicherheit<\/li>\n<li>Kompatibel mit allen Ultraflex Antriebskabeln<\/li>\n<li>Ein Knopf steuert beide Hebel bei Zweimotoreninstallationen<\/li>\n<li>Sicherheitsschalter (45.012.00) verhindert den Motorstart, es sei denn, er befindet sich im Leerlauf<\/li>\n<\/ul>\n<p style=\"color: rgb(34, 34, 34); font-family: Arial, Helvetica, sans-serif; font-size: small;\"><strong>Verf\u00fcgbare Modelle und Modifikationen:<\/strong><\/p>\n<ul style=\"color: rgb(34, 34, 34); font-family: Arial, Helvetica, sans-serif; font-size: small;\">\n<li>Schwarz &#8211; Mit Trimmschaltung &#8211; Mit Neutralverriegelung: B501BT\/L<\/li>\n<li>Chrom &#8211; Mit Trimmschaltung &#8211; Mit Neutralverriegelung: B501CHT\/L<\/li>\n<\/ul>\n<p style=\"color: rgb(34, 34, 34); font-family: Arial, Helvetica, sans-serif; font-size: small;\"><strong>Kabelkompatibilit\u00e4t:<\/strong><\/p>\n<ul style=\"color: rgb(34, 34, 34); font-family: Arial, Helvetica, sans-serif; font-size: small;\">\n<li>C14 Kabel: Kein Adapter erforderlich<\/li>\n<li>C2, C8, MACH0 Kabel: K59 Adapter im Lieferumfang enthalten<\/li>\n<li>C5, C16, MACH5 Kabel: K60 Adapter erforderlich<\/li>\n<li>C36, MACH36 Kabel: K62 Adapter erforderlich<\/li>\n<\/ul>\n<p style=\"color: rgb(34, 34, 34); font-family: Arial, Helvetica, sans-serif; font-size: small;\">Diese Steuerungen sind f\u00fcr Effizienz ausgelegt, verbessern die Funktionalit\u00e4t von Steuersystemen und machen Ihr Boot einfacher zu bedienen. Die Einhebel-\/Doppelaktionssteuerung erm\u00f6glicht eine nahtlose Gas- und Gangwechseloperation, geeignet f\u00fcr jedes Boot mit einem Inboard-Motor. Sie verhindert auch ein versehentliches Einkuppeln, was sicheres Schalten im Leerlauf gew\u00e4hrleistet.<\/p>\n<p style=\"color: rgb(34, 34, 34); font-family: Arial, Helvetica, sans-serif; font-size: small;\"><strong>Zus\u00e4tzliche Merkmale:<\/strong><\/p>\n<ul style=\"color: rgb(34, 34, 34); font-family: Arial, Helvetica, sans-serif; font-size: small;\">\n<li>Das Geh\u00e4use besteht aus hochbelastbarem ABS, mit Druckgusshebeln in zwei Varianten:\n<ul>\n<li>Verchromtes Geh\u00e4use und Hebel<\/li>\n<li>Grau-metallisches Geh\u00e4use und Hebel<\/li>\n<\/ul>\n<\/li>\n<li>Push-Button-Entkupplung f\u00fcr Motorw\u00e4rmung<\/li>\n<li>Optionaler X12 \u2013 34543Q Neutralen Sicherheits-Schalter verhindert das Starten im Gang<\/li>\n<li>\u00dcbertrifft die EN ISO 11547 Standards bei eingebautem X12 Sicherheitsschalter<\/li>\n<li>Kompatibel mit allen Ultraflex Steuerkabeln:\n<ul>\n<li>C14 und MACH14 Kabel erfordern kein Kit<\/li>\n<li>C2, C8 und MACHZero Kabel beinhalten Verbindungskit K59 \u2013 40144C<\/li>\n<li>C5, C16 und MACH5 Kabel erfordern K60 Kit \u2013 40145E<\/li>\n<li>C36 und MACH36 Kabel erfordern K62 Kit \u2013 40157J<\/li>\n<li>C22 Kabel erfordert K61 Kit \u2013 40146G<\/li>\n<\/ul>\n<\/li>\n<\/ul>\n","protected":false},"excerpt":{"rendered":"<p>Ultraflex B501 Schwarz mit Trim &#8211; Der Ultraflex B501 Einzelgashebel bietet eine reibungslose und pr\u00e4zise Steuerung der Gas- und R\u00fcckw\u00e4rtsfunktionen.<\/p>\n","protected":false},"featured_media":5941903,"comment_status":"open","ping_status":"closed","template":"","meta":[],"product_brand":[3500],"product_cat":[1504],"product_tag":[],"class_list":{"0":"post-734861","1":"product","2":"type-product","3":"status-publish","4":"has-post-thumbnail","6":"product_brand-ultraflex-uflex-de","7":"product_cat-morse-hebelsteuerungen","9":"first","10":"instock","11":"shipping-taxable","12":"purchasable","13":"product-type-simple"},"_links":{"self":[{"href":"https:\/\/stoic-curie.212-227-153-4.plesk.page\/de\/wp-json\/wp\/v2\/product\/734861","targetHints":{"allow":["GET"]}}],"collection":[{"href":"https:\/\/stoic-curie.212-227-153-4.plesk.page\/de\/wp-json\/wp\/v2\/product"}],"about":[{"href":"https:\/\/stoic-curie.212-227-153-4.plesk.page\/de\/wp-json\/wp\/v2\/types\/product"}],"replies":[{"embeddable":true,"href":"https:\/\/stoic-curie.212-227-153-4.plesk.page\/de\/wp-json\/wp\/v2\/comments?post=734861"}],"version-history":[{"count":0,"href":"https:\/\/stoic-curie.212-227-153-4.plesk.page\/de\/wp-json\/wp\/v2\/product\/734861\/revisions"}],"wp:featuredmedia":[{"embeddable":true,"href":"https:\/\/stoic-curie.212-227-153-4.plesk.page\/de\/wp-json\/wp\/v2\/media\/5941903"}],"wp:attachment":[{"href":"https:\/\/stoic-curie.212-227-153-4.plesk.page\/de\/wp-json\/wp\/v2\/media?parent=734861"}],"wp:term":[{"taxonomy":"product_brand","embeddable":true,"href":"https:\/\/stoic-curie.212-227-153-4.plesk.page\/de\/wp-json\/wp\/v2\/product_brand?post=734861"},{"taxonomy":"product_cat","embeddable":true,"href":"https:\/\/stoic-curie.212-227-153-4.plesk.page\/de\/wp-json\/wp\/v2\/product_cat?post=734861"},{"taxonomy":"product_tag","embeddable":true,"href":"https:\/\/stoic-curie.212-227-153-4.plesk.page\/de\/wp-json\/wp\/v2\/product_tag?post=734861"}],"curies":[{"name":"wp","href":"https:\/\/api.w.org\/{rel}","templated":true}]}}