{"id":734862,"date":"2025-03-03T16:25:27","date_gmt":"2025-03-03T15:25:27","guid":{"rendered":"https:\/\/stoic-curie.212-227-153-4.plesk.page\/producto\/ultraflex-b502-schwarz-doppelzimmer-mit-trim\/"},"modified":"2026-02-24T23:34:57","modified_gmt":"2026-02-24T23:34:57","slug":"ultraflex-b502-schwarz-doppelzimmer-mit-trim","status":"publish","type":"product","link":"https:\/\/stoic-curie.212-227-153-4.plesk.page\/de\/product\/ultraflex-b502-schwarz-doppelzimmer-mit-trim\/","title":{"rendered":"Ultraflex B502 Schwarz Doppelzimmer mit Trim"},"content":{"rendered":"<p>Ultraflex B502 Schwarz Doppelzimmer mit Trim &#8211; <\/p>\n<p>Das B502-Dual-Controlsystem von ULTRAFLEX \u00fcberzeugt durch ein zeitgem\u00e4\u00dfes und stilvolles Design und ist mit weit verbreiteten Motoren, wie den Generation 1 Mercruiser und Mercury Motoren, kompatibel.<\/p>\n<p><strong>Abmessungen:<\/strong><\/p>\n<ul>\n<li>Installationsabmessungen: 151,5 x 120 mm<\/li>\n<li>Installationstiefe (ohne Steuerkabel): 195 mm<\/li>\n<li>Lochdurchmesser: 5,2 mm<\/li>\n<\/ul>\n<p>Diese Steuerungen legen Wert auf Effizienz, indem sie die Funktionalit\u00e4t von Steuersystemen verbessern und das Bootsfahrerlebnis vereinfachen. Die Einhebel-\/Doppelaktionssteuerung erm\u00f6glicht es Ihnen, sowohl Gas als auch Gangwechsel sowie Trim- und Sperrfunktionen zu steuern.<\/p>\n<p>Sie haben die M\u00f6glichkeit, den Trim beider Motoren gleichzeitig zu steuern oder den Trim f\u00fcr jeden Motor separat anzupassen. Dieses Steuersystem ist ideal f\u00fcr jedes Schiff, das mit Au\u00dfenbord- oder I\/O-Antriebssystemen ausgestattet ist, und garantiert sicheres Schalten, indem es ein unbeabsichtigtes Einlegen des Gangs verhindert, sofern der Motor nicht im Leerlauf ist.<\/p>\n<p><strong>Hauptmerkmale:<\/strong><\/p>\n<ul>\n<li>Das Geh\u00e4use besteht aus hochbest\u00e4ndigem ABS, mit druckgegossenen Hebeln in zwei Ausf\u00fchrungen:\n<ul>\n<li>Verchromt<\/li>\n<li>Gun Metal<\/li>\n<\/ul>\n<\/li>\n<li>Eine Drucktastenfunktion erm\u00f6glicht das Ausschalten des Gangs w\u00e4hrend des Motorwarmlaufs.<\/li>\n<li>Der optionale X12 \u2013 34543Q Neutral-Sicherheitsschalter verhindert, dass der Motor im eingelegten Gang gestartet wird.<\/li>\n<li>\u00dcberschreitet die EN ISO 11547-Normen bei Verwendung des X12-Sicherheitsschalters.<\/li>\n<li>Kompatibel mit allen Ultraflex-Steuerkabeln:\n<ul>\n<li>C14- und MACH14-Kabel ben\u00f6tigen kein zus\u00e4tzliches Kit.<\/li>\n<li>C2, C8 und MACHZero-Kabel kommen mit dem Verbindungsset K59 \u2013 40144C.<\/li>\n<li>C5, C16 und MACH5-Kabel ben\u00f6tigen das Kit K60 \u2013 40145E.<\/li>\n<li>C36 und MACH36-Kabel ben\u00f6tigen das Kit K62 \u2013 40157J.<\/li>\n<li>C22-Kabel ben\u00f6tigen das Kit K61 \u2013 40146G.<\/li>\n<\/ul>\n<\/li>\n<\/ul>\n<p><strong>Spezifikationen:<\/strong><\/p>\n<ul>\n<li>Steuerungstyp: Einhebel<\/li>\n<li>Steuerungsaktion: Doppelaktion<\/li>\n<li>Montage: Oben<\/li>\n<li>Anwendung: Au\u00dfenbord- und Sterndrive-Motoren<\/li>\n<li>Geh\u00e4usematerial: Hochbest\u00e4ndiges ABS<\/li>\n<li>Hebel: Druckguss<\/li>\n<li>Verf\u00fcgbare Farben: Verchromt; Gun Metal<\/li>\n<li>Version: Vollmechanisch<\/li>\n<li>Verstellbare Reibung: Ja<\/li>\n<li>Motorwarmlauf-Taste: Ja<\/li>\n<li>Positiver Ganghalt im Leerlauf: Ja<\/li>\n<li>Doppelte Steuerung mit Trim: Ja, kann gleichzeitig oder unabh\u00e4ngig betrieben werden<\/li>\n<li>X12-Neutral-Sicherheitsschalter: Optional<\/li>\n<li>EN ISO 11547-Konformit\u00e4t: Ja, mit installiertem X12-Sicherheitsschalter<\/li>\n<li>Kompatible Steuerkabel: C14, MACH14<\/li>\n<li>Steuerkabel, die Verbindungss\u00e4tze ben\u00f6tigen: C2, C8, MACHZero (K59 enthalten); C5, C16, MACH5 (K60); C36, MACH36 (K62); C22 (K61)<\/li>\n<\/ul>\n<p>Dieses Steuersystem verbessert Ihr Bootserlebnis erheblich durch sein innovatives Design und seine zuverl\u00e4ssige Leistung.<\/p>\n","protected":false},"excerpt":{"rendered":"<p>Ultraflex B502 Schwarz Doppelzimmer mit Trim &#8211; Das B502-Dual-Controlsystem von ULTRAFLEX \u00fcberzeugt durch ein zeitgem\u00e4\u00dfes und stilvolles Design und ist<\/p>\n","protected":false},"featured_media":5941908,"comment_status":"open","ping_status":"closed","template":"","meta":[],"product_brand":[3500],"product_cat":[1504],"product_tag":[],"class_list":{"0":"post-734862","1":"product","2":"type-product","3":"status-publish","4":"has-post-thumbnail","6":"product_brand-ultraflex-uflex-de","7":"product_cat-morse-hebelsteuerungen","9":"first","10":"instock","11":"shipping-taxable","12":"purchasable","13":"product-type-simple"},"_links":{"self":[{"href":"https:\/\/stoic-curie.212-227-153-4.plesk.page\/de\/wp-json\/wp\/v2\/product\/734862","targetHints":{"allow":["GET"]}}],"collection":[{"href":"https:\/\/stoic-curie.212-227-153-4.plesk.page\/de\/wp-json\/wp\/v2\/product"}],"about":[{"href":"https:\/\/stoic-curie.212-227-153-4.plesk.page\/de\/wp-json\/wp\/v2\/types\/product"}],"replies":[{"embeddable":true,"href":"https:\/\/stoic-curie.212-227-153-4.plesk.page\/de\/wp-json\/wp\/v2\/comments?post=734862"}],"version-history":[{"count":0,"href":"https:\/\/stoic-curie.212-227-153-4.plesk.page\/de\/wp-json\/wp\/v2\/product\/734862\/revisions"}],"wp:featuredmedia":[{"embeddable":true,"href":"https:\/\/stoic-curie.212-227-153-4.plesk.page\/de\/wp-json\/wp\/v2\/media\/5941908"}],"wp:attachment":[{"href":"https:\/\/stoic-curie.212-227-153-4.plesk.page\/de\/wp-json\/wp\/v2\/media?parent=734862"}],"wp:term":[{"taxonomy":"product_brand","embeddable":true,"href":"https:\/\/stoic-curie.212-227-153-4.plesk.page\/de\/wp-json\/wp\/v2\/product_brand?post=734862"},{"taxonomy":"product_cat","embeddable":true,"href":"https:\/\/stoic-curie.212-227-153-4.plesk.page\/de\/wp-json\/wp\/v2\/product_cat?post=734862"},{"taxonomy":"product_tag","embeddable":true,"href":"https:\/\/stoic-curie.212-227-153-4.plesk.page\/de\/wp-json\/wp\/v2\/product_tag?post=734862"}],"curies":[{"name":"wp","href":"https:\/\/api.w.org\/{rel}","templated":true}]}}