{"id":734870,"date":"2025-03-03T16:25:28","date_gmt":"2025-03-03T15:25:28","guid":{"rendered":"https:\/\/stoic-curie.212-227-153-4.plesk.page\/producto\/kit-trimmklappen-klappen-bennet-129-300-x-230-mm\/"},"modified":"2026-02-24T23:34:57","modified_gmt":"2026-02-24T23:34:57","slug":"kit-trimmklappen-klappen-bennet-129-300-x-230-mm","status":"publish","type":"product","link":"https:\/\/stoic-curie.212-227-153-4.plesk.page\/de\/product\/kit-trimmklappen-klappen-bennet-129-300-x-230-mm\/","title":{"rendered":"Kit Trimmklappen Bennett Bolt 129"},"content":{"rendered":"<p>Kit Trimmklappen Bennett Bolt 129 &#8211; <\/p>\n<p style=\"color: rgb(34, 34, 34); font-family: Arial, Helvetica, sans-serif; font-size: small;\">Wir stellen das Bennett 12 x 9 Trim Tab System vor, ein elektrisches 12V Trim Tab Set, das zwei Aktuatoren und zwei Edelstahl-Tabs umfasst. Dieses System wurde f\u00fcr Boote mit einer L\u00e4nge von 5,8 bis 7,3 Metern entwickelt. Bitte beachten Sie, dass das Steuerpanel separat bestellt werden muss.<\/p>\n<p style=\"color: rgb(34, 34, 34); font-family: Arial, Helvetica, sans-serif; font-size: small;\"><strong>Bennett Elektrische Trim Tab Sets ohne Steuerungen<\/strong><\/p>\n<ul style=\"color: rgb(34, 34, 34); font-family: Arial, Helvetica, sans-serif; font-size: small;\">\n<li><strong>Modell:<\/strong>&nbsp;BOLT129<\/li>\n<\/ul>\n<p style=\"color: rgb(34, 34, 34); font-family: Arial, Helvetica, sans-serif; font-size: small;\">Dieses System verf\u00fcgt \u00fcber verdeckte Verkabelung, die durch das obere Scharnier gesch\u00fctzt ist, sodass keine freiliegenden Kabel vorhanden sind, die anf\u00e4llig f\u00fcr die marinen Bedingungen sind. Der robuste, wasserdichte schwarze Nylon-Aktuator garantiert einen zuverl\u00e4ssigen Betrieb. Die Hauptdichtung ist hoch positioniert, um marines Wachstum und Wassereinbruchsfehler zu verhindern. Dar\u00fcber hinaus arbeitet dieses System leiser als alle anderen auf dem Markt, sodass Sie Ihre Zeit auf dem Wasser genie\u00dfen k\u00f6nnen, ohne die Fische zu st\u00f6ren.<\/p>\n<p style=\"color: rgb(34, 34, 34); font-family: Arial, Helvetica, sans-serif; font-size: small;\">Die Installation ist schnell und einfach, ohne dass Teile des Aktuators zerlegt werden m\u00fcssen. Bootsfahrer k\u00f6nnen nun von einem strapazierf\u00e4higen und zuverl\u00e4ssigen elektrischen Trim Tab System profitieren, das f\u00fcr Boote von 17 bis 28 Fu\u00df ausgelegt ist.<\/p>\n<p style=\"color: rgb(34, 34, 34); font-family: Arial, Helvetica, sans-serif; font-size: small;\">Bennett Marine hat 1960 das elektrische Trim Tab entwickelt und f\u00fchrt die Branche weiterhin mit diesem innovativen elektrischen Trim Tab System an, das darauf ausgelegt ist, andere elektrische Systeme in Leistung und Langlebigkeit zu \u00fcbertreffen. Im Gegensatz zu \u00e4lteren elektrischen Systemen, die auf veralteter Technologie basieren, kombiniert das BOLT Electric System fortschrittliche Technologie mit einem stabilen, wasserdichten Aktuator. Diese neue &#8220;Superior by Design&#8221;-Technologie adressiert die h\u00e4ufigen Probleme \u00e4lterer Systeme, wie Br\u00fcche und Wassereinbr\u00fcche, die durch Konstruktionsfehler und marines Wachstum verursacht werden.<\/p>\n<p style=\"color: rgb(34, 34, 34); font-family: Arial, Helvetica, sans-serif; font-size: small;\">W\u00e4hrend Bennett hydraulische Trim Tabs f\u00fcr die meisten Anwendungen empfiehlt, sind elektrische Trim Tab Systeme geeignet f\u00fcr:<\/p>\n<ul style=\"color: rgb(34, 34, 34); font-family: Arial, Helvetica, sans-serif; font-size: small;\">\n<li>Aufeinander abgestimmte Boote von 17 bis 28 Fu\u00df<\/li>\n<li>Einzelaktuatorverwendung, da es nicht m\u00f6glich ist, zwei elektrische Aktuatoren am selben Tab zu synchronisieren<\/li>\n<\/ul>\n<p style=\"color: rgb(34, 34, 34); font-family: Arial, Helvetica, sans-serif; font-size: small;\">Um das System abzuschlie\u00dfen, ist eine der folgenden Steuerungen erforderlich:<\/p>\n<ul style=\"color: rgb(34, 34, 34); font-family: Arial, Helvetica, sans-serif; font-size: small;\">\n<li><strong>BRC4000<\/strong>&nbsp;&#8211; Bolt Rocker Schalter<\/li>\n<li><strong>BCN6000<\/strong>&nbsp;&#8211; Bolt Steuerung &#8211; Ohne Anzeige<\/li>\n<li><strong>BCI8000<\/strong>&nbsp;&#8211; Bolt Steuerung &#8211; Mit Anzeige<\/li>\n<\/ul>\n<p style=\"color: rgb(34, 34, 34); font-family: Arial, Helvetica, sans-serif; font-size: small;\"><strong>Was ist in der Box:<\/strong><\/p>\n<ul style=\"color: rgb(34, 34, 34); font-family: Arial, Helvetica, sans-serif; font-size: small;\">\n<li>Zwei 12-Volt-Aktuatoren mit 6 Fu\u00df Kabelbaum und wasserdichten Steckverbindern<\/li>\n<li>Zwei Edelstahl-Trimmfl\u00e4chen und Montageschalen<\/li>\n<li>20 Fu\u00df Kabelbaum mit wasserdichten Steckverbindern<\/li>\n<\/ul>\n<p style=\"color: rgb(34, 34, 34); font-family: Arial, Helvetica, sans-serif; font-size: small;\">Erleben Sie die Zuverl\u00e4ssigkeit und Leistung des Bennett 12 x 9 Trim Tab Systems f\u00fcr Ihre Bootstouren.<\/p>\n","protected":false},"excerpt":{"rendered":"<p>Kit Trimmklappen Bennett Bolt 129 &#8211; Wir stellen das Bennett 12 x 9 Trim Tab System vor, ein elektrisches 12V<\/p>\n","protected":false},"featured_media":5941929,"comment_status":"open","ping_status":"closed","template":"","meta":[],"product_brand":[2820],"product_cat":[1519],"product_tag":[],"class_list":{"0":"post-734870","1":"product","2":"type-product","3":"status-publish","4":"has-post-thumbnail","6":"product_brand-bennett-marine-de","7":"product_cat-trimklappen","9":"first","10":"instock","11":"shipping-taxable","12":"purchasable","13":"product-type-simple"},"_links":{"self":[{"href":"https:\/\/stoic-curie.212-227-153-4.plesk.page\/de\/wp-json\/wp\/v2\/product\/734870","targetHints":{"allow":["GET"]}}],"collection":[{"href":"https:\/\/stoic-curie.212-227-153-4.plesk.page\/de\/wp-json\/wp\/v2\/product"}],"about":[{"href":"https:\/\/stoic-curie.212-227-153-4.plesk.page\/de\/wp-json\/wp\/v2\/types\/product"}],"replies":[{"embeddable":true,"href":"https:\/\/stoic-curie.212-227-153-4.plesk.page\/de\/wp-json\/wp\/v2\/comments?post=734870"}],"version-history":[{"count":0,"href":"https:\/\/stoic-curie.212-227-153-4.plesk.page\/de\/wp-json\/wp\/v2\/product\/734870\/revisions"}],"wp:featuredmedia":[{"embeddable":true,"href":"https:\/\/stoic-curie.212-227-153-4.plesk.page\/de\/wp-json\/wp\/v2\/media\/5941929"}],"wp:attachment":[{"href":"https:\/\/stoic-curie.212-227-153-4.plesk.page\/de\/wp-json\/wp\/v2\/media?parent=734870"}],"wp:term":[{"taxonomy":"product_brand","embeddable":true,"href":"https:\/\/stoic-curie.212-227-153-4.plesk.page\/de\/wp-json\/wp\/v2\/product_brand?post=734870"},{"taxonomy":"product_cat","embeddable":true,"href":"https:\/\/stoic-curie.212-227-153-4.plesk.page\/de\/wp-json\/wp\/v2\/product_cat?post=734870"},{"taxonomy":"product_tag","embeddable":true,"href":"https:\/\/stoic-curie.212-227-153-4.plesk.page\/de\/wp-json\/wp\/v2\/product_tag?post=734870"}],"curies":[{"name":"wp","href":"https:\/\/api.w.org\/{rel}","templated":true}]}}