{"id":734873,"date":"2025-03-03T16:25:29","date_gmt":"2025-03-03T15:25:29","guid":{"rendered":"https:\/\/stoic-curie.212-227-153-4.plesk.page\/producto\/kit-aluminium-anoden-fuer-honda-bf-75-90-115\/"},"modified":"2026-02-24T23:34:57","modified_gmt":"2026-02-24T23:34:57","slug":"kit-aluminium-anoden-fuer-honda-bf-75-90-115","status":"publish","type":"product","link":"https:\/\/stoic-curie.212-227-153-4.plesk.page\/de\/product\/kit-aluminium-anoden-fuer-honda-bf-75-90-115\/","title":{"rendered":"Kit Aluminium-Anoden f\u00fcr Honda BF 75\/90\/115"},"content":{"rendered":"<p>Kit Aluminium-Anoden f\u00fcr Honda BF 75\/90\/115 &#8211; <\/p>\n<p>Martyr &#8220;Echter Typ&#8221; Aluminium M2 Legierung Anoden-Kit f\u00fcr Honda BF 75\/90\/115.\u00e2\u0080\u00a2 Sch\u00fctzt 50 % l\u00e4nger als traditionelle Zinkanoden.\u00e2\u0080\u00a2 Wiegt 50 % weniger als traditionelle Zinkanoden. Das Kit enth\u00e4lt: 1 x 41107ZW1B01, 1 x 06411ZW1, 2 x 41109ZW1B00<\/p>\n","protected":false},"excerpt":{"rendered":"<p>Kit Aluminium-Anoden f\u00fcr Honda BF 75\/90\/115 &#8211; Martyr &#8220;Echter Typ&#8221; Aluminium M2 Legierung Anoden-Kit f\u00fcr Honda BF 75\/90\/115.\u00e2\u0080\u00a2 Sch\u00fctzt 50<\/p>\n","protected":false},"featured_media":5941934,"comment_status":"open","ping_status":"closed","template":"","meta":[],"product_brand":[3125],"product_cat":[1538],"product_tag":[],"class_list":{"0":"post-734873","1":"product","2":"type-product","3":"status-publish","4":"has-post-thumbnail","6":"product_brand-martyr-de","7":"product_cat-marine-ersatzteile-fuer-honda","9":"first","10":"instock","11":"shipping-taxable","12":"purchasable","13":"product-type-simple"},"_links":{"self":[{"href":"https:\/\/stoic-curie.212-227-153-4.plesk.page\/de\/wp-json\/wp\/v2\/product\/734873","targetHints":{"allow":["GET"]}}],"collection":[{"href":"https:\/\/stoic-curie.212-227-153-4.plesk.page\/de\/wp-json\/wp\/v2\/product"}],"about":[{"href":"https:\/\/stoic-curie.212-227-153-4.plesk.page\/de\/wp-json\/wp\/v2\/types\/product"}],"replies":[{"embeddable":true,"href":"https:\/\/stoic-curie.212-227-153-4.plesk.page\/de\/wp-json\/wp\/v2\/comments?post=734873"}],"version-history":[{"count":0,"href":"https:\/\/stoic-curie.212-227-153-4.plesk.page\/de\/wp-json\/wp\/v2\/product\/734873\/revisions"}],"wp:featuredmedia":[{"embeddable":true,"href":"https:\/\/stoic-curie.212-227-153-4.plesk.page\/de\/wp-json\/wp\/v2\/media\/5941934"}],"wp:attachment":[{"href":"https:\/\/stoic-curie.212-227-153-4.plesk.page\/de\/wp-json\/wp\/v2\/media?parent=734873"}],"wp:term":[{"taxonomy":"product_brand","embeddable":true,"href":"https:\/\/stoic-curie.212-227-153-4.plesk.page\/de\/wp-json\/wp\/v2\/product_brand?post=734873"},{"taxonomy":"product_cat","embeddable":true,"href":"https:\/\/stoic-curie.212-227-153-4.plesk.page\/de\/wp-json\/wp\/v2\/product_cat?post=734873"},{"taxonomy":"product_tag","embeddable":true,"href":"https:\/\/stoic-curie.212-227-153-4.plesk.page\/de\/wp-json\/wp\/v2\/product_tag?post=734873"}],"curies":[{"name":"wp","href":"https:\/\/api.w.org\/{rel}","templated":true}]}}