{"id":734875,"date":"2025-03-03T16:25:29","date_gmt":"2025-03-03T15:25:29","guid":{"rendered":"https:\/\/stoic-curie.212-227-153-4.plesk.page\/producto\/vitrifrigo-kuehlschrank-c42lx-42-l-12-24v\/"},"modified":"2026-02-24T23:34:57","modified_gmt":"2026-02-24T23:34:57","slug":"vitrifrigo-kuehlschrank-c42lx-42-l-12-24v","status":"publish","type":"product","link":"https:\/\/stoic-curie.212-227-153-4.plesk.page\/de\/product\/vitrifrigo-kuehlschrank-c42lx-42-l-12-24v\/","title":{"rendered":"K\u00fchl-Gefrierkombination Vitrifrigo C42LX"},"content":{"rendered":"<p>K\u00fchl-Gefrierkombination Vitrifrigo C42LX &#8211; <\/p>\n<p style=\"color: rgb(34, 34, 34); font-family: Arial, Helvetica, sans-serif; font-size: small;\">Wir stellen den C42LX OCX2 K\u00fchlschrank-Gefrierschrank von Vitrifrigo vor, der aus langlebigem Edelstahl gefertigt ist. Dieses Modell verf\u00fcgt \u00fcber ein externes Geh\u00e4use und ist mit einer externen Danfoss-K\u00fchlungseinheit ausgestattet, die bis zu 2 Meter entfernt platziert werden kann. Die T\u00fcr ist reversibel und enth\u00e4lt eine Bel\u00fcftungsposition f\u00fcr Zeiten, in denen das Ger\u00e4t nicht in Gebrauch ist. Es kommt auch mit einer LED-Beleuchtung, einem mechanischen Thermostat und einem gleitenden Profil f\u00fcr eine einfache Installation, egal ob eingebaut oder b\u00fcndig mit der T\u00fcr.<\/p>\n<p style=\"color: rgb(34, 34, 34); font-family: Arial, Helvetica, sans-serif; font-size: small;\">Der C42LX OCX2 bietet ein Gesamtvolumen von 42 Litern, mit einem optionalen Gefrierfach von 3,6 Litern. Seine externe K\u00fchlungseinheit verbessert die Effizienz.<\/p>\n<p style=\"color: rgb(34, 34, 34); font-family: Arial, Helvetica, sans-serif; font-size: small;\">Eines der Hauptmerkmale dieses K\u00fchlschranks-Gefrierschranks ist die T\u00fcr, die \u00fcber einen positiven Schnappverschluss verf\u00fcgt, um versehentliches \u00d6ffnen zu verhindern. Dar\u00fcber hinaus enth\u00e4lt die T\u00fcr ein einzigartiges &#8220;Bel\u00fcftungsposition&#8221;-System, das in den Griff integriert ist und es erm\u00f6glicht, dass sie w\u00e4hrend der Nichtbenutzung teilweise offen bleibt. Diese Funktion hilft, Schimmel und unerw\u00fcnschte Ger\u00fcche zu vermeiden und sorgt gleichzeitig f\u00fcr eine bessere Lebensmittellagerung.<\/p>\n<p style=\"color: rgb(34, 34, 34); font-family: Arial, Helvetica, sans-serif; font-size: small;\"><strong>Technische Daten:<\/strong><\/p>\n<ul style=\"color: rgb(34, 34, 34); font-family: Arial, Helvetica, sans-serif; font-size: small;\">\n<li><strong>T\u00fcrausf\u00fchrung:<\/strong>\u00a0Edelstahl<\/li>\n<li><strong>Kapazit\u00e4t:<\/strong>\u00a042 Liter<\/li>\n<li><strong>H\u00f6he:<\/strong>\u00a0545 mm<\/li>\n<li><strong>L\u00e4nge:<\/strong>\u00a0443 mm<\/li>\n<li><strong>Tiefe:<\/strong>\u00a0380 mm<\/li>\n<li><strong>Serie:<\/strong>\u00a0OCX2<\/li>\n<li><strong>Reversible T\u00fcr:<\/strong>\u00a0Ja<\/li>\n<li><strong>Thermostat:<\/strong>\u00a0Mechanisch<\/li>\n<li><strong>K\u00e4ltetechnologie:<\/strong>\u00a0Kompressor<\/li>\n<li><strong>K\u00fchlelement:<\/strong>\u00a0Extern<\/li>\n<li><strong>T\u00fcr\u00f6ffnung:<\/strong>\u00a0Einzelne Frontt\u00fcr<\/li>\n<li><strong>Nennspannung:<\/strong>\u00a012\/24 VDC<\/li>\n<\/ul>\n<p style=\"color: rgb(34, 34, 34); font-family: Arial, Helvetica, sans-serif; font-size: small;\">Dieser K\u00fchlschrank-Gefrierschrank ist eine ausgezeichnete Wahl f\u00fcr alle, die Qualit\u00e4t und Funktionalit\u00e4t in ihrer Bootsausr\u00fcstung suchen.<\/p>\n","protected":false},"excerpt":{"rendered":"<p>K\u00fchl-Gefrierkombination Vitrifrigo C42LX &#8211; Wir stellen den C42LX OCX2 K\u00fchlschrank-Gefrierschrank von Vitrifrigo vor, der aus langlebigem Edelstahl gefertigt ist. Dieses<\/p>\n","protected":false},"featured_media":5941940,"comment_status":"open","ping_status":"closed","template":"","meta":[],"product_brand":[3525],"product_cat":[1464],"product_tag":[],"class_list":{"0":"post-734875","1":"product","2":"type-product","3":"status-publish","4":"has-post-thumbnail","6":"product_brand-vitrifrigo-de","7":"product_cat-kuehlschraenke-und-gefriertruhen","9":"first","10":"instock","11":"shipping-taxable","12":"purchasable","13":"product-type-simple"},"_links":{"self":[{"href":"https:\/\/stoic-curie.212-227-153-4.plesk.page\/de\/wp-json\/wp\/v2\/product\/734875","targetHints":{"allow":["GET"]}}],"collection":[{"href":"https:\/\/stoic-curie.212-227-153-4.plesk.page\/de\/wp-json\/wp\/v2\/product"}],"about":[{"href":"https:\/\/stoic-curie.212-227-153-4.plesk.page\/de\/wp-json\/wp\/v2\/types\/product"}],"replies":[{"embeddable":true,"href":"https:\/\/stoic-curie.212-227-153-4.plesk.page\/de\/wp-json\/wp\/v2\/comments?post=734875"}],"version-history":[{"count":0,"href":"https:\/\/stoic-curie.212-227-153-4.plesk.page\/de\/wp-json\/wp\/v2\/product\/734875\/revisions"}],"wp:featuredmedia":[{"embeddable":true,"href":"https:\/\/stoic-curie.212-227-153-4.plesk.page\/de\/wp-json\/wp\/v2\/media\/5941940"}],"wp:attachment":[{"href":"https:\/\/stoic-curie.212-227-153-4.plesk.page\/de\/wp-json\/wp\/v2\/media?parent=734875"}],"wp:term":[{"taxonomy":"product_brand","embeddable":true,"href":"https:\/\/stoic-curie.212-227-153-4.plesk.page\/de\/wp-json\/wp\/v2\/product_brand?post=734875"},{"taxonomy":"product_cat","embeddable":true,"href":"https:\/\/stoic-curie.212-227-153-4.plesk.page\/de\/wp-json\/wp\/v2\/product_cat?post=734875"},{"taxonomy":"product_tag","embeddable":true,"href":"https:\/\/stoic-curie.212-227-153-4.plesk.page\/de\/wp-json\/wp\/v2\/product_tag?post=734875"}],"curies":[{"name":"wp","href":"https:\/\/api.w.org\/{rel}","templated":true}]}}