{"id":734883,"date":"2025-03-03T16:25:31","date_gmt":"2025-03-03T15:25:31","guid":{"rendered":"https:\/\/stoic-curie.212-227-153-4.plesk.page\/producto\/sanisplit-nk-grauwassersystem-24v\/"},"modified":"2026-02-24T23:34:57","modified_gmt":"2026-02-24T23:34:57","slug":"sanisplit-nk-grauwassersystem-24v","status":"publish","type":"product","link":"https:\/\/stoic-curie.212-227-153-4.plesk.page\/de\/product\/sanisplit-nk-grauwassersystem-24v\/","title":{"rendered":"Tecma Sanisplit NK 24v"},"content":{"rendered":"<p>Tecma Sanisplit NK 24v &#8211; <\/p>\n<p style=\"color: rgb(34, 34, 34); font-family: Arial, Helvetica, sans-serif; font-size: small;\">Die Sanisplit NK 24V (Nautisches Modell) ist eine automatische Grauwasserpumpe, die speziell f\u00fcr einen effektiven Fl\u00fcssigkeitstransfer entwickelt wurde. Sie eignet sich ideal, um Wasser von Bidets in Sammelbeh\u00e4lter zu bef\u00f6rdern, unabh\u00e4ngig von der Neigung. Diese Pumpe ist auch gut geeignet, um Wasser von Duschen und Waschbecken zu transportieren. Die Sanisplit NK 24V ist mit einer leisen, aber leistungsstarken Pumpe ausgestattet, die mithilfe eines automatischen Druckschalters betrieben wird. Sie beginnt sofort mit dem Pumpen, sobald sie Wasser erkennt, dank dieses Druckmechanismus.<\/p>\n<p style=\"color: rgb(34, 34, 34); font-family: Arial, Helvetica, sans-serif; font-size: small;\">Diese effiziente und ger\u00e4uscharme Einheit bef\u00f6rdert effektiv Grauwasser von Bidets, Duschen und Waschbecken. Sie verf\u00fcgt \u00fcber ein R\u00fcckschlagventil und einen Druckschalter, der aktiviert wird, wenn Wasser in die Einheit flie\u00dft. Die minimal erforderliche H\u00f6he vom Abfluss betr\u00e4gt 200 mm.<\/p>\n<p style=\"color: rgb(34, 34, 34); font-family: Arial, Helvetica, sans-serif; font-size: small;\">Die Sanisplit NK l\u00e4sst sich leicht in zwei Abschnitte zerlegen, indem eine praktische Seitenschraube gel\u00f6st wird, wodurch die Wartung schnell und einfach ist. Der erste Abschnitt, der als hydraulischer Teil bezeichnet wird, enth\u00e4lt alle Komponenten, die mit dem Sanit\u00e4rsystem verbunden sind, w\u00e4hrend der zweite Abschnitt die mechanischen Teile, einschlie\u00dflich des Motors, beherbergt.<\/p>\n<p style=\"color: rgb(34, 34, 34); font-family: Arial, Helvetica, sans-serif; font-size: small;\">Ein R\u00fcckschlagventil ist integriert, um einen R\u00fcckfluss von Fl\u00fcssigkeiten zu verhindern.<\/p>\n<p style=\"color: rgb(34, 34, 34); font-family: Arial, Helvetica, sans-serif; font-size: small;\">Hauptmerkmale sind:<\/p>\n<ul style=\"color: rgb(34, 34, 34); font-family: Arial, Helvetica, sans-serif; font-size: small;\">\n<li>Patentiere Split-Technologie<\/li>\n<li>Starker und effizienter Zerkleinerungspumpen<\/li>\n<li>Extrem leiser Betrieb<\/li>\n<li>Ger\u00e4uscharme Pumpenfunktion und Gummitank zur Ger\u00e4uschreduzierung<\/li>\n<li>Einfach zu warten: Der abnehmbare Abschnitt, der die Pumpe und den Druckschalter enth\u00e4lt, kann leicht vom festen Teil getrennt werden.<\/li>\n<\/ul>\n<p style=\"color: rgb(34, 34, 34); font-family: Arial, Helvetica, sans-serif; font-size: small;\">Verwendung: F\u00fcr maximal drei Nutzer (1 Waschbecken, 1 Bidet und 1 Dusche) f\u00fcr getrennte und sporadische Nutzung konzipiert.<\/p>\n<p style=\"color: rgb(34, 34, 34); font-family: Arial, Helvetica, sans-serif; font-size: small;\">Zus\u00e4tzliche Details:<\/p>\n<ul style=\"color: rgb(34, 34, 34); font-family: Arial, Helvetica, sans-serif; font-size: small;\">\n<li>Gewicht: 10 kg<\/li>\n<li>Abmessungen: 50 \u00d7 42 \u00d7 25 cm<\/li>\n<\/ul>\n","protected":false},"excerpt":{"rendered":"<p>Tecma Sanisplit NK 24v &#8211; Die Sanisplit NK 24V (Nautisches Modell) ist eine automatische Grauwasserpumpe, die speziell f\u00fcr einen effektiven<\/p>\n","protected":false},"featured_media":5941594,"comment_status":"open","ping_status":"closed","template":"","meta":[],"product_brand":[3470],"product_cat":[1369],"product_tag":[],"class_list":{"0":"post-734883","1":"product","2":"type-product","3":"status-publish","4":"has-post-thumbnail","6":"product_brand-tecma-de","7":"product_cat-grauwassersysteme","9":"first","10":"instock","11":"shipping-taxable","12":"purchasable","13":"product-type-simple"},"_links":{"self":[{"href":"https:\/\/stoic-curie.212-227-153-4.plesk.page\/de\/wp-json\/wp\/v2\/product\/734883","targetHints":{"allow":["GET"]}}],"collection":[{"href":"https:\/\/stoic-curie.212-227-153-4.plesk.page\/de\/wp-json\/wp\/v2\/product"}],"about":[{"href":"https:\/\/stoic-curie.212-227-153-4.plesk.page\/de\/wp-json\/wp\/v2\/types\/product"}],"replies":[{"embeddable":true,"href":"https:\/\/stoic-curie.212-227-153-4.plesk.page\/de\/wp-json\/wp\/v2\/comments?post=734883"}],"version-history":[{"count":0,"href":"https:\/\/stoic-curie.212-227-153-4.plesk.page\/de\/wp-json\/wp\/v2\/product\/734883\/revisions"}],"wp:featuredmedia":[{"embeddable":true,"href":"https:\/\/stoic-curie.212-227-153-4.plesk.page\/de\/wp-json\/wp\/v2\/media\/5941594"}],"wp:attachment":[{"href":"https:\/\/stoic-curie.212-227-153-4.plesk.page\/de\/wp-json\/wp\/v2\/media?parent=734883"}],"wp:term":[{"taxonomy":"product_brand","embeddable":true,"href":"https:\/\/stoic-curie.212-227-153-4.plesk.page\/de\/wp-json\/wp\/v2\/product_brand?post=734883"},{"taxonomy":"product_cat","embeddable":true,"href":"https:\/\/stoic-curie.212-227-153-4.plesk.page\/de\/wp-json\/wp\/v2\/product_cat?post=734883"},{"taxonomy":"product_tag","embeddable":true,"href":"https:\/\/stoic-curie.212-227-153-4.plesk.page\/de\/wp-json\/wp\/v2\/product_tag?post=734883"}],"curies":[{"name":"wp","href":"https:\/\/api.w.org\/{rel}","templated":true}]}}