{"id":734884,"date":"2025-03-03T16:25:31","date_gmt":"2025-03-03T15:25:31","guid":{"rendered":"https:\/\/stoic-curie.212-227-153-4.plesk.page\/producto\/sanisplit-nk-grauwassersystem-230v\/"},"modified":"2026-02-24T23:34:57","modified_gmt":"2026-02-24T23:34:57","slug":"sanisplit-nk-grauwassersystem-230v","status":"publish","type":"product","link":"https:\/\/stoic-curie.212-227-153-4.plesk.page\/de\/product\/sanisplit-nk-grauwassersystem-230v\/","title":{"rendered":"Tecma Sanisplit NK 230v"},"content":{"rendered":"<p>Tecma Sanisplit NK 230v &#8211; <\/p>\n<p style=\"color: rgb(34, 34, 34); font-family: Arial, Helvetica, sans-serif; font-size: small;\">Die Sanisplit NK 230V (NAUTICAL Modell) ist eine automatische Grauwasserpumpe, die sorgf\u00e4ltig entwickelt wurde, um den effizienten Transport von Fl\u00fcssigkeiten von einem Bidet zu einer Sammelbox zu erleichtern, unabh\u00e4ngig von der Neigung. Dieses Modell eignet sich auch hervorragend f\u00fcr den Transport von Wasser aus Duschen und Waschbecken. Es ist mit einer leisen, aber \u00e4u\u00dferst effektiven Pumpe ausgestattet, die \u00fcber einen automatischen Druckschalter betrieben wird, der den Pumpvorgang aktiviert, sobald ein Wasserfluss erkannt wird.<\/p>\n<p style=\"color: rgb(34, 34, 34); font-family: Arial, Helvetica, sans-serif; font-size: small;\">Der Sanisplit NK ist eine leistungsstarke und ger\u00e4uschlose Einheit, die in der Lage ist, Grauwasser von Bidets, Duschen und Waschbecken zu transportieren. Er verf\u00fcgt \u00fcber ein R\u00fcckschlagventil und einen Druckschalter, der sofort aktiviert wird, wenn Wasser in die Einheit gelangt. Die minimale H\u00f6henanforderung vom Abfluss betr\u00e4gt 200 mm.<\/p>\n<p style=\"color: rgb(34, 34, 34); font-family: Arial, Helvetica, sans-serif; font-size: small;\">F\u00fcr eine einfache Wartung kann der Sanisplit NK bequem in zwei Abschnitte getrennt werden, indem eine seitliche Schraube gel\u00f6st wird. Der erste Abschnitt, auch hydraulischer Teil genannt, umfasst alle Komponenten, die mit dem Rohrleitungssystem verbunden sind, w\u00e4hrend der zweite Abschnitt ausschlie\u00dflich die mechanischen Komponenten oder den Motorenteil enth\u00e4lt.<\/p>\n<p style=\"color: rgb(34, 34, 34); font-family: Arial, Helvetica, sans-serif; font-size: small;\">Um einen R\u00fcckfluss von Fl\u00fcssigkeiten zu verhindern, ist ein R\u00fcckschlagventil in das Design integriert.<\/p>\n<p style=\"color: rgb(34, 34, 34); font-family: Arial, Helvetica, sans-serif; font-size: small;\">Dieses Modell verf\u00fcgt \u00fcber ein patentiertes Split-System, eine robuste und effiziente Zerkleinerungspumpe und arbeitet \u00e4u\u00dferst leise. Die Kombination aus der ger\u00e4uschlosen Pumpe und dem Gummitank minimiert effektiv die Ger\u00e4uschpegel.<\/p>\n<p style=\"color: rgb(34, 34, 34); font-family: Arial, Helvetica, sans-serif; font-size: small;\">Die Wartung ist unkompliziert; der abnehmbare Abschnitt des Sanisplit, der die Pumpe und den Druckschalter beherbergt, kann schnell vom festen Teil abgeh\u00e4ngt werden.<\/p>\n<p style=\"color: rgb(34, 34, 34); font-family: Arial, Helvetica, sans-serif; font-size: small;\">Es wird empfohlen, das Ger\u00e4t f\u00fcr maximal drei Benutzer (1 Waschbecken + 1 Bidet + 1 Dusche) f\u00fcr separaten und intermittent Gebrauch zu verwenden.<\/p>\n<p style=\"color: rgb(34, 34, 34); font-family: Arial, Helvetica, sans-serif; font-size: small;\">Zus\u00e4tzliche Spezifikationen umfassen ein Gewicht von 10 kg und die Abmessungen 50 \u00d7 42 \u00d7 25 cm.<\/p>\n","protected":false},"excerpt":{"rendered":"<p>Tecma Sanisplit NK 230v &#8211; Die Sanisplit NK 230V (NAUTICAL Modell) ist eine automatische Grauwasserpumpe, die sorgf\u00e4ltig entwickelt wurde, um<\/p>\n","protected":false},"featured_media":5941594,"comment_status":"open","ping_status":"closed","template":"","meta":[],"product_brand":[3470],"product_cat":[1369],"product_tag":[],"class_list":{"0":"post-734884","1":"product","2":"type-product","3":"status-publish","4":"has-post-thumbnail","6":"product_brand-tecma-de","7":"product_cat-grauwassersysteme","9":"first","10":"instock","11":"shipping-taxable","12":"purchasable","13":"product-type-simple"},"_links":{"self":[{"href":"https:\/\/stoic-curie.212-227-153-4.plesk.page\/de\/wp-json\/wp\/v2\/product\/734884","targetHints":{"allow":["GET"]}}],"collection":[{"href":"https:\/\/stoic-curie.212-227-153-4.plesk.page\/de\/wp-json\/wp\/v2\/product"}],"about":[{"href":"https:\/\/stoic-curie.212-227-153-4.plesk.page\/de\/wp-json\/wp\/v2\/types\/product"}],"replies":[{"embeddable":true,"href":"https:\/\/stoic-curie.212-227-153-4.plesk.page\/de\/wp-json\/wp\/v2\/comments?post=734884"}],"version-history":[{"count":0,"href":"https:\/\/stoic-curie.212-227-153-4.plesk.page\/de\/wp-json\/wp\/v2\/product\/734884\/revisions"}],"wp:featuredmedia":[{"embeddable":true,"href":"https:\/\/stoic-curie.212-227-153-4.plesk.page\/de\/wp-json\/wp\/v2\/media\/5941594"}],"wp:attachment":[{"href":"https:\/\/stoic-curie.212-227-153-4.plesk.page\/de\/wp-json\/wp\/v2\/media?parent=734884"}],"wp:term":[{"taxonomy":"product_brand","embeddable":true,"href":"https:\/\/stoic-curie.212-227-153-4.plesk.page\/de\/wp-json\/wp\/v2\/product_brand?post=734884"},{"taxonomy":"product_cat","embeddable":true,"href":"https:\/\/stoic-curie.212-227-153-4.plesk.page\/de\/wp-json\/wp\/v2\/product_cat?post=734884"},{"taxonomy":"product_tag","embeddable":true,"href":"https:\/\/stoic-curie.212-227-153-4.plesk.page\/de\/wp-json\/wp\/v2\/product_tag?post=734884"}],"curies":[{"name":"wp","href":"https:\/\/api.w.org\/{rel}","templated":true}]}}