{"id":734890,"date":"2025-03-03T16:25:32","date_gmt":"2025-03-03T15:25:32","guid":{"rendered":"https:\/\/stoic-curie.212-227-153-4.plesk.page\/producto\/kit-bugstrahlruder-quick-btq-125-30-12v-30kgf\/"},"modified":"2026-02-24T23:34:57","modified_gmt":"2026-02-24T23:34:57","slug":"kit-bugstrahlruder-quick-btq-125-30-12v-30kgf","status":"publish","type":"product","link":"https:\/\/stoic-curie.212-227-153-4.plesk.page\/de\/product\/kit-bugstrahlruder-quick-btq-125-30-12v-30kgf\/","title":{"rendered":"Kit Bugstrahlruder Quick BTQ 125-30 12V 30kgf"},"content":{"rendered":"<p>Kit Bugstrahlruder Quick BTQ 125-30 12V 30kgf &#8211; <\/p>\n<p style=\"color: rgb(34, 34, 34); font-family: Arial, Helvetica, sans-serif; font-size: small;\">Wir freuen uns, das Komplettset f\u00fcr die schnelle Installation von Bugstrahlrudern vorzustellen, das sorgf\u00e4ltig f\u00fcr eine unkomplizierte Installation und hervorragende Leistung entwickelt wurde. Dieses Set besteht aus einem robusten Geh\u00e4use aus Verbundmaterial, einem langlebigen Bronzegetriebe und einer elastischen Kupplung, die die Lebensdauer verl\u00e4ngert.<\/p>\n<p style=\"color: rgb(34, 34, 34); font-family: Arial, Helvetica, sans-serif; font-size: small;\">Das Kit umfasst die folgenden Komponenten:<\/p>\n<ul style=\"color: rgb(34, 34, 34); font-family: Arial, Helvetica, sans-serif; font-size: small;\">\n<li>Tunnel-L\u00e4ngen: 75 cm (geeignet f\u00fcr BTQ 125\/140) und 100 cm (angebracht f\u00fcr BTQ 185)<\/li>\n<li>Steuerungen: Touchpanel TCD1022 (f\u00fcr BTQ 125\/140) und Joystickpanel TCD1042 (f\u00fcr BTQ 185)<\/li>\n<li>Elektrische Kabel: 6 m (f\u00fcr BTQ 125\/140) und 12 m (f\u00fcr BTQ 185)<\/li>\n<li>Sicherung und Sicherungshalter<\/li>\n<\/ul>\n<p style=\"color: rgb(34, 34, 34); font-family: Arial, Helvetica, sans-serif; font-size: small;\">Im Bugstrahlruder-Kit enthalten sind das Bugstrahlruder selbst, der Tunnel, die Fernbedienung, die Verl\u00e4ngerung, die Sicherung und der Sicherungshalter. Das Design verwendet fortschrittliche Materialien, sodass keine elektronischen Komponenten auf dem Motor platziert sind. Alle Schutzfunktionen werden von einem Mikroprozessor in den Steuerpanelen \u00fcberwacht.<\/p>\n<p style=\"color: rgb(34, 34, 34); font-family: Arial, Helvetica, sans-serif; font-size: small;\">Bemerkenswerte Funktionen umfassen:<\/p>\n<ul style=\"color: rgb(34, 34, 34); font-family: Arial, Helvetica, sans-serif; font-size: small;\">\n<li>R\u00fcckw\u00e4rtsdrehmoment mit programmierter Verz\u00f6gerung<\/li>\n<li>Automatischer Abschalt-Timer<\/li>\n<li>\u00dcberhitzungsschutz des Motors<\/li>\n<li>Robustes Geh\u00e4use aus Verbundmaterial f\u00fcr Propeller und Relais, erg\u00e4nzt durch ein Bronzegetriebe und eine unabh\u00e4ngige, leicht austauschbare Zinkanode<\/li>\n<\/ul>\n<p style=\"color: rgb(34, 34, 34); font-family: Arial, Helvetica, sans-serif; font-size: small;\">Das Kit beinhaltet:<\/p>\n<ul style=\"color: rgb(34, 34, 34); font-family: Arial, Helvetica, sans-serif; font-size: small;\">\n<li>Bugstrahlruder<\/li>\n<li>Tunnel (L\u00e4nge: 0,75 m)<\/li>\n<li>Fernbedienung<\/li>\n<li>Verl\u00e4ngerung (L\u00e4nge: 6 m)<\/li>\n<li>Sicherungshalter<\/li>\n<li>225 A Sicherung<\/li>\n<\/ul>\n<p style=\"color: rgb(34, 34, 34); font-family: Arial, Helvetica, sans-serif; font-size: small;\">Das Quick Bow Thruster arbeitet mit 12V und bietet 30 kgf Schub, mit einem tunneldurchmesser von 125 mm. Es ist mit vierblatt-Propellern ausgestattet, die die Schubeffizienz optimieren und den Stromverbrauch reduzieren. Hergestellt aus strapazierf\u00e4higen Verbundwerkstoffen, ist es f\u00fcr verschiedene maritime Umgebungen ausgelegt. Das gegenl\u00e4ufige System verbessert den Schub, wobei die Propeller f\u00fcr Links- und Rechtsbetrieb konzipiert sind, um eine zuverl\u00e4ssige Leistung in beiden Richtungen zu gew\u00e4hrleisten.<\/p>\n<p style=\"color: rgb(34, 34, 34); font-family: Arial, Helvetica, sans-serif; font-size: small;\">Spezifikationen umfassen:<\/p>\n<ul style=\"color: rgb(34, 34, 34); font-family: Arial, Helvetica, sans-serif; font-size: small;\">\n<li>Spannung: 12V<\/li>\n<li>Schub: 30 kgf<\/li>\n<li>Tunneldurchmesser: 125 mm<\/li>\n<li>Einzelschaufel-Antrieb<\/li>\n<li>Leistung: 1,3 kW<\/li>\n<li>Geeignet f\u00fcr Schiffe zwischen 6 und 8,5 Metern<\/li>\n<li>Sicherungsauslegung: 200A<\/li>\n<\/ul>\n<p style=\"color: rgb(34, 34, 34); font-family: Arial, Helvetica, sans-serif; font-size: small;\">Dieses umfassende Kit stellt eine herausragende Option f\u00fcr Bootsbesitzer dar, die nach einer zuverl\u00e4ssigen und effizienten L\u00f6sung f\u00fcr ihre Bugstrahlruder suchen.<\/p>\n","protected":false},"excerpt":{"rendered":"<p>Kit Bugstrahlruder Quick BTQ 125-30 12V 30kgf &#8211; Wir freuen uns, das Komplettset f\u00fcr die schnelle Installation von Bugstrahlrudern vorzustellen,<\/p>\n","protected":false},"featured_media":5941977,"comment_status":"open","ping_status":"closed","template":"","meta":[],"product_brand":[3280],"product_cat":[1323],"product_tag":[],"class_list":{"0":"post-734890","1":"product","2":"type-product","3":"status-publish","4":"has-post-thumbnail","6":"product_brand-quick-de","7":"product_cat-bugstrahlruder-quick","9":"first","10":"instock","11":"shipping-taxable","12":"purchasable","13":"product-type-simple"},"_links":{"self":[{"href":"https:\/\/stoic-curie.212-227-153-4.plesk.page\/de\/wp-json\/wp\/v2\/product\/734890","targetHints":{"allow":["GET"]}}],"collection":[{"href":"https:\/\/stoic-curie.212-227-153-4.plesk.page\/de\/wp-json\/wp\/v2\/product"}],"about":[{"href":"https:\/\/stoic-curie.212-227-153-4.plesk.page\/de\/wp-json\/wp\/v2\/types\/product"}],"replies":[{"embeddable":true,"href":"https:\/\/stoic-curie.212-227-153-4.plesk.page\/de\/wp-json\/wp\/v2\/comments?post=734890"}],"version-history":[{"count":0,"href":"https:\/\/stoic-curie.212-227-153-4.plesk.page\/de\/wp-json\/wp\/v2\/product\/734890\/revisions"}],"wp:featuredmedia":[{"embeddable":true,"href":"https:\/\/stoic-curie.212-227-153-4.plesk.page\/de\/wp-json\/wp\/v2\/media\/5941977"}],"wp:attachment":[{"href":"https:\/\/stoic-curie.212-227-153-4.plesk.page\/de\/wp-json\/wp\/v2\/media?parent=734890"}],"wp:term":[{"taxonomy":"product_brand","embeddable":true,"href":"https:\/\/stoic-curie.212-227-153-4.plesk.page\/de\/wp-json\/wp\/v2\/product_brand?post=734890"},{"taxonomy":"product_cat","embeddable":true,"href":"https:\/\/stoic-curie.212-227-153-4.plesk.page\/de\/wp-json\/wp\/v2\/product_cat?post=734890"},{"taxonomy":"product_tag","embeddable":true,"href":"https:\/\/stoic-curie.212-227-153-4.plesk.page\/de\/wp-json\/wp\/v2\/product_tag?post=734890"}],"curies":[{"name":"wp","href":"https:\/\/api.w.org\/{rel}","templated":true}]}}