{"id":734891,"date":"2025-03-03T16:25:32","date_gmt":"2025-03-03T15:25:32","guid":{"rendered":"https:\/\/stoic-curie.212-227-153-4.plesk.page\/producto\/kit-bugstrahlruder-quick-btq-140-40-12v\/"},"modified":"2026-02-24T23:34:57","modified_gmt":"2026-02-24T23:34:57","slug":"kit-bugstrahlruder-quick-btq-140-40-12v","status":"publish","type":"product","link":"https:\/\/stoic-curie.212-227-153-4.plesk.page\/de\/product\/kit-bugstrahlruder-quick-btq-140-40-12v\/","title":{"rendered":"Kit Bugstrahlruder Quick BTQ 140-40 12V"},"content":{"rendered":"<p>Kit Bugstrahlruder Quick BTQ 140-40 12V &#8211; <\/p>\n<p style=\"color: rgb(34, 34, 34); font-family: Arial, Helvetica, sans-serif; font-size: small;\"><strong>Quick BTQ 140 40Kgf Bugstrahlruder-Kit<\/strong><\/p>\n<p style=\"color: rgb(34, 34, 34); font-family: Arial, Helvetica, sans-serif; font-size: small;\">Wir pr\u00e4sentieren das Quick BTQ 140 Bugstrahlruder-Kit, eine umfassende L\u00f6sung, die f\u00fcr eine einfache Installation konzipiert wurde. Dieses Kit verf\u00fcgt \u00fcber einen robusten Carter-Schutz, der aus langlebigem Verbundmaterial besteht, ein Bronzegetriebe und eine elastische Kupplung. Die im Kit enthaltenen Komponenten sind:<\/p>\n<ul style=\"color: rgb(34, 34, 34); font-family: Arial, Helvetica, sans-serif; font-size: small;\">\n<li><strong>Tunnel-L\u00e4ngen<\/strong>: 75 cm (f\u00fcr BTQ 125\/140) und 100 cm (f\u00fcr BTQ 185)<\/li>\n<li><strong>Steuerungspaneele<\/strong>: Touchpanel TCD1022 (f\u00fcr BTQ 125\/140)<\/li>\n<li><strong>Elektrische Kabel<\/strong>: 6 m (f\u00fcr BTQ 125\/140)<\/li>\n<li><strong>Sicherung und Sicherungshalter<\/strong><\/li>\n<\/ul>\n<p style=\"color: rgb(34, 34, 34); font-family: Arial, Helvetica, sans-serif; font-size: small;\">Das Quick BTQ 140-40 12V DC Bugstrahlruder-Kit ist ideal f\u00fcr Boote mit einer L\u00e4nge von 7 bis 9 Metern (23 bis 29 Fu\u00df). Dieses Modell hat einen einzelnen Propeller aus robustem Verbundmaterial, erg\u00e4nzt durch ein Bronzegetriebe und Magnetventile, die durch einen stabilen Verbund-Carter gesch\u00fctzt sind. Es umfasst eine elastische Kupplung und ein Zinkanode, das unabh\u00e4ngig vom Getriebe ist, was einen einfachen Austausch erm\u00f6glicht.<\/p>\n<p style=\"color: rgb(34, 34, 34); font-family: Arial, Helvetica, sans-serif; font-size: small;\"><strong>Kit-Inhalt:<\/strong><\/p>\n<ul style=\"color: rgb(34, 34, 34); font-family: Arial, Helvetica, sans-serif; font-size: small;\">\n<li>BTQ 140-40 12V DC Bugstrahlruder<\/li>\n<li>Touchpanel<\/li>\n<li>6-Meter-Kabelbaum<\/li>\n<li>750 mm GRP-Tunnel<\/li>\n<\/ul>\n<p style=\"color: rgb(34, 34, 34); font-family: Arial, Helvetica, sans-serif; font-size: small;\">Zus\u00e4tzlich enth\u00e4lt das Kit eine Bohrschablone, Dichtung, O-ring (f\u00fcr die Montage), eine Installations- und Bedienungsanleitung sowie die Garantiebedingungen.<\/p>\n<p style=\"color: rgb(34, 34, 34); font-family: Arial, Helvetica, sans-serif; font-size: small;\"><strong>Spezifikationen:<\/strong><\/p>\n<ul style=\"color: rgb(34, 34, 34); font-family: Arial, Helvetica, sans-serif; font-size: small;\">\n<li><strong>Modell<\/strong>: BTQ 140-40 (12V)<\/li>\n<li><strong>Propellertyp<\/strong>: Einzel<\/li>\n<li><strong>Tunneldurchmesser<\/strong>: 140 mm (5&#8243; 33\/64)<\/li>\n<li><strong>Motorleistung<\/strong>: 2,2 kW<\/li>\n<li><strong>Spannung<\/strong>: 12V<\/li>\n<li><strong>Sicherung<\/strong>: 225A CNL DIN<\/li>\n<li><strong>Schubkraft<\/strong>: 40 kgf (88.2 lb)<\/li>\n<li><strong>Gewicht<\/strong>: 12.2 kg (26.8 lb)<\/li>\n<\/ul>\n<p style=\"color: rgb(34, 34, 34); font-family: Arial, Helvetica, sans-serif; font-size: small;\"><strong>Im Lieferumfang enthalten:<\/strong><\/p>\n<ul style=\"color: rgb(34, 34, 34); font-family: Arial, Helvetica, sans-serif; font-size: small;\">\n<li>Bugstrahlruder<\/li>\n<li>Tunnel<\/li>\n<li>Touchpanel<\/li>\n<li>6 m Kabelbaum<\/li>\n<li>Bohrschablone<\/li>\n<li>Dichtung &#038; O-ring<\/li>\n<li>Dokumentation<\/li>\n<\/ul>\n<p style=\"color: rgb(34, 34, 34); font-family: Arial, Helvetica, sans-serif; font-size: small;\">Dieses Kit bietet alles, was Sie f\u00fcr eine zuverl\u00e4ssige und effiziente Installation eines Bugstrahlruders ben\u00f6tigen, um die Man\u00f6vrierf\u00e4higkeit Ihres Schiffes zu verbessern.<\/p>\n","protected":false},"excerpt":{"rendered":"<p>Kit Bugstrahlruder Quick BTQ 140-40 12V &#8211; Quick BTQ 140 40Kgf Bugstrahlruder-Kit Wir pr\u00e4sentieren das Quick BTQ 140 Bugstrahlruder-Kit, eine<\/p>\n","protected":false},"featured_media":5941982,"comment_status":"open","ping_status":"closed","template":"","meta":[],"product_brand":[3280],"product_cat":[1323],"product_tag":[],"class_list":{"0":"post-734891","1":"product","2":"type-product","3":"status-publish","4":"has-post-thumbnail","6":"product_brand-quick-de","7":"product_cat-bugstrahlruder-quick","9":"first","10":"instock","11":"shipping-taxable","12":"purchasable","13":"product-type-simple"},"_links":{"self":[{"href":"https:\/\/stoic-curie.212-227-153-4.plesk.page\/de\/wp-json\/wp\/v2\/product\/734891","targetHints":{"allow":["GET"]}}],"collection":[{"href":"https:\/\/stoic-curie.212-227-153-4.plesk.page\/de\/wp-json\/wp\/v2\/product"}],"about":[{"href":"https:\/\/stoic-curie.212-227-153-4.plesk.page\/de\/wp-json\/wp\/v2\/types\/product"}],"replies":[{"embeddable":true,"href":"https:\/\/stoic-curie.212-227-153-4.plesk.page\/de\/wp-json\/wp\/v2\/comments?post=734891"}],"version-history":[{"count":0,"href":"https:\/\/stoic-curie.212-227-153-4.plesk.page\/de\/wp-json\/wp\/v2\/product\/734891\/revisions"}],"wp:featuredmedia":[{"embeddable":true,"href":"https:\/\/stoic-curie.212-227-153-4.plesk.page\/de\/wp-json\/wp\/v2\/media\/5941982"}],"wp:attachment":[{"href":"https:\/\/stoic-curie.212-227-153-4.plesk.page\/de\/wp-json\/wp\/v2\/media?parent=734891"}],"wp:term":[{"taxonomy":"product_brand","embeddable":true,"href":"https:\/\/stoic-curie.212-227-153-4.plesk.page\/de\/wp-json\/wp\/v2\/product_brand?post=734891"},{"taxonomy":"product_cat","embeddable":true,"href":"https:\/\/stoic-curie.212-227-153-4.plesk.page\/de\/wp-json\/wp\/v2\/product_cat?post=734891"},{"taxonomy":"product_tag","embeddable":true,"href":"https:\/\/stoic-curie.212-227-153-4.plesk.page\/de\/wp-json\/wp\/v2\/product_tag?post=734891"}],"curies":[{"name":"wp","href":"https:\/\/api.w.org\/{rel}","templated":true}]}}