{"id":734908,"date":"2025-03-03T16:25:35","date_gmt":"2025-03-03T15:25:35","guid":{"rendered":"https:\/\/stoic-curie.212-227-153-4.plesk.page\/producto\/wasserglaeser-mit-rutschfester-unterseite-9-cm-x-h10-cm-6-stueck\/"},"modified":"2026-02-24T23:34:57","modified_gmt":"2026-02-24T23:34:57","slug":"wasserglaeser-mit-rutschfester-unterseite-9-cm-x-h10-cm-6-stueck","status":"publish","type":"product","link":"https:\/\/stoic-curie.212-227-153-4.plesk.page\/de\/product\/wasserglaeser-mit-rutschfester-unterseite-9-cm-x-h10-cm-6-stueck\/","title":{"rendered":"Wassergl\u00e4ser mit rutschfester Unterseite, 9 cm x H10 cm, 6 St\u00fcck"},"content":{"rendered":"<p>Wassergl\u00e4ser mit rutschfester Unterseite, 9 cm x H10 cm, 6 St\u00fcck &#8211; <\/p>\n<p>Elegante Gl\u00e4ser mit rutschfester Basis. Hergestellt aus 100% zertifiziertem, lebensmittelechtem Tritan. Sp\u00fclmaschinenfest, unzerbrechlich und fleckenbest\u00e4ndig. 6 St\u00fcck pro Packung.<\/p>\n","protected":false},"excerpt":{"rendered":"<p>Wassergl\u00e4ser mit rutschfester Unterseite, 9 cm x H10 cm, 6 St\u00fcck &#8211; Elegante Gl\u00e4ser mit rutschfester Basis. Hergestellt aus 100%<\/p>\n","protected":false},"featured_media":5942026,"comment_status":"open","ping_status":"closed","template":"","meta":[],"product_brand":[3110,2232],"product_cat":[1358],"product_tag":[],"class_list":{"0":"post-734908","1":"product","2":"type-product","3":"status-publish","4":"has-post-thumbnail","6":"product_brand-marine-business-mb-de","7":"product_brand-marine-business-mb","8":"product_cat-bootsgeschirr","10":"first","11":"instock","12":"shipping-taxable","13":"purchasable","14":"product-type-simple"},"_links":{"self":[{"href":"https:\/\/stoic-curie.212-227-153-4.plesk.page\/de\/wp-json\/wp\/v2\/product\/734908","targetHints":{"allow":["GET"]}}],"collection":[{"href":"https:\/\/stoic-curie.212-227-153-4.plesk.page\/de\/wp-json\/wp\/v2\/product"}],"about":[{"href":"https:\/\/stoic-curie.212-227-153-4.plesk.page\/de\/wp-json\/wp\/v2\/types\/product"}],"replies":[{"embeddable":true,"href":"https:\/\/stoic-curie.212-227-153-4.plesk.page\/de\/wp-json\/wp\/v2\/comments?post=734908"}],"version-history":[{"count":0,"href":"https:\/\/stoic-curie.212-227-153-4.plesk.page\/de\/wp-json\/wp\/v2\/product\/734908\/revisions"}],"wp:featuredmedia":[{"embeddable":true,"href":"https:\/\/stoic-curie.212-227-153-4.plesk.page\/de\/wp-json\/wp\/v2\/media\/5942026"}],"wp:attachment":[{"href":"https:\/\/stoic-curie.212-227-153-4.plesk.page\/de\/wp-json\/wp\/v2\/media?parent=734908"}],"wp:term":[{"taxonomy":"product_brand","embeddable":true,"href":"https:\/\/stoic-curie.212-227-153-4.plesk.page\/de\/wp-json\/wp\/v2\/product_brand?post=734908"},{"taxonomy":"product_cat","embeddable":true,"href":"https:\/\/stoic-curie.212-227-153-4.plesk.page\/de\/wp-json\/wp\/v2\/product_cat?post=734908"},{"taxonomy":"product_tag","embeddable":true,"href":"https:\/\/stoic-curie.212-227-153-4.plesk.page\/de\/wp-json\/wp\/v2\/product_tag?post=734908"}],"curies":[{"name":"wp","href":"https:\/\/api.w.org\/{rel}","templated":true}]}}