{"id":734925,"date":"2025-03-03T16:25:39","date_gmt":"2025-03-03T15:25:39","guid":{"rendered":"https:\/\/stoic-curie.212-227-153-4.plesk.page\/producto\/fiberglas-tunnel-fuer-bugstrahlruder-vetus-125-160-o-250mm-x-200cm\/"},"modified":"2026-02-24T23:34:57","modified_gmt":"2026-02-24T23:34:57","slug":"fiberglas-tunnel-fuer-bugstrahlruder-vetus-125-160-o-250mm-x-200cm","status":"publish","type":"product","link":"https:\/\/stoic-curie.212-227-153-4.plesk.page\/de\/product\/fiberglas-tunnel-fuer-bugstrahlruder-vetus-125-160-o-250mm-x-200cm\/","title":{"rendered":"Fiberglas Tunnel 250mm x 200cm"},"content":{"rendered":"<p>Fiberglas Tunnel 250mm x 200cm &#8211; <\/p>\n<p style=\"color: rgb(34, 34, 34); font-family: Arial, Helvetica, sans-serif; font-size: small;\">Fiberglas-Tunnel f\u00fcr die Installation eines Bugstrahlruders<\/p>\n<p style=\"color: rgb(34, 34, 34); font-family: Arial, Helvetica, sans-serif; font-size: small;\">Dieser Fiberglas-Tunnel misst 2 Meter in der L\u00e4nge und hat einen Durchmesser von 250 mm.<\/p>\n<p style=\"color: rgb(34, 34, 34); font-family: Arial, Helvetica, sans-serif; font-size: small;\">GRP-Tunnel<\/p>\n<p style=\"color: rgb(34, 34, 34); font-family: Arial, Helvetica, sans-serif; font-size: small;\">Unsere aus glasfaserverst\u00e4rktem Kunststoff (GRP) gefertigten Tunnel f\u00fcr Bugstrahlruder sind auf Pr\u00e4zision und Langlebigkeit ausgelegt. Sie sind in verschiedenen L\u00e4ngen und Durchmessern erh\u00e4ltlich, um eine perfekte Passform f\u00fcr Ihr Vetus- oder Quick-Bugstrahlruder zu gew\u00e4hrleisten. Das GRP-Material bietet hervorragende Festigkeit bei gleichzeitig geringem Gewicht, was die Installation erleichtert.<\/p>\n<p style=\"color: rgb(34, 34, 34); font-family: Arial, Helvetica, sans-serif; font-size: small;\">Spezifikationen:<\/p>\n<ul style=\"color: rgb(34, 34, 34); font-family: Arial, Helvetica, sans-serif; font-size: small; font-style: normal; font-variant-ligatures: normal; font-variant-caps: normal; font-weight: 400; letter-spacing: normal; orphans: 2; text-align: start; text-indent: 0px; text-transform: none; widows: 2; word-spacing: 0px; -webkit-text-stroke-width: 0px; white-space: normal; text-decoration-thickness: initial; text-decoration-style: initial; text-decoration-color: initial;\">\n<li>Hauptmaterial: GRP<\/li>\n<li>Marke: Quick<\/li>\n<li>L\u00e4nge: 2000 mm<\/li>\n<li>Durchmesser: 250 mm<\/li>\n<li>Dicke: 6,5 mm<\/li>\n<\/ul>\n","protected":false},"excerpt":{"rendered":"<p>Fiberglas Tunnel 250mm x 200cm &#8211; Fiberglas-Tunnel f\u00fcr die Installation eines Bugstrahlruders Dieser Fiberglas-Tunnel misst 2 Meter in der L\u00e4nge<\/p>\n","protected":false},"featured_media":5942044,"comment_status":"open","ping_status":"closed","template":"","meta":[],"product_brand":[3280],"product_cat":[1323],"product_tag":[],"class_list":{"0":"post-734925","1":"product","2":"type-product","3":"status-publish","4":"has-post-thumbnail","6":"product_brand-quick-de","7":"product_cat-bugstrahlruder-quick","9":"first","10":"instock","11":"shipping-taxable","12":"purchasable","13":"product-type-simple"},"_links":{"self":[{"href":"https:\/\/stoic-curie.212-227-153-4.plesk.page\/de\/wp-json\/wp\/v2\/product\/734925","targetHints":{"allow":["GET"]}}],"collection":[{"href":"https:\/\/stoic-curie.212-227-153-4.plesk.page\/de\/wp-json\/wp\/v2\/product"}],"about":[{"href":"https:\/\/stoic-curie.212-227-153-4.plesk.page\/de\/wp-json\/wp\/v2\/types\/product"}],"replies":[{"embeddable":true,"href":"https:\/\/stoic-curie.212-227-153-4.plesk.page\/de\/wp-json\/wp\/v2\/comments?post=734925"}],"version-history":[{"count":0,"href":"https:\/\/stoic-curie.212-227-153-4.plesk.page\/de\/wp-json\/wp\/v2\/product\/734925\/revisions"}],"wp:featuredmedia":[{"embeddable":true,"href":"https:\/\/stoic-curie.212-227-153-4.plesk.page\/de\/wp-json\/wp\/v2\/media\/5942044"}],"wp:attachment":[{"href":"https:\/\/stoic-curie.212-227-153-4.plesk.page\/de\/wp-json\/wp\/v2\/media?parent=734925"}],"wp:term":[{"taxonomy":"product_brand","embeddable":true,"href":"https:\/\/stoic-curie.212-227-153-4.plesk.page\/de\/wp-json\/wp\/v2\/product_brand?post=734925"},{"taxonomy":"product_cat","embeddable":true,"href":"https:\/\/stoic-curie.212-227-153-4.plesk.page\/de\/wp-json\/wp\/v2\/product_cat?post=734925"},{"taxonomy":"product_tag","embeddable":true,"href":"https:\/\/stoic-curie.212-227-153-4.plesk.page\/de\/wp-json\/wp\/v2\/product_tag?post=734925"}],"curies":[{"name":"wp","href":"https:\/\/api.w.org\/{rel}","templated":true}]}}