{"id":734929,"date":"2025-03-03T16:25:40","date_gmt":"2025-03-03T15:25:40","guid":{"rendered":"https:\/\/stoic-curie.212-227-153-4.plesk.page\/producto\/3-wege-ventil-aquavalve-1-1-2-zoll\/"},"modified":"2026-02-24T23:34:57","modified_gmt":"2026-02-24T23:34:57","slug":"3-wege-ventil-aquavalve-1-1-2-zoll","status":"publish","type":"product","link":"https:\/\/stoic-curie.212-227-153-4.plesk.page\/de\/product\/3-wege-ventil-aquavalve-1-1-2-zoll\/","title":{"rendered":"3-Wege-Ventil &#8220;Aquavalve&#8221; 1 1\/2 Zoll"},"content":{"rendered":"<p>3-Wege-Ventil &#8220;Aquavalve&#8221; 1 1\/2 Zoll &#8211; <\/p>\n<p>Aquavalve 3-Wege-Umschaltventil aus glasfaserverst\u00e4rktem Nylon f\u00fcr marine oder industrielle Anwendungen. Druckpr\u00fcfung bei 300 PSI. Jedes Ventil wird einzeln getestet.<\/p>\n","protected":false},"excerpt":{"rendered":"<p>3-Wege-Ventil &#8220;Aquavalve&#8221; 1 1\/2 Zoll &#8211; Aquavalve 3-Wege-Umschaltventil aus glasfaserverst\u00e4rktem Nylon f\u00fcr marine oder industrielle Anwendungen. Druckpr\u00fcfung bei 300 PSI.<\/p>\n","protected":false},"featured_media":5942062,"comment_status":"open","ping_status":"closed","template":"","meta":[],"product_brand":[3490],"product_cat":[1362,1374,1383],"product_tag":[],"class_list":{"0":"post-734929","1":"product","2":"type-product","3":"status-publish","4":"has-post-thumbnail","6":"product_brand-trem-de","7":"product_cat-abwassertanks","8":"product_cat-kunststoff-wasserinstallationsarmaturen","9":"product_cat-marine-ventile","11":"first","12":"instock","13":"shipping-taxable","14":"purchasable","15":"product-type-simple"},"_links":{"self":[{"href":"https:\/\/stoic-curie.212-227-153-4.plesk.page\/de\/wp-json\/wp\/v2\/product\/734929","targetHints":{"allow":["GET"]}}],"collection":[{"href":"https:\/\/stoic-curie.212-227-153-4.plesk.page\/de\/wp-json\/wp\/v2\/product"}],"about":[{"href":"https:\/\/stoic-curie.212-227-153-4.plesk.page\/de\/wp-json\/wp\/v2\/types\/product"}],"replies":[{"embeddable":true,"href":"https:\/\/stoic-curie.212-227-153-4.plesk.page\/de\/wp-json\/wp\/v2\/comments?post=734929"}],"version-history":[{"count":0,"href":"https:\/\/stoic-curie.212-227-153-4.plesk.page\/de\/wp-json\/wp\/v2\/product\/734929\/revisions"}],"wp:featuredmedia":[{"embeddable":true,"href":"https:\/\/stoic-curie.212-227-153-4.plesk.page\/de\/wp-json\/wp\/v2\/media\/5942062"}],"wp:attachment":[{"href":"https:\/\/stoic-curie.212-227-153-4.plesk.page\/de\/wp-json\/wp\/v2\/media?parent=734929"}],"wp:term":[{"taxonomy":"product_brand","embeddable":true,"href":"https:\/\/stoic-curie.212-227-153-4.plesk.page\/de\/wp-json\/wp\/v2\/product_brand?post=734929"},{"taxonomy":"product_cat","embeddable":true,"href":"https:\/\/stoic-curie.212-227-153-4.plesk.page\/de\/wp-json\/wp\/v2\/product_cat?post=734929"},{"taxonomy":"product_tag","embeddable":true,"href":"https:\/\/stoic-curie.212-227-153-4.plesk.page\/de\/wp-json\/wp\/v2\/product_tag?post=734929"}],"curies":[{"name":"wp","href":"https:\/\/api.w.org\/{rel}","templated":true}]}}