{"id":734930,"date":"2025-03-03T16:25:40","date_gmt":"2025-03-03T15:25:40","guid":{"rendered":"https:\/\/stoic-curie.212-227-153-4.plesk.page\/producto\/star-brite-entkalkungsmittel-380-liter\/"},"modified":"2026-02-24T23:34:57","modified_gmt":"2026-02-24T23:34:57","slug":"star-brite-entkalkungsmittel-380-liter","status":"publish","type":"product","link":"https:\/\/stoic-curie.212-227-153-4.plesk.page\/de\/product\/star-brite-entkalkungsmittel-380-liter\/","title":{"rendered":"Star Brite Entkalkungsmittel 3,80 Liter"},"content":{"rendered":"<p>Star Brite Entkalkungsmittel 3,80 Liter &#8211; <\/p>\n<p>\u00e2\u0080\u00a2 Entfernt Ablagerungen von allen Marine-Motoren \u00e2\u0080\u00a2 Erm\u00f6glicht es den Motoren, k\u00fchler und effizienter zu laufen \u00e2\u0080\u00a2 Sch\u00e4digt keine Dichtungen, Dichtungen oder Impeller<\/p>\n","protected":false},"excerpt":{"rendered":"<p>Star Brite Entkalkungsmittel 3,80 Liter &#8211; \u00e2\u0080\u00a2 Entfernt Ablagerungen von allen Marine-Motoren \u00e2\u0080\u00a2 Erm\u00f6glicht es den Motoren, k\u00fchler und effizienter<\/p>\n","protected":false},"featured_media":5942065,"comment_status":"open","ping_status":"closed","template":"","meta":[],"product_brand":[3435],"product_cat":[1506],"product_tag":[],"class_list":{"0":"post-734930","1":"product","2":"type-product","3":"status-publish","4":"has-post-thumbnail","6":"product_brand-starbrite-de","7":"product_cat-zusaetze-fuer-schiffsmotoren","9":"first","10":"instock","11":"shipping-taxable","12":"purchasable","13":"product-type-simple"},"_links":{"self":[{"href":"https:\/\/stoic-curie.212-227-153-4.plesk.page\/de\/wp-json\/wp\/v2\/product\/734930","targetHints":{"allow":["GET"]}}],"collection":[{"href":"https:\/\/stoic-curie.212-227-153-4.plesk.page\/de\/wp-json\/wp\/v2\/product"}],"about":[{"href":"https:\/\/stoic-curie.212-227-153-4.plesk.page\/de\/wp-json\/wp\/v2\/types\/product"}],"replies":[{"embeddable":true,"href":"https:\/\/stoic-curie.212-227-153-4.plesk.page\/de\/wp-json\/wp\/v2\/comments?post=734930"}],"version-history":[{"count":0,"href":"https:\/\/stoic-curie.212-227-153-4.plesk.page\/de\/wp-json\/wp\/v2\/product\/734930\/revisions"}],"wp:featuredmedia":[{"embeddable":true,"href":"https:\/\/stoic-curie.212-227-153-4.plesk.page\/de\/wp-json\/wp\/v2\/media\/5942065"}],"wp:attachment":[{"href":"https:\/\/stoic-curie.212-227-153-4.plesk.page\/de\/wp-json\/wp\/v2\/media?parent=734930"}],"wp:term":[{"taxonomy":"product_brand","embeddable":true,"href":"https:\/\/stoic-curie.212-227-153-4.plesk.page\/de\/wp-json\/wp\/v2\/product_brand?post=734930"},{"taxonomy":"product_cat","embeddable":true,"href":"https:\/\/stoic-curie.212-227-153-4.plesk.page\/de\/wp-json\/wp\/v2\/product_cat?post=734930"},{"taxonomy":"product_tag","embeddable":true,"href":"https:\/\/stoic-curie.212-227-153-4.plesk.page\/de\/wp-json\/wp\/v2\/product_tag?post=734930"}],"curies":[{"name":"wp","href":"https:\/\/api.w.org\/{rel}","templated":true}]}}