{"id":734931,"date":"2025-03-03T16:25:40","date_gmt":"2025-03-03T15:25:40","guid":{"rendered":"https:\/\/stoic-curie.212-227-153-4.plesk.page\/producto\/waschkit-seaflo-12v-740-l-h\/"},"modified":"2026-02-24T23:34:57","modified_gmt":"2026-02-24T23:34:57","slug":"waschkit-seaflo-12v-740-l-h","status":"publish","type":"product","link":"https:\/\/stoic-curie.212-227-153-4.plesk.page\/de\/product\/waschkit-seaflo-12v-740-l-h\/","title":{"rendered":"Waschkit Seaflo 12V 740 l\/h"},"content":{"rendered":"<p>Waschkit Seaflo 12V 740 l\/h &#8211; <\/p>\n<p>Vollst\u00e4ndiges SeaFlo-Pumpenset mit Pistolenaufsatz, Schl\u00e4uchen und Zubeh\u00f6r. Ideal zum Reinigen von Decks, Beibooten, Bilgen, Autos usw.<\/p>\n","protected":false},"excerpt":{"rendered":"<p>Waschkit Seaflo 12V 740 l\/h &#8211; Vollst\u00e4ndiges SeaFlo-Pumpenset mit Pistolenaufsatz, Schl\u00e4uchen und Zubeh\u00f6r. Ideal zum Reinigen von Decks, Beibooten, Bilgen,<\/p>\n","protected":false},"featured_media":5942067,"comment_status":"open","ping_status":"closed","template":"","meta":[],"product_brand":[3350],"product_cat":[1361,1344],"product_tag":[],"class_list":{"0":"post-734931","1":"product","2":"type-product","3":"status-publish","4":"has-post-thumbnail","6":"product_brand-seaflo-de","7":"product_cat-bootsreinigungspumpen","8":"product_cat-werkzeuge-fuer-die-reinigung","10":"first","11":"outofstock","12":"shipping-taxable","13":"purchasable","14":"product-type-simple"},"_links":{"self":[{"href":"https:\/\/stoic-curie.212-227-153-4.plesk.page\/de\/wp-json\/wp\/v2\/product\/734931","targetHints":{"allow":["GET"]}}],"collection":[{"href":"https:\/\/stoic-curie.212-227-153-4.plesk.page\/de\/wp-json\/wp\/v2\/product"}],"about":[{"href":"https:\/\/stoic-curie.212-227-153-4.plesk.page\/de\/wp-json\/wp\/v2\/types\/product"}],"replies":[{"embeddable":true,"href":"https:\/\/stoic-curie.212-227-153-4.plesk.page\/de\/wp-json\/wp\/v2\/comments?post=734931"}],"version-history":[{"count":0,"href":"https:\/\/stoic-curie.212-227-153-4.plesk.page\/de\/wp-json\/wp\/v2\/product\/734931\/revisions"}],"wp:featuredmedia":[{"embeddable":true,"href":"https:\/\/stoic-curie.212-227-153-4.plesk.page\/de\/wp-json\/wp\/v2\/media\/5942067"}],"wp:attachment":[{"href":"https:\/\/stoic-curie.212-227-153-4.plesk.page\/de\/wp-json\/wp\/v2\/media?parent=734931"}],"wp:term":[{"taxonomy":"product_brand","embeddable":true,"href":"https:\/\/stoic-curie.212-227-153-4.plesk.page\/de\/wp-json\/wp\/v2\/product_brand?post=734931"},{"taxonomy":"product_cat","embeddable":true,"href":"https:\/\/stoic-curie.212-227-153-4.plesk.page\/de\/wp-json\/wp\/v2\/product_cat?post=734931"},{"taxonomy":"product_tag","embeddable":true,"href":"https:\/\/stoic-curie.212-227-153-4.plesk.page\/de\/wp-json\/wp\/v2\/product_tag?post=734931"}],"curies":[{"name":"wp","href":"https:\/\/api.w.org\/{rel}","templated":true}]}}