{"id":734936,"date":"2025-03-03T16:25:41","date_gmt":"2025-03-03T15:25:41","guid":{"rendered":"https:\/\/stoic-curie.212-227-153-4.plesk.page\/producto\/graduierter-laser-hypsometer-nikon-forestry-pro-130x69x45-mm\/"},"modified":"2026-02-24T23:34:57","modified_gmt":"2026-02-24T23:34:57","slug":"graduierter-laser-hypsometer-nikon-forestry-pro-130x69x45-mm","status":"publish","type":"product","link":"https:\/\/stoic-curie.212-227-153-4.plesk.page\/de\/product\/graduierter-laser-hypsometer-nikon-forestry-pro-130x69x45-mm\/","title":{"rendered":"Graduierter Laser-Hypsometer Nikon Forestry Pro 130x69x45 mm"},"content":{"rendered":"<p>Graduierter Laser-Hypsometer Nikon Forestry Pro 130x69x45 mm &#8211; <\/p>\n<p>Absoluter Laser-Hypsometer, ideal f\u00fcr grundlegende topographische Erhebungen, der tats\u00e4chliche Entfernungen, horizontale Distanzen und reale H\u00f6hen misst. Ausgestattet mit einem Drei-Punkte-Messsystem, das es erm\u00f6glicht, die H\u00f6he eines Objekts zu messen, selbst wenn die Basis oder die Oberseite bedeckt ist. Messbereich: 10 &#8211; 500 m. Mit internen und externen LCD-Anzeigen sowie einem hochwertigen, mehrschichtig beschichteten Monokular f\u00fcr helle Bilder. Lange Augenfreiheit f\u00fcr ein klares Sichtfeld f\u00fcr Brillentr\u00e4ger. Wasserdicht bis zu 1 Meter Tiefe f\u00fcr 10 Minuten. 2 Jahre Garantie.<\/p>\n","protected":false},"excerpt":{"rendered":"<p>Graduierter Laser-Hypsometer Nikon Forestry Pro 130x69x45 mm &#8211; Absoluter Laser-Hypsometer, ideal f\u00fcr grundlegende topographische Erhebungen, der tats\u00e4chliche Entfernungen, horizontale Distanzen<\/p>\n","protected":false},"featured_media":5942078,"comment_status":"open","ping_status":"closed","template":"","meta":[],"product_brand":[3195],"product_cat":[1492],"product_tag":[],"class_list":{"0":"post-734936","1":"product","2":"type-product","3":"status-publish","4":"has-post-thumbnail","6":"product_brand-nikon-marine-de","7":"product_cat-marina-fernglaeser","9":"first","10":"instock","11":"shipping-taxable","12":"purchasable","13":"product-type-simple"},"_links":{"self":[{"href":"https:\/\/stoic-curie.212-227-153-4.plesk.page\/de\/wp-json\/wp\/v2\/product\/734936","targetHints":{"allow":["GET"]}}],"collection":[{"href":"https:\/\/stoic-curie.212-227-153-4.plesk.page\/de\/wp-json\/wp\/v2\/product"}],"about":[{"href":"https:\/\/stoic-curie.212-227-153-4.plesk.page\/de\/wp-json\/wp\/v2\/types\/product"}],"replies":[{"embeddable":true,"href":"https:\/\/stoic-curie.212-227-153-4.plesk.page\/de\/wp-json\/wp\/v2\/comments?post=734936"}],"version-history":[{"count":0,"href":"https:\/\/stoic-curie.212-227-153-4.plesk.page\/de\/wp-json\/wp\/v2\/product\/734936\/revisions"}],"wp:featuredmedia":[{"embeddable":true,"href":"https:\/\/stoic-curie.212-227-153-4.plesk.page\/de\/wp-json\/wp\/v2\/media\/5942078"}],"wp:attachment":[{"href":"https:\/\/stoic-curie.212-227-153-4.plesk.page\/de\/wp-json\/wp\/v2\/media?parent=734936"}],"wp:term":[{"taxonomy":"product_brand","embeddable":true,"href":"https:\/\/stoic-curie.212-227-153-4.plesk.page\/de\/wp-json\/wp\/v2\/product_brand?post=734936"},{"taxonomy":"product_cat","embeddable":true,"href":"https:\/\/stoic-curie.212-227-153-4.plesk.page\/de\/wp-json\/wp\/v2\/product_cat?post=734936"},{"taxonomy":"product_tag","embeddable":true,"href":"https:\/\/stoic-curie.212-227-153-4.plesk.page\/de\/wp-json\/wp\/v2\/product_tag?post=734936"}],"curies":[{"name":"wp","href":"https:\/\/api.w.org\/{rel}","templated":true}]}}