{"id":734940,"date":"2025-03-03T16:25:42","date_gmt":"2025-03-03T15:25:42","guid":{"rendered":"https:\/\/stoic-curie.212-227-153-4.plesk.page\/producto\/wasserdichtes-led-licht-12-24v-160mm\/"},"modified":"2026-02-24T23:34:57","modified_gmt":"2026-02-24T23:34:57","slug":"wasserdichtes-led-licht-12-24v-160mm","status":"publish","type":"product","link":"https:\/\/stoic-curie.212-227-153-4.plesk.page\/de\/product\/wasserdichtes-led-licht-12-24v-160mm\/","title":{"rendered":"Wasserdichtes LED Licht 12-24V 160mm"},"content":{"rendered":"<p>Wasserdichtes LED Licht 12-24V 160mm &#8211; <\/p>\n<p>Tecnopolymer IP67 wasserdichte 12\/24V leistungsstarke und helle LED-Dome-Leuchte. Ideal f\u00fcr Cockpits und Maschinenr\u00e4ume. Sehr d\u00fcnnes Oberfl\u00e4chenmontagegeh\u00e4use. Verbrauch 10W. 6000 K\u00c2\u00b0 kaltes wei\u00dfes Licht.<\/p>\n","protected":false},"excerpt":{"rendered":"<p>Wasserdichtes LED Licht 12-24V 160mm &#8211; Tecnopolymer IP67 wasserdichte 12\/24V leistungsstarke und helle LED-Dome-Leuchte. Ideal f\u00fcr Cockpits und Maschinenr\u00e4ume. Sehr<\/p>\n","protected":false},"featured_media":5942087,"comment_status":"open","ping_status":"closed","template":"","meta":[],"product_brand":[3220],"product_cat":[1452],"product_tag":[],"class_list":{"0":"post-734940","1":"product","2":"type-product","3":"status-publish","4":"has-post-thumbnail","6":"product_brand-oceanled-de","7":"product_cat-bootsbeleuchtung","9":"first","10":"instock","11":"shipping-taxable","12":"purchasable","13":"product-type-simple"},"_links":{"self":[{"href":"https:\/\/stoic-curie.212-227-153-4.plesk.page\/de\/wp-json\/wp\/v2\/product\/734940","targetHints":{"allow":["GET"]}}],"collection":[{"href":"https:\/\/stoic-curie.212-227-153-4.plesk.page\/de\/wp-json\/wp\/v2\/product"}],"about":[{"href":"https:\/\/stoic-curie.212-227-153-4.plesk.page\/de\/wp-json\/wp\/v2\/types\/product"}],"replies":[{"embeddable":true,"href":"https:\/\/stoic-curie.212-227-153-4.plesk.page\/de\/wp-json\/wp\/v2\/comments?post=734940"}],"version-history":[{"count":0,"href":"https:\/\/stoic-curie.212-227-153-4.plesk.page\/de\/wp-json\/wp\/v2\/product\/734940\/revisions"}],"wp:featuredmedia":[{"embeddable":true,"href":"https:\/\/stoic-curie.212-227-153-4.plesk.page\/de\/wp-json\/wp\/v2\/media\/5942087"}],"wp:attachment":[{"href":"https:\/\/stoic-curie.212-227-153-4.plesk.page\/de\/wp-json\/wp\/v2\/media?parent=734940"}],"wp:term":[{"taxonomy":"product_brand","embeddable":true,"href":"https:\/\/stoic-curie.212-227-153-4.plesk.page\/de\/wp-json\/wp\/v2\/product_brand?post=734940"},{"taxonomy":"product_cat","embeddable":true,"href":"https:\/\/stoic-curie.212-227-153-4.plesk.page\/de\/wp-json\/wp\/v2\/product_cat?post=734940"},{"taxonomy":"product_tag","embeddable":true,"href":"https:\/\/stoic-curie.212-227-153-4.plesk.page\/de\/wp-json\/wp\/v2\/product_tag?post=734940"}],"curies":[{"name":"wp","href":"https:\/\/api.w.org\/{rel}","templated":true}]}}