{"id":734942,"date":"2025-03-03T16:25:42","date_gmt":"2025-03-03T15:25:42","guid":{"rendered":"https:\/\/stoic-curie.212-227-153-4.plesk.page\/producto\/schlauchboot-eurovinil-ev-rib-222cm\/"},"modified":"2026-02-24T23:34:57","modified_gmt":"2026-02-24T23:34:57","slug":"schlauchboot-eurovinil-ev-rib-222cm","status":"publish","type":"product","link":"https:\/\/stoic-curie.212-227-153-4.plesk.page\/de\/product\/schlauchboot-eurovinil-ev-rib-222cm\/","title":{"rendered":"Schlauchboot Eurovinil EV RIB 222cm"},"content":{"rendered":"<p>Schlauchboot Eurovinil EV RIB 222cm &#8211; Die semi-rigid Tender Eurovinil EV RIB 222 cm verf\u00fcgt \u00fcber einen Fiberglasboden, der mit modernster Vakuumtechnologie hergestellt wurde. Dies ergibt ein Produkt, das sowohl robust als auch leicht ist und bemerkenswerte Leistungen selbst bei kleineren Motoren bietet. Hergestellt aus hochbest\u00e4ndigem 1100D PVC-Gewebe, sorgt dieser Tender f\u00fcr Langlebigkeit und Effizienz, selbst bei weniger leistungsstarken Motoren. Das gro\u00dfe Durchmesser-Rohrdesign und die spritzwassergesch\u00fctzten Fender bieten hervorragenden Komfort beim Navigieren.<\/p>\n<p>Diese Produktreihe zeichnet sich durch ihre sorgf\u00e4ltige Detailverliebtheit und stilvolle \u00c4sthetik aus. Das ger\u00e4umige Rohrgestell sowie das spritzwassergesch\u00fctzte Verdeck erh\u00f6hen den Komfort und sch\u00fctzen die Passagiere vor Wassereintritt.<\/p>\n<p>Die semi-rigid Boote, die sich durch ihren eleganten wei\u00dfen Finish auszeichnen, sind so konzipiert, dass sie zu jedem Schiff passen und eine nahtlose Kombination aus Eleganz, Schlichtheit und Leistung pr\u00e4sentieren.<\/p>\n<p>Standardm\u00e4\u00dfig im Lieferumfang des Tenders enthalten sind:<\/p>\n<ul>\n<li>Blower<\/li>\n<li>Reparaturset<\/li>\n<li>Jollenruder<\/li>\n<li>Bootstasche<\/li>\n<li>Festmacherleine<\/li>\n<li>Bank<\/li>\n<\/ul>\n<p>Spezifikationen f\u00fcr die semi-rigid Tender-Reihe:<\/p>\n<table>\n<thead>\n<tr>\n<th>Modell<\/th>\n<th>200<\/th>\n<th>220<\/th>\n<th>250<\/th>\n<th>285<\/th>\n<\/tr>\n<\/thead>\n<tbody>\n<tr>\n<td>\u00dcberl\u00e4nge (cm)<\/td>\n<td>200<\/td>\n<td>220<\/td>\n<td>250<\/td>\n<td>290<\/td>\n<\/tr>\n<tr>\n<td>\u00dcberbreite (cm)<\/td>\n<td>147<\/td>\n<td>147<\/td>\n<td>150<\/td>\n<td>168<\/td>\n<\/tr>\n<tr>\n<td>Transomh\u00f6he (cm)<\/td>\n<td>38<\/td>\n<td>38<\/td>\n<td>38<\/td>\n<td>39<\/td>\n<\/tr>\n<tr>\n<td>Durchmesser der Rohrstrukturen (cm, durchschnittlich)<\/td>\n<td>38<\/td>\n<td>38<\/td>\n<td>42<\/td>\n<td>43<\/td>\n<\/tr>\n<tr>\n<td>Anzahl der Personen<\/td>\n<td>2<\/td>\n<td>2<\/td>\n<td>3<\/td>\n<td>3<\/td>\n<\/tr>\n<tr>\n<td>Maximale Tragf\u00e4higkeit (kg)<\/td>\n<td>180<\/td>\n<td>280<\/td>\n<td>450<\/td>\n<td>550<\/td>\n<\/tr>\n<tr>\n<td>Anzahl der R\u00e4ume<\/td>\n<td>3<\/td>\n<td>3<\/td>\n<td>3<\/td>\n<td>3<\/td>\n<\/tr>\n<tr>\n<td>Gewicht (kg)<\/td>\n<td>37<\/td>\n<td>39<\/td>\n<td>50<\/td>\n<td>65<\/td>\n<\/tr>\n<tr>\n<td>Maximale Pferdest\u00e4rke (HP)<\/td>\n<td>4,5<\/td>\n<td>10<\/td>\n<td>10<\/td>\n<td>10<\/td>\n<\/tr>\n<tr>\n<td>Welle<\/td>\n<td>Kurz<\/td>\n<td>Kurz<\/td>\n<td>Kurz<\/td>\n<td>Kurz<\/td>\n<\/tr>\n<tr>\n<td>Designkategorie<\/td>\n<td>D<\/td>\n<td>D<\/td>\n<td>D<\/td>\n<td>D<\/td>\n<\/tr>\n<\/tbody>\n<\/table>\n<p>Dieser detaillierte \u00dcberblick gibt Ihnen alle notwendigen Informationen, um eine fundierte Entscheidung in Bezug auf Ihre semi-rigid Tenderbed\u00fcrfnisse zu treffen.<\/p>\n","protected":false},"excerpt":{"rendered":"<p>Schlauchboot Eurovinil EV RIB 222cm &#8211; Die semi-rigid Tender Eurovinil EV RIB 222 cm verf\u00fcgt \u00fcber einen Fiberglasboden, der mit<\/p>\n","protected":false},"featured_media":5942138,"comment_status":"open","ping_status":"closed","template":"","meta":[],"product_brand":[2925],"product_cat":[1546],"product_tag":[],"class_list":{"0":"post-734942","1":"product","2":"type-product","3":"status-publish","4":"has-post-thumbnail","6":"product_brand-eurovinil-de","7":"product_cat-schlauchboote-und-beiboote","9":"first","10":"instock","11":"shipping-taxable","12":"purchasable","13":"product-type-simple"},"_links":{"self":[{"href":"https:\/\/stoic-curie.212-227-153-4.plesk.page\/de\/wp-json\/wp\/v2\/product\/734942","targetHints":{"allow":["GET"]}}],"collection":[{"href":"https:\/\/stoic-curie.212-227-153-4.plesk.page\/de\/wp-json\/wp\/v2\/product"}],"about":[{"href":"https:\/\/stoic-curie.212-227-153-4.plesk.page\/de\/wp-json\/wp\/v2\/types\/product"}],"replies":[{"embeddable":true,"href":"https:\/\/stoic-curie.212-227-153-4.plesk.page\/de\/wp-json\/wp\/v2\/comments?post=734942"}],"version-history":[{"count":0,"href":"https:\/\/stoic-curie.212-227-153-4.plesk.page\/de\/wp-json\/wp\/v2\/product\/734942\/revisions"}],"wp:featuredmedia":[{"embeddable":true,"href":"https:\/\/stoic-curie.212-227-153-4.plesk.page\/de\/wp-json\/wp\/v2\/media\/5942138"}],"wp:attachment":[{"href":"https:\/\/stoic-curie.212-227-153-4.plesk.page\/de\/wp-json\/wp\/v2\/media?parent=734942"}],"wp:term":[{"taxonomy":"product_brand","embeddable":true,"href":"https:\/\/stoic-curie.212-227-153-4.plesk.page\/de\/wp-json\/wp\/v2\/product_brand?post=734942"},{"taxonomy":"product_cat","embeddable":true,"href":"https:\/\/stoic-curie.212-227-153-4.plesk.page\/de\/wp-json\/wp\/v2\/product_cat?post=734942"},{"taxonomy":"product_tag","embeddable":true,"href":"https:\/\/stoic-curie.212-227-153-4.plesk.page\/de\/wp-json\/wp\/v2\/product_tag?post=734942"}],"curies":[{"name":"wp","href":"https:\/\/api.w.org\/{rel}","templated":true}]}}