{"id":734952,"date":"2025-03-03T16:25:44","date_gmt":"2025-03-03T15:25:44","guid":{"rendered":"https:\/\/stoic-curie.212-227-153-4.plesk.page\/producto\/vorgespleisste-dockleine-weiss-24mm-x-15m\/"},"modified":"2026-02-24T23:34:57","modified_gmt":"2026-02-24T23:34:57","slug":"vorgespleisste-dockleine-weiss-24mm-x-15m","status":"publish","type":"product","link":"https:\/\/stoic-curie.212-227-153-4.plesk.page\/de\/product\/vorgespleisste-dockleine-weiss-24mm-x-15m\/","title":{"rendered":"Vorgesplei\u00dfte Dockleine Wei\u00df 24mm x 15m"},"content":{"rendered":"<p>Vorgesplei\u00dfte Dockleine Wei\u00df 24mm x 15m &#8211; <\/p>\n<p>Bereit zur Verwendung, gesplei\u00dftes, weiches Auge, doppelt geflochtenes Polyester-Dockseil. Schwimmt nicht.<\/p>\n","protected":false},"excerpt":{"rendered":"<p>Vorgesplei\u00dfte Dockleine Wei\u00df 24mm x 15m &#8211; Bereit zur Verwendung, gesplei\u00dftes, weiches Auge, doppelt geflochtenes Polyester-Dockseil. Schwimmt nicht.<\/p>\n","protected":false},"featured_media":5942144,"comment_status":"open","ping_status":"closed","template":"","meta":[],"product_brand":[3100],"product_cat":[1335,1336],"product_tag":[],"class_list":{"0":"post-734952","1":"product","2":"type-product","3":"status-publish","4":"has-post-thumbnail","6":"product_brand-marco-benvenuti-de","7":"product_cat-anlege-und-festmacherleinen","8":"product_cat-vorgefertigte-seile","10":"first","11":"instock","12":"shipping-taxable","13":"purchasable","14":"product-type-simple"},"_links":{"self":[{"href":"https:\/\/stoic-curie.212-227-153-4.plesk.page\/de\/wp-json\/wp\/v2\/product\/734952","targetHints":{"allow":["GET"]}}],"collection":[{"href":"https:\/\/stoic-curie.212-227-153-4.plesk.page\/de\/wp-json\/wp\/v2\/product"}],"about":[{"href":"https:\/\/stoic-curie.212-227-153-4.plesk.page\/de\/wp-json\/wp\/v2\/types\/product"}],"replies":[{"embeddable":true,"href":"https:\/\/stoic-curie.212-227-153-4.plesk.page\/de\/wp-json\/wp\/v2\/comments?post=734952"}],"version-history":[{"count":0,"href":"https:\/\/stoic-curie.212-227-153-4.plesk.page\/de\/wp-json\/wp\/v2\/product\/734952\/revisions"}],"wp:featuredmedia":[{"embeddable":true,"href":"https:\/\/stoic-curie.212-227-153-4.plesk.page\/de\/wp-json\/wp\/v2\/media\/5942144"}],"wp:attachment":[{"href":"https:\/\/stoic-curie.212-227-153-4.plesk.page\/de\/wp-json\/wp\/v2\/media?parent=734952"}],"wp:term":[{"taxonomy":"product_brand","embeddable":true,"href":"https:\/\/stoic-curie.212-227-153-4.plesk.page\/de\/wp-json\/wp\/v2\/product_brand?post=734952"},{"taxonomy":"product_cat","embeddable":true,"href":"https:\/\/stoic-curie.212-227-153-4.plesk.page\/de\/wp-json\/wp\/v2\/product_cat?post=734952"},{"taxonomy":"product_tag","embeddable":true,"href":"https:\/\/stoic-curie.212-227-153-4.plesk.page\/de\/wp-json\/wp\/v2\/product_tag?post=734952"}],"curies":[{"name":"wp","href":"https:\/\/api.w.org\/{rel}","templated":true}]}}