{"id":734958,"date":"2025-03-03T16:25:45","date_gmt":"2025-03-03T15:25:45","guid":{"rendered":"https:\/\/stoic-curie.212-227-153-4.plesk.page\/producto\/skywatch-smartphone-bluetooth-bl500\/"},"modified":"2026-02-24T23:34:57","modified_gmt":"2026-02-24T23:34:57","slug":"skywatch-smartphone-bluetooth-bl500","status":"publish","type":"product","link":"https:\/\/stoic-curie.212-227-153-4.plesk.page\/de\/product\/skywatch-smartphone-bluetooth-bl500\/","title":{"rendered":"Skywatch Smartphone Bluetooth BL500"},"content":{"rendered":"<p>Skywatch Smartphone Bluetooth BL500 &#8211; <\/p>\n<p>Vollst\u00e4ndige Wetterstation, die \u00fcber Bluetooth mit dem Smartphone verbunden ist. Ideal f\u00fcr alle professionellen und Outdoor-Aktivit\u00e4ten wie Segeln, Kitesurfen, Paragliding, Wandern usw. Hergestellt aus IP67 anodisiertem Aluminium, mit wiederaufladbarem Mikro-USB-Akku. Abmessungen \u00d826 x 116 mm. Komplett mit Schnur, Metallclip und Aufbewahrungsbox. Kompatibel mit iPhone\/iPad und Android.<\/p>\n","protected":false},"excerpt":{"rendered":"<p>Skywatch Smartphone Bluetooth BL500 &#8211; Vollst\u00e4ndige Wetterstation, die \u00fcber Bluetooth mit dem Smartphone verbunden ist. Ideal f\u00fcr alle professionellen und<\/p>\n","protected":false},"featured_media":5942151,"comment_status":"open","ping_status":"closed","template":"","meta":[],"product_brand":[3405],"product_cat":[1457,1490],"product_tag":[],"class_list":{"0":"post-734958","1":"product","2":"type-product","3":"status-publish","4":"has-post-thumbnail","6":"product_brand-skywatch-de","7":"product_cat-bootelektronik","8":"product_cat-nautische-instrumente","10":"first","11":"outofstock","12":"shipping-taxable","13":"purchasable","14":"product-type-simple"},"_links":{"self":[{"href":"https:\/\/stoic-curie.212-227-153-4.plesk.page\/de\/wp-json\/wp\/v2\/product\/734958","targetHints":{"allow":["GET"]}}],"collection":[{"href":"https:\/\/stoic-curie.212-227-153-4.plesk.page\/de\/wp-json\/wp\/v2\/product"}],"about":[{"href":"https:\/\/stoic-curie.212-227-153-4.plesk.page\/de\/wp-json\/wp\/v2\/types\/product"}],"replies":[{"embeddable":true,"href":"https:\/\/stoic-curie.212-227-153-4.plesk.page\/de\/wp-json\/wp\/v2\/comments?post=734958"}],"version-history":[{"count":0,"href":"https:\/\/stoic-curie.212-227-153-4.plesk.page\/de\/wp-json\/wp\/v2\/product\/734958\/revisions"}],"wp:featuredmedia":[{"embeddable":true,"href":"https:\/\/stoic-curie.212-227-153-4.plesk.page\/de\/wp-json\/wp\/v2\/media\/5942151"}],"wp:attachment":[{"href":"https:\/\/stoic-curie.212-227-153-4.plesk.page\/de\/wp-json\/wp\/v2\/media?parent=734958"}],"wp:term":[{"taxonomy":"product_brand","embeddable":true,"href":"https:\/\/stoic-curie.212-227-153-4.plesk.page\/de\/wp-json\/wp\/v2\/product_brand?post=734958"},{"taxonomy":"product_cat","embeddable":true,"href":"https:\/\/stoic-curie.212-227-153-4.plesk.page\/de\/wp-json\/wp\/v2\/product_cat?post=734958"},{"taxonomy":"product_tag","embeddable":true,"href":"https:\/\/stoic-curie.212-227-153-4.plesk.page\/de\/wp-json\/wp\/v2\/product_tag?post=734958"}],"curies":[{"name":"wp","href":"https:\/\/api.w.org\/{rel}","templated":true}]}}