{"id":734960,"date":"2025-03-03T16:25:46","date_gmt":"2025-03-03T15:25:46","guid":{"rendered":"https:\/\/stoic-curie.212-227-153-4.plesk.page\/producto\/paar-edelstahl-fussschalter-mz-12-24v\/"},"modified":"2026-02-24T23:34:57","modified_gmt":"2026-02-24T23:34:57","slug":"paar-edelstahl-fussschalter-mz-12-24v","status":"publish","type":"product","link":"https:\/\/stoic-curie.212-227-153-4.plesk.page\/de\/product\/paar-edelstahl-fussschalter-mz-12-24v\/","title":{"rendered":"Paar Edelstahl-Fu\u00dfschalter MZ 12\/24V"},"content":{"rendered":"<p>Paar Edelstahl-Fu\u00dfschalter MZ 12\/24V &#8211; <\/p>\n<p>Paar Up-Down-Fu\u00dfschalter mit einer Basis und Abdeckung aus rostfreiem Stahl. Witterungsbest\u00e4ndig, mit salzwasserbest\u00e4ndigem Silikon-Gummi. Durchmesser 70 mm, maximale Last 5A.<\/p>\n","protected":false},"excerpt":{"rendered":"<p>Paar Edelstahl-Fu\u00dfschalter MZ 12\/24V &#8211; Paar Up-Down-Fu\u00dfschalter mit einer Basis und Abdeckung aus rostfreiem Stahl. Witterungsbest\u00e4ndig, mit salzwasserbest\u00e4ndigem Silikon-Gummi. Durchmesser<\/p>\n","protected":false},"featured_media":5942157,"comment_status":"open","ping_status":"closed","template":"","meta":[],"product_brand":[3160],"product_cat":[1324],"product_tag":[],"class_list":{"0":"post-734960","1":"product","2":"type-product","3":"status-publish","4":"has-post-thumbnail","6":"product_brand-mz-electronic-de","7":"product_cat-ankerwinden-quick","9":"first","10":"instock","11":"shipping-taxable","12":"purchasable","13":"product-type-simple"},"_links":{"self":[{"href":"https:\/\/stoic-curie.212-227-153-4.plesk.page\/de\/wp-json\/wp\/v2\/product\/734960","targetHints":{"allow":["GET"]}}],"collection":[{"href":"https:\/\/stoic-curie.212-227-153-4.plesk.page\/de\/wp-json\/wp\/v2\/product"}],"about":[{"href":"https:\/\/stoic-curie.212-227-153-4.plesk.page\/de\/wp-json\/wp\/v2\/types\/product"}],"replies":[{"embeddable":true,"href":"https:\/\/stoic-curie.212-227-153-4.plesk.page\/de\/wp-json\/wp\/v2\/comments?post=734960"}],"version-history":[{"count":0,"href":"https:\/\/stoic-curie.212-227-153-4.plesk.page\/de\/wp-json\/wp\/v2\/product\/734960\/revisions"}],"wp:featuredmedia":[{"embeddable":true,"href":"https:\/\/stoic-curie.212-227-153-4.plesk.page\/de\/wp-json\/wp\/v2\/media\/5942157"}],"wp:attachment":[{"href":"https:\/\/stoic-curie.212-227-153-4.plesk.page\/de\/wp-json\/wp\/v2\/media?parent=734960"}],"wp:term":[{"taxonomy":"product_brand","embeddable":true,"href":"https:\/\/stoic-curie.212-227-153-4.plesk.page\/de\/wp-json\/wp\/v2\/product_brand?post=734960"},{"taxonomy":"product_cat","embeddable":true,"href":"https:\/\/stoic-curie.212-227-153-4.plesk.page\/de\/wp-json\/wp\/v2\/product_cat?post=734960"},{"taxonomy":"product_tag","embeddable":true,"href":"https:\/\/stoic-curie.212-227-153-4.plesk.page\/de\/wp-json\/wp\/v2\/product_tag?post=734960"}],"curies":[{"name":"wp","href":"https:\/\/api.w.org\/{rel}","templated":true}]}}