{"id":734962,"date":"2025-03-03T16:25:46","date_gmt":"2025-03-03T15:25:46","guid":{"rendered":"https:\/\/stoic-curie.212-227-153-4.plesk.page\/producto\/verzinkter-stahl-pool-hhp-anker-20-kg\/"},"modified":"2026-02-24T23:34:58","modified_gmt":"2026-02-24T23:34:58","slug":"verzinkter-stahl-pool-hhp-anker-20-kg","status":"publish","type":"product","link":"https:\/\/stoic-curie.212-227-153-4.plesk.page\/de\/product\/verzinkter-stahl-pool-hhp-anker-20-kg\/","title":{"rendered":"Anker Pool HHP 20kg"},"content":{"rendered":"<p>Anker Pool HHP 20kg &#8211; <\/p>\n<p>Galvanisierter Stahl &#8220;Pool HHP&#8221; (Hohe Haltekraft) Anker: Ideal f\u00fcr die Verwendung in Sand und Schlamm. Der TW-Typ Anker ist ein schaufelloser Hochhaltekraftanker, der entwickelt wurde, um herausragende Ankerleistungen zu bieten. Er bietet mehr als die doppelte Haltekraft von Standardankern mit vergleichbarem Gewicht. Dieser Anker ist mit gro\u00dfen, flachen Schaufeln aus hochfestem Stahlblech ausgestattet, deren Dicken von 15 mm bis 140 mm variieren, abh\u00e4ngig von der Gr\u00f6\u00dfe des Ankers.<\/p>\n<p><strong>Produktspezifikationen:<\/strong><\/p>\n<ul>\n<li><strong>Typ:<\/strong> Hochhaltekraftanker<\/li>\n<li><strong>Material:<\/strong> Stahl ZG230-45CH<\/li>\n<li><strong>Gewichtsspanne:<\/strong> 50 kg bis 150 kg<\/li>\n<li><strong>Oberfl\u00e4chenbehandlungsoptionen:<\/strong> Feuerverzinkt<\/li>\n<li><strong>Zertifikate:<\/strong> BV, ABS, DNV, GL, LRS, RINA, RS, IRS, CCS, KR, NK<\/li>\n<\/ul>\n<p>Dieser Anker ist eine zuverl\u00e4ssige Wahl f\u00fcr Bootseigent\u00fcmer, die eine robuste und effektive Ankerl\u00f6sung unter herausfordernden Bedingungen suchen.<\/p>\n","protected":false},"excerpt":{"rendered":"<p>Anker Pool HHP 20kg &#8211; Galvanisierter Stahl &#8220;Pool HHP&#8221; (Hohe Haltekraft) Anker: Ideal f\u00fcr die Verwendung in Sand und Schlamm.<\/p>\n","protected":false},"featured_media":5942158,"comment_status":"open","ping_status":"closed","template":"","meta":[],"product_brand":[3085],"product_cat":[1584],"product_tag":[],"class_list":{"0":"post-734962","1":"product","2":"type-product","3":"status-publish","4":"has-post-thumbnail","6":"product_brand-maggigroup-de","7":"product_cat-anker-danforth","9":"first","10":"instock","11":"shipping-taxable","12":"purchasable","13":"product-type-simple"},"_links":{"self":[{"href":"https:\/\/stoic-curie.212-227-153-4.plesk.page\/de\/wp-json\/wp\/v2\/product\/734962","targetHints":{"allow":["GET"]}}],"collection":[{"href":"https:\/\/stoic-curie.212-227-153-4.plesk.page\/de\/wp-json\/wp\/v2\/product"}],"about":[{"href":"https:\/\/stoic-curie.212-227-153-4.plesk.page\/de\/wp-json\/wp\/v2\/types\/product"}],"replies":[{"embeddable":true,"href":"https:\/\/stoic-curie.212-227-153-4.plesk.page\/de\/wp-json\/wp\/v2\/comments?post=734962"}],"version-history":[{"count":0,"href":"https:\/\/stoic-curie.212-227-153-4.plesk.page\/de\/wp-json\/wp\/v2\/product\/734962\/revisions"}],"wp:featuredmedia":[{"embeddable":true,"href":"https:\/\/stoic-curie.212-227-153-4.plesk.page\/de\/wp-json\/wp\/v2\/media\/5942158"}],"wp:attachment":[{"href":"https:\/\/stoic-curie.212-227-153-4.plesk.page\/de\/wp-json\/wp\/v2\/media?parent=734962"}],"wp:term":[{"taxonomy":"product_brand","embeddable":true,"href":"https:\/\/stoic-curie.212-227-153-4.plesk.page\/de\/wp-json\/wp\/v2\/product_brand?post=734962"},{"taxonomy":"product_cat","embeddable":true,"href":"https:\/\/stoic-curie.212-227-153-4.plesk.page\/de\/wp-json\/wp\/v2\/product_cat?post=734962"},{"taxonomy":"product_tag","embeddable":true,"href":"https:\/\/stoic-curie.212-227-153-4.plesk.page\/de\/wp-json\/wp\/v2\/product_tag?post=734962"}],"curies":[{"name":"wp","href":"https:\/\/api.w.org\/{rel}","templated":true}]}}