{"id":734963,"date":"2025-03-03T16:25:46","date_gmt":"2025-03-03T15:25:46","guid":{"rendered":"https:\/\/stoic-curie.212-227-153-4.plesk.page\/producto\/verzinkter-stahl-pool-hhp-anker-40-kg\/"},"modified":"2026-02-24T23:34:58","modified_gmt":"2026-02-24T23:34:58","slug":"verzinkter-stahl-pool-hhp-anker-40-kg","status":"publish","type":"product","link":"https:\/\/stoic-curie.212-227-153-4.plesk.page\/de\/product\/verzinkter-stahl-pool-hhp-anker-40-kg\/","title":{"rendered":"Anker Pool HHP 40kg"},"content":{"rendered":"<p>Anker Pool HHP 40kg &#8211; <\/p>\n<p>Verzinkter Stahl &#8220;Pool HHP&#8221; (High Holding Power) Anker: Ideal zum Einsatz in Sand und Schlamm. Der TW-Typ ist ein stockloses Anker mit hoher Haltekraft, das entwickelt wurde, um au\u00dfergew\u00f6hnliche Ankerf\u00e4higkeiten zu bieten. Es verf\u00fcgt \u00fcber mehr als die doppelte Haltekraft von herk\u00f6mmlichen Ankern desselben Gewichts. Dieses Anker ist mit gro\u00dfen, flachen Schaufeln aus hochfester Stahlplatte ausgestattet, deren Dicke je nach Ankergr\u00f6\u00dfe zwischen 15 mm und 140 mm variiert.<\/p>\n<p><strong>Produkt Spezifikationen:<\/strong><\/p>\n<ul>\n<li><strong>Typ:<\/strong>\u00a0Anker mit hoher Haltekraft<\/li>\n<li><strong>Material:<\/strong>\u00a0Stahl ZG230-45CH<\/li>\n<li><strong>Gewichtsspanne:<\/strong>\u00a050 kg bis 150 kg<\/li>\n<li><strong>Oberfl\u00e4chenbehandlung:<\/strong>\u00a0Hei\u00dfdipverzinkt<\/li>\n<li><strong>Zertifizierungen:<\/strong>\u00a0BV, ABS, DNV, GL, LRS, RINA, RS, IRS, CCS, KR, NK<\/li>\n<\/ul>\n<p>Dieses Anker ist eine hervorragende Wahl f\u00fcr Bootseigner, die nach einer zuverl\u00e4ssigen und stabilen Ankerl\u00f6sung unter schwierigen Bedingungen suchen.<\/p>\n","protected":false},"excerpt":{"rendered":"<p>Anker Pool HHP 40kg &#8211; Verzinkter Stahl &#8220;Pool HHP&#8221; (High Holding Power) Anker: Ideal zum Einsatz in Sand und Schlamm.<\/p>\n","protected":false},"featured_media":5942158,"comment_status":"open","ping_status":"closed","template":"","meta":[],"product_brand":[3085],"product_cat":[1584],"product_tag":[],"class_list":{"0":"post-734963","1":"product","2":"type-product","3":"status-publish","4":"has-post-thumbnail","6":"product_brand-maggigroup-de","7":"product_cat-anker-danforth","9":"first","10":"instock","11":"shipping-taxable","12":"purchasable","13":"product-type-simple"},"_links":{"self":[{"href":"https:\/\/stoic-curie.212-227-153-4.plesk.page\/de\/wp-json\/wp\/v2\/product\/734963","targetHints":{"allow":["GET"]}}],"collection":[{"href":"https:\/\/stoic-curie.212-227-153-4.plesk.page\/de\/wp-json\/wp\/v2\/product"}],"about":[{"href":"https:\/\/stoic-curie.212-227-153-4.plesk.page\/de\/wp-json\/wp\/v2\/types\/product"}],"replies":[{"embeddable":true,"href":"https:\/\/stoic-curie.212-227-153-4.plesk.page\/de\/wp-json\/wp\/v2\/comments?post=734963"}],"version-history":[{"count":0,"href":"https:\/\/stoic-curie.212-227-153-4.plesk.page\/de\/wp-json\/wp\/v2\/product\/734963\/revisions"}],"wp:featuredmedia":[{"embeddable":true,"href":"https:\/\/stoic-curie.212-227-153-4.plesk.page\/de\/wp-json\/wp\/v2\/media\/5942158"}],"wp:attachment":[{"href":"https:\/\/stoic-curie.212-227-153-4.plesk.page\/de\/wp-json\/wp\/v2\/media?parent=734963"}],"wp:term":[{"taxonomy":"product_brand","embeddable":true,"href":"https:\/\/stoic-curie.212-227-153-4.plesk.page\/de\/wp-json\/wp\/v2\/product_brand?post=734963"},{"taxonomy":"product_cat","embeddable":true,"href":"https:\/\/stoic-curie.212-227-153-4.plesk.page\/de\/wp-json\/wp\/v2\/product_cat?post=734963"},{"taxonomy":"product_tag","embeddable":true,"href":"https:\/\/stoic-curie.212-227-153-4.plesk.page\/de\/wp-json\/wp\/v2\/product_tag?post=734963"}],"curies":[{"name":"wp","href":"https:\/\/api.w.org\/{rel}","templated":true}]}}