{"id":734964,"date":"2025-03-03T16:25:46","date_gmt":"2025-03-03T15:25:46","guid":{"rendered":"https:\/\/stoic-curie.212-227-153-4.plesk.page\/producto\/verzinkter-stahl-pool-hhp-anker-60-kg\/"},"modified":"2026-02-24T23:34:58","modified_gmt":"2026-02-24T23:34:58","slug":"verzinkter-stahl-pool-hhp-anker-60-kg","status":"publish","type":"product","link":"https:\/\/stoic-curie.212-227-153-4.plesk.page\/de\/product\/verzinkter-stahl-pool-hhp-anker-60-kg\/","title":{"rendered":"Anker Pool HHP 60kg"},"content":{"rendered":"<p>Anker Pool HHP 60kg &#8211; <\/p>\n<p>Galvanisierter Stahl &#8220;Pool HHP&#8221; (High Holding Power) Anker: Perfekt f\u00fcr den Einsatz in Sand und Schlamm. Der TW-Anker ist ein hafenloser Anker mit hoher Haltekraft, der entwickelt wurde, um au\u00dfergew\u00f6hnliche Verankerungsm\u00f6glichkeiten zu bieten. Er bietet die mehr als doppelte Haltekraft herk\u00f6mmlicher Anker des gleichen Gewichts. Dieser Anker ist mit gro\u00dfen, flachen Flunken aus hochfestem Stahlblech ausgestattet, dessen Dicke je nach Ankergr\u00f6\u00dfe zwischen 15 mm und 140 mm variiert.<\/p>\n<p><strong>Produkt-Spezifikationen:<\/strong><\/p>\n<ul>\n<li><strong>Typ:<\/strong> Hochhaltekraftanker<\/li>\n<li><strong>Material:<\/strong> Stahl ZG230-45CH<\/li>\n<li><strong>Gewichtsspanne:<\/strong> 50 kg bis 150 kg<\/li>\n<li><strong>Oberfl\u00e4chenbehandlungen:<\/strong> hei\u00dfgalvanisiert<\/li>\n<li><strong>Zertifizierungen:<\/strong> BV, ABS, DNV, GL, LRS, RINA, RS, IRS, CCS, KR, NK<\/li>\n<\/ul>\n<p>Dieser Anker ist eine hervorragende Option f\u00fcr Bootsbesitzer, die eine zuverl\u00e4ssige und robuste Verankerungsl\u00f6sung unter schwierigen Bedingungen suchen.<\/p>\n","protected":false},"excerpt":{"rendered":"<p>Anker Pool HHP 60kg &#8211; Galvanisierter Stahl &#8220;Pool HHP&#8221; (High Holding Power) Anker: Perfekt f\u00fcr den Einsatz in Sand und<\/p>\n","protected":false},"featured_media":5942158,"comment_status":"open","ping_status":"closed","template":"","meta":[],"product_brand":[3085],"product_cat":[1584],"product_tag":[],"class_list":{"0":"post-734964","1":"product","2":"type-product","3":"status-publish","4":"has-post-thumbnail","6":"product_brand-maggigroup-de","7":"product_cat-anker-danforth","9":"first","10":"instock","11":"shipping-taxable","12":"purchasable","13":"product-type-simple"},"_links":{"self":[{"href":"https:\/\/stoic-curie.212-227-153-4.plesk.page\/de\/wp-json\/wp\/v2\/product\/734964","targetHints":{"allow":["GET"]}}],"collection":[{"href":"https:\/\/stoic-curie.212-227-153-4.plesk.page\/de\/wp-json\/wp\/v2\/product"}],"about":[{"href":"https:\/\/stoic-curie.212-227-153-4.plesk.page\/de\/wp-json\/wp\/v2\/types\/product"}],"replies":[{"embeddable":true,"href":"https:\/\/stoic-curie.212-227-153-4.plesk.page\/de\/wp-json\/wp\/v2\/comments?post=734964"}],"version-history":[{"count":0,"href":"https:\/\/stoic-curie.212-227-153-4.plesk.page\/de\/wp-json\/wp\/v2\/product\/734964\/revisions"}],"wp:featuredmedia":[{"embeddable":true,"href":"https:\/\/stoic-curie.212-227-153-4.plesk.page\/de\/wp-json\/wp\/v2\/media\/5942158"}],"wp:attachment":[{"href":"https:\/\/stoic-curie.212-227-153-4.plesk.page\/de\/wp-json\/wp\/v2\/media?parent=734964"}],"wp:term":[{"taxonomy":"product_brand","embeddable":true,"href":"https:\/\/stoic-curie.212-227-153-4.plesk.page\/de\/wp-json\/wp\/v2\/product_brand?post=734964"},{"taxonomy":"product_cat","embeddable":true,"href":"https:\/\/stoic-curie.212-227-153-4.plesk.page\/de\/wp-json\/wp\/v2\/product_cat?post=734964"},{"taxonomy":"product_tag","embeddable":true,"href":"https:\/\/stoic-curie.212-227-153-4.plesk.page\/de\/wp-json\/wp\/v2\/product_tag?post=734964"}],"curies":[{"name":"wp","href":"https:\/\/api.w.org\/{rel}","templated":true}]}}