{"id":734965,"date":"2025-03-03T16:25:47","date_gmt":"2025-03-03T15:25:47","guid":{"rendered":"https:\/\/stoic-curie.212-227-153-4.plesk.page\/producto\/verzinkter-stahl-pool-hhp-anker-100-kg\/"},"modified":"2026-02-24T23:34:58","modified_gmt":"2026-02-24T23:34:58","slug":"verzinkter-stahl-pool-hhp-anker-100-kg","status":"publish","type":"product","link":"https:\/\/stoic-curie.212-227-153-4.plesk.page\/de\/product\/verzinkter-stahl-pool-hhp-anker-100-kg\/","title":{"rendered":"Anker Pool HHP 100 kg"},"content":{"rendered":"<p>Anker Pool HHP 100 kg &#8211; <\/p>\n<p>Verzinkter Stahl &#8220;Pool HHP&#8221; (High Holding Power) Anker: Perfekt f\u00fcr den Einsatz in Sand und Schlamm. Der TW-Ankertyp ist ein kieferloses Anker mit hoher Haltekraft, das entwickelt wurde, um au\u00dfergew\u00f6hnliche Ankerleistung zu bieten. Es bietet mehr als die doppelte Haltekraft herk\u00f6mmlicher Anker des gleichen Gewichts. Dieses Anker verf\u00fcgt \u00fcber gro\u00dfe, flache Flunken aus hochfestem Stahlblech mit Dicken von 15 mm bis 140 mm, abh\u00e4ngig von der Ankergr\u00f6\u00dfe.<\/p>\n<p><strong>Produktdetails:<\/strong><\/p>\n<ul>\n<li><strong>Typ:<\/strong> Anker mit hoher Haltekraft<\/li>\n<li><strong>Material:<\/strong> Stahl ZG230-45CH<\/li>\n<li><strong>Gewichtsbereich:<\/strong> 50 kg bis 150 kg<\/li>\n<li><strong>Oberfl\u00e4chenoptionen:<\/strong> Feuerverzinkt<\/li>\n<li><strong>Zertifizierungen:<\/strong> BV, ABS, DNV, GL, LRS, RINA, RS, IRS, CCS, KR, NK<\/li>\n<\/ul>\n<p>Dieses Anker ist eine hervorragende Wahl f\u00fcr Bootsbesitzer, die in herausfordernden Bedingungen nach einer zuverl\u00e4ssigen und robusten Ankerl\u00f6sung suchen.<\/p>\n","protected":false},"excerpt":{"rendered":"<p>Anker Pool HHP 100 kg &#8211; Verzinkter Stahl &#8220;Pool HHP&#8221; (High Holding Power) Anker: Perfekt f\u00fcr den Einsatz in Sand<\/p>\n","protected":false},"featured_media":5942158,"comment_status":"open","ping_status":"closed","template":"","meta":[],"product_brand":[3085],"product_cat":[1584],"product_tag":[],"class_list":{"0":"post-734965","1":"product","2":"type-product","3":"status-publish","4":"has-post-thumbnail","6":"product_brand-maggigroup-de","7":"product_cat-anker-danforth","9":"first","10":"instock","11":"shipping-taxable","12":"purchasable","13":"product-type-simple"},"_links":{"self":[{"href":"https:\/\/stoic-curie.212-227-153-4.plesk.page\/de\/wp-json\/wp\/v2\/product\/734965","targetHints":{"allow":["GET"]}}],"collection":[{"href":"https:\/\/stoic-curie.212-227-153-4.plesk.page\/de\/wp-json\/wp\/v2\/product"}],"about":[{"href":"https:\/\/stoic-curie.212-227-153-4.plesk.page\/de\/wp-json\/wp\/v2\/types\/product"}],"replies":[{"embeddable":true,"href":"https:\/\/stoic-curie.212-227-153-4.plesk.page\/de\/wp-json\/wp\/v2\/comments?post=734965"}],"version-history":[{"count":0,"href":"https:\/\/stoic-curie.212-227-153-4.plesk.page\/de\/wp-json\/wp\/v2\/product\/734965\/revisions"}],"wp:featuredmedia":[{"embeddable":true,"href":"https:\/\/stoic-curie.212-227-153-4.plesk.page\/de\/wp-json\/wp\/v2\/media\/5942158"}],"wp:attachment":[{"href":"https:\/\/stoic-curie.212-227-153-4.plesk.page\/de\/wp-json\/wp\/v2\/media?parent=734965"}],"wp:term":[{"taxonomy":"product_brand","embeddable":true,"href":"https:\/\/stoic-curie.212-227-153-4.plesk.page\/de\/wp-json\/wp\/v2\/product_brand?post=734965"},{"taxonomy":"product_cat","embeddable":true,"href":"https:\/\/stoic-curie.212-227-153-4.plesk.page\/de\/wp-json\/wp\/v2\/product_cat?post=734965"},{"taxonomy":"product_tag","embeddable":true,"href":"https:\/\/stoic-curie.212-227-153-4.plesk.page\/de\/wp-json\/wp\/v2\/product_tag?post=734965"}],"curies":[{"name":"wp","href":"https:\/\/api.w.org\/{rel}","templated":true}]}}