{"id":734967,"date":"2025-03-03T16:25:47","date_gmt":"2025-03-03T15:25:47","guid":{"rendered":"https:\/\/stoic-curie.212-227-153-4.plesk.page\/producto\/jabsco-membranpumpe-16-liter-pro-minute-24v\/"},"modified":"2026-02-24T23:34:58","modified_gmt":"2026-02-24T23:34:58","slug":"jabsco-membranpumpe-16-liter-pro-minute-24v","status":"publish","type":"product","link":"https:\/\/stoic-curie.212-227-153-4.plesk.page\/de\/product\/jabsco-membranpumpe-16-liter-pro-minute-24v\/","title":{"rendered":"Jabsco Membranpumpe 16 Liter pro Minute, 24V"},"content":{"rendered":"<p>Jabsco Membranpumpe 16 Liter pro Minute, 24V &#8211; <\/p>\n<p>Robuste Jabsco Membranpumpe, selbstansaugend bis zu einer H\u00f6he von 3 m. Ideal f\u00fcr Dusche, Grauwasser und Bilgenentw\u00e4sserung. Leiser Betrieb, ohne Filter, kompakte Bauweise und flexible Installation mit mehrdimensionalem Kopf.<\/p>\n","protected":false},"excerpt":{"rendered":"<p>Jabsco Membranpumpe 16 Liter pro Minute, 24V &#8211; Robuste Jabsco Membranpumpe, selbstansaugend bis zu einer H\u00f6he von 3 m. Ideal<\/p>\n","protected":false},"featured_media":5942166,"comment_status":"open","ping_status":"closed","template":"","meta":[],"product_brand":[3030],"product_cat":[1385,1372,1373],"product_tag":[],"class_list":{"0":"post-734967","1":"product","2":"type-product","3":"status-publish","4":"has-post-thumbnail","6":"product_brand-jabsco-marine-de","7":"product_cat-abwasserpumpen","8":"product_cat-elektrische-bilgepumpen","9":"product_cat-wasserdruckpumpen","11":"first","12":"instock","13":"shipping-taxable","14":"purchasable","15":"product-type-simple"},"_links":{"self":[{"href":"https:\/\/stoic-curie.212-227-153-4.plesk.page\/de\/wp-json\/wp\/v2\/product\/734967","targetHints":{"allow":["GET"]}}],"collection":[{"href":"https:\/\/stoic-curie.212-227-153-4.plesk.page\/de\/wp-json\/wp\/v2\/product"}],"about":[{"href":"https:\/\/stoic-curie.212-227-153-4.plesk.page\/de\/wp-json\/wp\/v2\/types\/product"}],"replies":[{"embeddable":true,"href":"https:\/\/stoic-curie.212-227-153-4.plesk.page\/de\/wp-json\/wp\/v2\/comments?post=734967"}],"version-history":[{"count":0,"href":"https:\/\/stoic-curie.212-227-153-4.plesk.page\/de\/wp-json\/wp\/v2\/product\/734967\/revisions"}],"wp:featuredmedia":[{"embeddable":true,"href":"https:\/\/stoic-curie.212-227-153-4.plesk.page\/de\/wp-json\/wp\/v2\/media\/5942166"}],"wp:attachment":[{"href":"https:\/\/stoic-curie.212-227-153-4.plesk.page\/de\/wp-json\/wp\/v2\/media?parent=734967"}],"wp:term":[{"taxonomy":"product_brand","embeddable":true,"href":"https:\/\/stoic-curie.212-227-153-4.plesk.page\/de\/wp-json\/wp\/v2\/product_brand?post=734967"},{"taxonomy":"product_cat","embeddable":true,"href":"https:\/\/stoic-curie.212-227-153-4.plesk.page\/de\/wp-json\/wp\/v2\/product_cat?post=734967"},{"taxonomy":"product_tag","embeddable":true,"href":"https:\/\/stoic-curie.212-227-153-4.plesk.page\/de\/wp-json\/wp\/v2\/product_tag?post=734967"}],"curies":[{"name":"wp","href":"https:\/\/api.w.org\/{rel}","templated":true}]}}