{"id":734971,"date":"2025-03-03T16:25:48","date_gmt":"2025-03-03T15:25:48","guid":{"rendered":"https:\/\/stoic-curie.212-227-153-4.plesk.page\/producto\/kit-bugstrahlruder-vetus-35-kgf-12v\/"},"modified":"2026-02-24T23:34:58","modified_gmt":"2026-02-24T23:34:58","slug":"kit-bugstrahlruder-vetus-35-kgf-12v","status":"publish","type":"product","link":"https:\/\/stoic-curie.212-227-153-4.plesk.page\/de\/product\/kit-bugstrahlruder-vetus-35-kgf-12v\/","title":{"rendered":"Kit Bugstrahlruder Vetus 35 kgf 12V"},"content":{"rendered":"<p>Kit Bugstrahlruder Vetus 35 kgf 12V &#8211; <\/p>\n<p style=\"color: rgb(34, 34, 34); font-family: Arial, Helvetica, sans-serif; font-size: small;\">Der VETUS Bugstrahlruder mit einer Schubkraft von 35 kgf ist das Ergebnis jahrelanger Entwicklung und wurde f\u00fcr Boote mit einer L\u00e4nge von 6,0 bis 10,0 Metern (20 bis 30 Fu\u00df) entworfen.<\/p>\n<p style=\"color: rgb(34, 34, 34); font-family: Arial, Helvetica, sans-serif; font-size: small;\">Dieses Bugstrahlruder-Kit ist f\u00fcr Schiffe mit einem Verdr\u00e4ngungsgewicht von bis zu 6,5 Metern und planenden Wasserfahrzeugen bis zu 10 Metern geeignet. Das Kit umfasst:<\/p>\n<ul style=\"color: rgb(34, 34, 34); font-family: Arial, Helvetica, sans-serif; font-size: small;\">\n<li>einen Motor mit Propeller<\/li>\n<li>einen 150 mm Durchmesser GRP Bugtunnel von 75 cm L\u00e4nge<\/li>\n<li>ein BPSE2 Touch-Bedienfeld<\/li>\n<li>6 Meter 4-poliges Kabel<\/li>\n<li>eine 160A Sicherung und Sicherungshalter<\/li>\n<\/ul>\n<p style=\"color: rgb(34, 34, 34); font-family: Arial, Helvetica, sans-serif; font-size: small;\">Das Kit wird komplett mit dem Ruder, GRP-Tunnel, Zeitverz\u00f6gerungsschalter, Sicherung und Sicherungshalter geliefert.<\/p>\n<p style=\"color: rgb(34, 34, 34); font-family: Arial, Helvetica, sans-serif; font-size: small;\">Dieses Modell arbeitet mit einem 12 Volt DC-System und ist auf eine einfache Installation ausgelegt. Das Design mit einem einzelnen Propeller reduziert den Flussst\u00f6rungen im Tunnel, w\u00e4hrend unser innovatives Propellerblatt-Design das Kavitationger\u00e4usch minimiert. Zudem helfen Spiralzahnr\u00e4der, das \u00dcbertragungsger\u00e4usch zu reduzieren, und die Verwendung einer flexiblen Kupplung verringert Vibrationen. Das stromlinienf\u00f6rmige Endst\u00fcck sorgt f\u00fcr einen optimalen Wasserfluss.<\/p>\n<p style=\"color: rgb(34, 34, 34); font-family: Arial, Helvetica, sans-serif; font-size: small;\">Der Bug- und Heckstrahler 35 kgf 12 V 150 mm Tunnel ist eine leistungsstarke L\u00f6sung f\u00fcr pr\u00e4zises Bootshandling. Mit h\u00f6chster Sorgfalt gefertigt, verbessert dieses Ruder die Kontrolle und macht die Navigation in engen R\u00e4umen und das Anlegen zu einer einfachen Aufgabe. Sein Design erm\u00f6glicht eine einfache Installation und ist f\u00fcr Boote von 20 bis 30 Fu\u00df (6 bis 10 Meter) geeignet.<\/p>\n<p style=\"color: rgb(34, 34, 34); font-family: Arial, Helvetica, sans-serif; font-size: small;\">Der BOW3512E ist die ideale Wahl f\u00fcr Bootsbegeisterte, die ihr Erlebnis verbessern m\u00f6chten. Dieses 35 kgf Bug- und Heckstrahlruder bietet au\u00dfergew\u00f6hnliche Man\u00f6vrierf\u00e4higkeit und Kontrolle f\u00fcr Vor- und R\u00fcckw\u00e4rtsbewegungen und gew\u00e4hrleistet eine sanfte Navigation, selbst in anspruchsvollen Gew\u00e4ssern. Der integrierte Temperaturschalter sorgt f\u00fcr Zuverl\u00e4ssigkeit, indem er \u00dcberhitzung verhindert und Sicherheit w\u00e4hrend des Betriebs gew\u00e4hrleistet.<\/p>\n<p style=\"color: rgb(34, 34, 34); font-family: Arial, Helvetica, sans-serif; font-size: small;\">Dar\u00fcber hinaus sorgt das einzigartige Design mit sechs Propellerbl\u00e4ttern, kombiniert mit Spiralzahnr\u00e4dern und einer flexiblen Kupplung, daf\u00fcr, dass das Ruder mit minimalem Ger\u00e4uschpegel arbeitet. Das stromlinienf\u00f6rmige Endst\u00fcck optimiert den Wasserfluss f\u00fcr verbesserte Leistung, und die synthetischen Propeller sind korrosionsbest\u00e4ndig, was die Wartung erleichtert und das Gewicht reduziert.<\/p>\n<p style=\"color: rgb(34, 34, 34); font-family: Arial, Helvetica, sans-serif; font-size: small;\">In Kombination mit unseren Steuerungs-Panels erhalten Sie ein neues Ma\u00df an Kontrolle \u00fcber Ihr Boot. Ob beim Anlegen in engen R\u00e4umen, bei der Navigation durch schwierige Gew\u00e4sser oder beim Reagieren auf unerwartete Situationen \u2013 Sie werden dies mit Vertrauen tun, was sowohl die Sicherheit als auch die Seelenruhe erh\u00f6ht.<\/p>\n<p style=\"color: rgb(34, 34, 34); font-family: Arial, Helvetica, sans-serif; font-size: small;\">Technische Spezifikationen:<\/p>\n<ul style=\"color: rgb(34, 34, 34); font-family: Arial, Helvetica, sans-serif; font-size: small;\">\n<li>Schub: 35 kgf<\/li>\n<li>Leistung: 1,5 kW<\/li>\n<li>Durchmesser des Innenkanals: 150 mm<\/li>\n<li>Gewicht: 12 kg<\/li>\n<li>Spannung: 12 V<\/li>\n<li>Stromverbrauch: 205 A<\/li>\n<li>Kontinuierliche Betriebsdauer: 4 Minuten<\/li>\n<li>Z\u00fcndgesch\u00fctzt: Nein<\/li>\n<li>Proportional: Nein<\/li>\n<li>Wieder einziehbar: Nein<\/li>\n<li>Erweiterte Laufzeit: Nein<\/li>\n<\/ul>\n","protected":false},"excerpt":{"rendered":"<p>Kit Bugstrahlruder Vetus 35 kgf 12V &#8211; Der VETUS Bugstrahlruder mit einer Schubkraft von 35 kgf ist das Ergebnis jahrelanger<\/p>\n","protected":false},"featured_media":5942179,"comment_status":"open","ping_status":"closed","template":"","meta":[],"product_brand":[3520],"product_cat":[1322],"product_tag":[],"class_list":{"0":"post-734971","1":"product","2":"type-product","3":"status-publish","4":"has-post-thumbnail","6":"product_brand-vetus-de","7":"product_cat-bugstrahlruder-vetus","9":"first","10":"instock","11":"shipping-taxable","12":"purchasable","13":"product-type-simple"},"_links":{"self":[{"href":"https:\/\/stoic-curie.212-227-153-4.plesk.page\/de\/wp-json\/wp\/v2\/product\/734971","targetHints":{"allow":["GET"]}}],"collection":[{"href":"https:\/\/stoic-curie.212-227-153-4.plesk.page\/de\/wp-json\/wp\/v2\/product"}],"about":[{"href":"https:\/\/stoic-curie.212-227-153-4.plesk.page\/de\/wp-json\/wp\/v2\/types\/product"}],"replies":[{"embeddable":true,"href":"https:\/\/stoic-curie.212-227-153-4.plesk.page\/de\/wp-json\/wp\/v2\/comments?post=734971"}],"version-history":[{"count":0,"href":"https:\/\/stoic-curie.212-227-153-4.plesk.page\/de\/wp-json\/wp\/v2\/product\/734971\/revisions"}],"wp:featuredmedia":[{"embeddable":true,"href":"https:\/\/stoic-curie.212-227-153-4.plesk.page\/de\/wp-json\/wp\/v2\/media\/5942179"}],"wp:attachment":[{"href":"https:\/\/stoic-curie.212-227-153-4.plesk.page\/de\/wp-json\/wp\/v2\/media?parent=734971"}],"wp:term":[{"taxonomy":"product_brand","embeddable":true,"href":"https:\/\/stoic-curie.212-227-153-4.plesk.page\/de\/wp-json\/wp\/v2\/product_brand?post=734971"},{"taxonomy":"product_cat","embeddable":true,"href":"https:\/\/stoic-curie.212-227-153-4.plesk.page\/de\/wp-json\/wp\/v2\/product_cat?post=734971"},{"taxonomy":"product_tag","embeddable":true,"href":"https:\/\/stoic-curie.212-227-153-4.plesk.page\/de\/wp-json\/wp\/v2\/product_tag?post=734971"}],"curies":[{"name":"wp","href":"https:\/\/api.w.org\/{rel}","templated":true}]}}