{"id":734972,"date":"2025-03-03T16:25:48","date_gmt":"2025-03-03T15:25:48","guid":{"rendered":"https:\/\/stoic-curie.212-227-153-4.plesk.page\/producto\/kit-bugstrahlruder-vetus-45-kgf-12v\/"},"modified":"2026-02-24T23:34:58","modified_gmt":"2026-02-24T23:34:58","slug":"kit-bugstrahlruder-vetus-45-kgf-12v","status":"publish","type":"product","link":"https:\/\/stoic-curie.212-227-153-4.plesk.page\/de\/product\/kit-bugstrahlruder-vetus-45-kgf-12v\/","title":{"rendered":"Kit Bugstrahlruder Vetus 45 kgf 12V"},"content":{"rendered":"<p>Kit Bugstrahlruder Vetus 45 kgf 12V &#8211; <\/p>\n<p>Das Vetus 45 kgf Bugstrahlruder Set ist f\u00fcr Boote mit einer L\u00e4nge von 7,5 bis 11,5 Metern konzipiert. Dieses zuverl\u00e4ssige, leise und effiziente Bugstrahlruder verf\u00fcgt \u00fcber einen Tunneldurchmesser von 125 mm und ist sowohl f\u00fcr Verdr\u00e4ngerboote bis zu 7,5 Metern als auch f\u00fcr Gleitboote bis zu 11,5 Metern geeignet. Das Set umfasst:<\/p>\n<ul>\n<li>Ein Motor mit Propeller<\/li>\n<li>Ein 100 cm langes Bugtunnel mit einem Durchmesser von 125 mm<\/li>\n<li>Ein BPSE2 Touch-Bedienfeld<\/li>\n<li>6 Meter 4-polige Verkabelung<\/li>\n<li>Eine 250A Sicherung und Sicherungshalter<\/li>\n<\/ul>\n<p><strong>Hauptmerkmale:<\/strong><\/p>\n<ul>\n<li>Empfohlen f\u00fcr Boote mit einer L\u00e4nge von 7,5 bis 11,5 Metern.<\/li>\n<li>Das einzigartige Propellerblatt-Design reduziert die Kavitation und Ger\u00e4usche erheblich, sodass es das leiseste Bugstrahlruder auf dem Markt ist.<\/li>\n<\/ul>\n<p><strong>Vorausgew\u00e4hlte Komponenten:<\/strong><\/p>\n<p>Dieses Set umfasst Artikel, die h\u00e4ufig zusammen als komplette L\u00f6sung gekauft werden. W\u00e4hrend alle Mengen angepasst werden k\u00f6nnen, k\u00f6nnen Sie auch unterschiedliche L\u00e4ngen f\u00fcr den Tunnel, das Steuerkabel und den Typ des Bedienfelds ausw\u00e4hlen. Obwohl das elektrische Kabel aufgef\u00fchrt ist, ist es nicht vorausgew\u00e4hlt. Die meisten Installationen bringen die Batterie nah am Bugstrahlruder an, und wir haben eine Kabelgr\u00f6\u00dfe angegeben, die f\u00fcr eine Gesamtl\u00e4nge von 4,5 Metern von der Batterie zum Bugstrahlruder (sowohl positiv als auch negativ) geeignet ist.<\/p>\n<p><strong>Elektrische Kabelspezifikationen:<\/strong><\/p>\n<p>Wir empfehlen eine Kabelgr\u00f6\u00dfe von 50 mm\u00b2 f\u00fcr Installationen bis 4,5 Meter. Wenn die Gesamtl\u00e4nge dies \u00fcberschreitet, w\u00e4hlen Sie bitte eine gr\u00f6\u00dfere Kabelgr\u00f6\u00dfe:<\/p>\n<ul>\n<li>Bis zu 4,5 Metern: 50 mm\u00b2<\/li>\n<li>Bis zu 6,4 Metern: 70 mm\u00b2<\/li>\n<li>Bis zu 8,7 Metern: 95 mm\u00b2<\/li>\n<li>Bis zu 11 Metern: 120 mm\u00b2<\/li>\n<\/ul>\n<p><strong>\u00dcberlegungen zur Batteriegro\u00dfe:<\/strong><\/p>\n<p>Die Wahl der richtigen Batteriegro\u00dfe ist entscheidend, da eine unzureichende Stromversorgung sowohl die Kabel als auch das Bugstrahlruder besch\u00e4digen kann. Es ist ratsam, Batterien nicht \u00fcber 45 % ihrer Kapazit\u00e4t zu entladen. Bei Blei-S\u00e4ure-Batterien ist dies entscheidend, da tiefere Entladungen ihre Lebensdauer erheblich verk\u00fcrzen k\u00f6nnen. AGM-Batterien k\u00f6nnen niedrigere Entladungen tolerieren, ohne dass dies die Lebensdauer stark beeintr\u00e4chtigt, aber wir empfehlen trotzdem, einen Puffer von mindestens 45 % f\u00fcr betriebliche Bed\u00fcrfnisse aufrechtzuerhalten.<\/p>\n<p>Zwei wichtige Faktoren, die bei der Auswahl einer Batterie zu ber\u00fccksichtigen sind:<\/p>\n<ul>\n<li><strong>Kaltstartstrom (CCA):<\/strong> Dies gibt die F\u00e4higkeit der Batterie an, \u00fcber einen kurzen Zeitraum hohe Leistung abzugeben.<\/li>\n<li><strong>Ampere-Stunden (Ah):<\/strong> Dies spiegelt die Gesamtkapazit\u00e4t der Batterie wider, das hei\u00dft, wie viel Strom zur Verf\u00fcgung steht.<\/li>\n<\/ul>\n<p>F\u00fcr eine optimale Leistung mit diesem Bugstrahlruder empfehlen wir die folgenden Spezifikationen:<\/p>\n<ul>\n<li><strong>Minimale CCA-Werte:<\/strong> 625<\/li>\n<li><strong>Maximale CCA-Werte:<\/strong> 1250<\/li>\n<li><strong>Empfohlene Batteriegro\u00dfe (Ah):<\/strong> 85 &#8211; 200 Ah<\/li>\n<\/ul>\n<p><strong>Zus\u00e4tzliche Informationen:<\/strong><\/p>\n<p>F\u00fcr weitere Details, Kundenbewertungen und herunterladbare Ressourcen besuchen Sie bitte die Produktseite. Das Vetus 45 kgf Bugstrahlruder gilt als eine der beliebtesten Optionen unter Boots-Enthusiasten.<\/p>\n","protected":false},"excerpt":{"rendered":"<p>Kit Bugstrahlruder Vetus 45 kgf 12V &#8211; Das Vetus 45 kgf Bugstrahlruder Set ist f\u00fcr Boote mit einer L\u00e4nge von<\/p>\n","protected":false},"featured_media":5942179,"comment_status":"open","ping_status":"closed","template":"","meta":[],"product_brand":[3520],"product_cat":[1322],"product_tag":[],"class_list":{"0":"post-734972","1":"product","2":"type-product","3":"status-publish","4":"has-post-thumbnail","6":"product_brand-vetus-de","7":"product_cat-bugstrahlruder-vetus","9":"first","10":"instock","11":"shipping-taxable","12":"purchasable","13":"product-type-simple"},"_links":{"self":[{"href":"https:\/\/stoic-curie.212-227-153-4.plesk.page\/de\/wp-json\/wp\/v2\/product\/734972","targetHints":{"allow":["GET"]}}],"collection":[{"href":"https:\/\/stoic-curie.212-227-153-4.plesk.page\/de\/wp-json\/wp\/v2\/product"}],"about":[{"href":"https:\/\/stoic-curie.212-227-153-4.plesk.page\/de\/wp-json\/wp\/v2\/types\/product"}],"replies":[{"embeddable":true,"href":"https:\/\/stoic-curie.212-227-153-4.plesk.page\/de\/wp-json\/wp\/v2\/comments?post=734972"}],"version-history":[{"count":0,"href":"https:\/\/stoic-curie.212-227-153-4.plesk.page\/de\/wp-json\/wp\/v2\/product\/734972\/revisions"}],"wp:featuredmedia":[{"embeddable":true,"href":"https:\/\/stoic-curie.212-227-153-4.plesk.page\/de\/wp-json\/wp\/v2\/media\/5942179"}],"wp:attachment":[{"href":"https:\/\/stoic-curie.212-227-153-4.plesk.page\/de\/wp-json\/wp\/v2\/media?parent=734972"}],"wp:term":[{"taxonomy":"product_brand","embeddable":true,"href":"https:\/\/stoic-curie.212-227-153-4.plesk.page\/de\/wp-json\/wp\/v2\/product_brand?post=734972"},{"taxonomy":"product_cat","embeddable":true,"href":"https:\/\/stoic-curie.212-227-153-4.plesk.page\/de\/wp-json\/wp\/v2\/product_cat?post=734972"},{"taxonomy":"product_tag","embeddable":true,"href":"https:\/\/stoic-curie.212-227-153-4.plesk.page\/de\/wp-json\/wp\/v2\/product_tag?post=734972"}],"curies":[{"name":"wp","href":"https:\/\/api.w.org\/{rel}","templated":true}]}}