{"id":734974,"date":"2025-03-03T16:25:48","date_gmt":"2025-03-03T15:25:48","guid":{"rendered":"https:\/\/stoic-curie.212-227-153-4.plesk.page\/producto\/automatische-wasserumlaufpumpe-ocean-24v\/"},"modified":"2026-02-24T23:34:58","modified_gmt":"2026-02-24T23:34:58","slug":"automatische-wasserumlaufpumpe-ocean-24v","status":"publish","type":"product","link":"https:\/\/stoic-curie.212-227-153-4.plesk.page\/de\/product\/automatische-wasserumlaufpumpe-ocean-24v\/","title":{"rendered":"Automatische Wasserumlaufpumpe Ocean 24V"},"content":{"rendered":"<p>Automatische Wasserumlaufpumpe Ocean 24V &#8211; <\/p>\n<p>Ocean stille selbstansaugende automatische Sp\u00fclwasser-Ladepumpe, ausgestattet mit 4 Membranen, f\u00fcr stille Toiletten mit externem Sp\u00fclsystem.<\/p>\n","protected":false},"excerpt":{"rendered":"<p>Automatische Wasserumlaufpumpe Ocean 24V &#8211; Ocean stille selbstansaugende automatische Sp\u00fclwasser-Ladepumpe, ausgestattet mit 4 Membranen, f\u00fcr stille Toiletten mit externem Sp\u00fclsystem.<\/p>\n","protected":false},"featured_media":5942183,"comment_status":"open","ping_status":"closed","template":"","meta":[],"product_brand":[3140],"product_cat":[1384],"product_tag":[],"class_list":{"0":"post-734974","1":"product","2":"type-product","3":"status-publish","4":"has-post-thumbnail","6":"product_brand-matromarine-de","7":"product_cat-wasserkreislaufpumpen","9":"first","10":"outofstock","11":"shipping-taxable","12":"purchasable","13":"product-type-simple"},"_links":{"self":[{"href":"https:\/\/stoic-curie.212-227-153-4.plesk.page\/de\/wp-json\/wp\/v2\/product\/734974","targetHints":{"allow":["GET"]}}],"collection":[{"href":"https:\/\/stoic-curie.212-227-153-4.plesk.page\/de\/wp-json\/wp\/v2\/product"}],"about":[{"href":"https:\/\/stoic-curie.212-227-153-4.plesk.page\/de\/wp-json\/wp\/v2\/types\/product"}],"replies":[{"embeddable":true,"href":"https:\/\/stoic-curie.212-227-153-4.plesk.page\/de\/wp-json\/wp\/v2\/comments?post=734974"}],"version-history":[{"count":0,"href":"https:\/\/stoic-curie.212-227-153-4.plesk.page\/de\/wp-json\/wp\/v2\/product\/734974\/revisions"}],"wp:featuredmedia":[{"embeddable":true,"href":"https:\/\/stoic-curie.212-227-153-4.plesk.page\/de\/wp-json\/wp\/v2\/media\/5942183"}],"wp:attachment":[{"href":"https:\/\/stoic-curie.212-227-153-4.plesk.page\/de\/wp-json\/wp\/v2\/media?parent=734974"}],"wp:term":[{"taxonomy":"product_brand","embeddable":true,"href":"https:\/\/stoic-curie.212-227-153-4.plesk.page\/de\/wp-json\/wp\/v2\/product_brand?post=734974"},{"taxonomy":"product_cat","embeddable":true,"href":"https:\/\/stoic-curie.212-227-153-4.plesk.page\/de\/wp-json\/wp\/v2\/product_cat?post=734974"},{"taxonomy":"product_tag","embeddable":true,"href":"https:\/\/stoic-curie.212-227-153-4.plesk.page\/de\/wp-json\/wp\/v2\/product_tag?post=734974"}],"curies":[{"name":"wp","href":"https:\/\/api.w.org\/{rel}","templated":true}]}}