{"id":734976,"date":"2025-03-03T16:25:49","date_gmt":"2025-03-03T15:25:49","guid":{"rendered":"https:\/\/stoic-curie.212-227-153-4.plesk.page\/producto\/led-scheinwerfer-quick-kai-82-x-h4-mm-tageslicht-4000-k\/"},"modified":"2026-02-24T23:34:58","modified_gmt":"2026-02-24T23:34:58","slug":"led-scheinwerfer-quick-kai-82-x-h4-mm-tageslicht-4000-k","status":"publish","type":"product","link":"https:\/\/stoic-curie.212-227-153-4.plesk.page\/de\/product\/led-scheinwerfer-quick-kai-82-x-h4-mm-tageslicht-4000-k\/","title":{"rendered":"LED-Scheinwerfer Quick KAI 82 x H4 mm &#8211; Tageslicht 4000 K"},"content":{"rendered":"<p>LED-Scheinwerfer Quick KAI 82 x H4 mm &#8211; Tageslicht 4000 K &#8211; <\/p>\n<p>4W IP65 LED-Spots f\u00fcr Innen- und Au\u00dfenbereiche mit einem Geh\u00e4use aus Edelstahl 316. Fl\u00e4chenmontage mit Federn und 1,5 mm flachem Profil oder mit Schrauben und 4 mm normalem Profil. Universelle Spannung von 9-32V mit dimmbarem LED, gesch\u00fctzt vor \u00dcberspannung und Umkehrung.<\/p>\n","protected":false},"excerpt":{"rendered":"<p>LED-Scheinwerfer Quick KAI 82 x H4 mm &#8211; Tageslicht 4000 K &#8211; 4W IP65 LED-Spots f\u00fcr Innen- und Au\u00dfenbereiche mit<\/p>\n","protected":false},"featured_media":5942188,"comment_status":"open","ping_status":"closed","template":"","meta":[],"product_brand":[3280],"product_cat":[1452],"product_tag":[],"class_list":{"0":"post-734976","1":"product","2":"type-product","3":"status-publish","4":"has-post-thumbnail","6":"product_brand-quick-de","7":"product_cat-bootsbeleuchtung","9":"first","10":"instock","11":"shipping-taxable","12":"purchasable","13":"product-type-simple"},"_links":{"self":[{"href":"https:\/\/stoic-curie.212-227-153-4.plesk.page\/de\/wp-json\/wp\/v2\/product\/734976","targetHints":{"allow":["GET"]}}],"collection":[{"href":"https:\/\/stoic-curie.212-227-153-4.plesk.page\/de\/wp-json\/wp\/v2\/product"}],"about":[{"href":"https:\/\/stoic-curie.212-227-153-4.plesk.page\/de\/wp-json\/wp\/v2\/types\/product"}],"replies":[{"embeddable":true,"href":"https:\/\/stoic-curie.212-227-153-4.plesk.page\/de\/wp-json\/wp\/v2\/comments?post=734976"}],"version-history":[{"count":0,"href":"https:\/\/stoic-curie.212-227-153-4.plesk.page\/de\/wp-json\/wp\/v2\/product\/734976\/revisions"}],"wp:featuredmedia":[{"embeddable":true,"href":"https:\/\/stoic-curie.212-227-153-4.plesk.page\/de\/wp-json\/wp\/v2\/media\/5942188"}],"wp:attachment":[{"href":"https:\/\/stoic-curie.212-227-153-4.plesk.page\/de\/wp-json\/wp\/v2\/media?parent=734976"}],"wp:term":[{"taxonomy":"product_brand","embeddable":true,"href":"https:\/\/stoic-curie.212-227-153-4.plesk.page\/de\/wp-json\/wp\/v2\/product_brand?post=734976"},{"taxonomy":"product_cat","embeddable":true,"href":"https:\/\/stoic-curie.212-227-153-4.plesk.page\/de\/wp-json\/wp\/v2\/product_cat?post=734976"},{"taxonomy":"product_tag","embeddable":true,"href":"https:\/\/stoic-curie.212-227-153-4.plesk.page\/de\/wp-json\/wp\/v2\/product_tag?post=734976"}],"curies":[{"name":"wp","href":"https:\/\/api.w.org\/{rel}","templated":true}]}}