{"id":734978,"date":"2025-03-03T16:25:49","date_gmt":"2025-03-03T15:25:49","guid":{"rendered":"https:\/\/stoic-curie.212-227-153-4.plesk.page\/producto\/quick-action-12v-5w-140-x-116-x-h13mm\/"},"modified":"2026-02-24T23:34:58","modified_gmt":"2026-02-24T23:34:58","slug":"quick-action-12v-5w-140-x-116-x-h13mm","status":"publish","type":"product","link":"https:\/\/stoic-curie.212-227-153-4.plesk.page\/de\/product\/quick-action-12v-5w-140-x-116-x-h13mm\/","title":{"rendered":"Quick Action 12V &#8211; 5W (140 x 116 x H13mm)"},"content":{"rendered":"<p>Quick Action 12V &#8211; 5W (140 x 116 x H13mm) &#8211; <\/p>\n<p>UV-stabilisiertes Technopolymere IP66 LED-Arbeitslicht, ideal f\u00fcr funktionale Anwendungen wie Maschinenr\u00e4ume, Durchg\u00e4nge und Schr\u00e4nke. Zur Montage auf der Oberfl\u00e4che mit Schrauben. Universale Spannung von 9-32V mit dimmbaren LEDs, die vor Spannungsspitzen und Verpolung gesch\u00fctzt sind.<\/p>\n","protected":false},"excerpt":{"rendered":"<p>Quick Action 12V &#8211; 5W (140 x 116 x H13mm) &#8211; UV-stabilisiertes Technopolymere IP66 LED-Arbeitslicht, ideal f\u00fcr funktionale Anwendungen wie<\/p>\n","protected":false},"featured_media":5942192,"comment_status":"open","ping_status":"closed","template":"","meta":[],"product_brand":[3280],"product_cat":[1452],"product_tag":[],"class_list":{"0":"post-734978","1":"product","2":"type-product","3":"status-publish","4":"has-post-thumbnail","6":"product_brand-quick-de","7":"product_cat-bootsbeleuchtung","9":"first","10":"instock","11":"shipping-taxable","12":"purchasable","13":"product-type-simple"},"_links":{"self":[{"href":"https:\/\/stoic-curie.212-227-153-4.plesk.page\/de\/wp-json\/wp\/v2\/product\/734978","targetHints":{"allow":["GET"]}}],"collection":[{"href":"https:\/\/stoic-curie.212-227-153-4.plesk.page\/de\/wp-json\/wp\/v2\/product"}],"about":[{"href":"https:\/\/stoic-curie.212-227-153-4.plesk.page\/de\/wp-json\/wp\/v2\/types\/product"}],"replies":[{"embeddable":true,"href":"https:\/\/stoic-curie.212-227-153-4.plesk.page\/de\/wp-json\/wp\/v2\/comments?post=734978"}],"version-history":[{"count":0,"href":"https:\/\/stoic-curie.212-227-153-4.plesk.page\/de\/wp-json\/wp\/v2\/product\/734978\/revisions"}],"wp:featuredmedia":[{"embeddable":true,"href":"https:\/\/stoic-curie.212-227-153-4.plesk.page\/de\/wp-json\/wp\/v2\/media\/5942192"}],"wp:attachment":[{"href":"https:\/\/stoic-curie.212-227-153-4.plesk.page\/de\/wp-json\/wp\/v2\/media?parent=734978"}],"wp:term":[{"taxonomy":"product_brand","embeddable":true,"href":"https:\/\/stoic-curie.212-227-153-4.plesk.page\/de\/wp-json\/wp\/v2\/product_brand?post=734978"},{"taxonomy":"product_cat","embeddable":true,"href":"https:\/\/stoic-curie.212-227-153-4.plesk.page\/de\/wp-json\/wp\/v2\/product_cat?post=734978"},{"taxonomy":"product_tag","embeddable":true,"href":"https:\/\/stoic-curie.212-227-153-4.plesk.page\/de\/wp-json\/wp\/v2\/product_tag?post=734978"}],"curies":[{"name":"wp","href":"https:\/\/api.w.org\/{rel}","templated":true}]}}