{"id":734979,"date":"2025-03-03T16:25:49","date_gmt":"2025-03-03T15:25:49","guid":{"rendered":"https:\/\/stoic-curie.212-227-153-4.plesk.page\/producto\/edelstahl-versenkbarer-spotstrahler-quick-lucille-12-24v-65mm-warmweiss-3000-k\/"},"modified":"2026-02-24T23:34:58","modified_gmt":"2026-02-24T23:34:58","slug":"edelstahl-versenkbarer-spotstrahler-quick-lucille-12-24v-65mm-warmweiss-3000-k","status":"publish","type":"product","link":"https:\/\/stoic-curie.212-227-153-4.plesk.page\/de\/product\/edelstahl-versenkbarer-spotstrahler-quick-lucille-12-24v-65mm-warmweiss-3000-k\/","title":{"rendered":"Edelstahl versenkbarer Spotstrahler Quick Lucille 12-24v 65mm Warmwei\u00df 3000 K"},"content":{"rendered":"<p>Edelstahl versenkbarer Spotstrahler Quick Lucille 12-24v 65mm Warmwei\u00df 3000 K &#8211; <\/p>\n<p>1,5W IP40 einstellbarer LED-Spot f\u00fcr Innenr\u00e4ume mit einem Rahmen aus 316 Edelstahl. Fl\u00e4chenmontage mit Federn. Universelle Spannung von 9-32V mit dimmablem LED, gesch\u00fctzt vor Spannungsspitzen und Umkehrung.<\/p>\n","protected":false},"excerpt":{"rendered":"<p>Edelstahl versenkbarer Spotstrahler Quick Lucille 12-24v 65mm Warmwei\u00df 3000 K &#8211; 1,5W IP40 einstellbarer LED-Spot f\u00fcr Innenr\u00e4ume mit einem Rahmen<\/p>\n","protected":false},"featured_media":5942203,"comment_status":"open","ping_status":"closed","template":"","meta":[],"product_brand":[3280],"product_cat":[1452],"product_tag":[],"class_list":{"0":"post-734979","1":"product","2":"type-product","3":"status-publish","4":"has-post-thumbnail","6":"product_brand-quick-de","7":"product_cat-bootsbeleuchtung","9":"first","10":"instock","11":"shipping-taxable","12":"purchasable","13":"product-type-simple"},"_links":{"self":[{"href":"https:\/\/stoic-curie.212-227-153-4.plesk.page\/de\/wp-json\/wp\/v2\/product\/734979","targetHints":{"allow":["GET"]}}],"collection":[{"href":"https:\/\/stoic-curie.212-227-153-4.plesk.page\/de\/wp-json\/wp\/v2\/product"}],"about":[{"href":"https:\/\/stoic-curie.212-227-153-4.plesk.page\/de\/wp-json\/wp\/v2\/types\/product"}],"replies":[{"embeddable":true,"href":"https:\/\/stoic-curie.212-227-153-4.plesk.page\/de\/wp-json\/wp\/v2\/comments?post=734979"}],"version-history":[{"count":0,"href":"https:\/\/stoic-curie.212-227-153-4.plesk.page\/de\/wp-json\/wp\/v2\/product\/734979\/revisions"}],"wp:featuredmedia":[{"embeddable":true,"href":"https:\/\/stoic-curie.212-227-153-4.plesk.page\/de\/wp-json\/wp\/v2\/media\/5942203"}],"wp:attachment":[{"href":"https:\/\/stoic-curie.212-227-153-4.plesk.page\/de\/wp-json\/wp\/v2\/media?parent=734979"}],"wp:term":[{"taxonomy":"product_brand","embeddable":true,"href":"https:\/\/stoic-curie.212-227-153-4.plesk.page\/de\/wp-json\/wp\/v2\/product_brand?post=734979"},{"taxonomy":"product_cat","embeddable":true,"href":"https:\/\/stoic-curie.212-227-153-4.plesk.page\/de\/wp-json\/wp\/v2\/product_cat?post=734979"},{"taxonomy":"product_tag","embeddable":true,"href":"https:\/\/stoic-curie.212-227-153-4.plesk.page\/de\/wp-json\/wp\/v2\/product_tag?post=734979"}],"curies":[{"name":"wp","href":"https:\/\/api.w.org\/{rel}","templated":true}]}}