{"id":734980,"date":"2025-03-03T16:25:49","date_gmt":"2025-03-03T15:25:49","guid":{"rendered":"https:\/\/stoic-curie.212-227-153-4.plesk.page\/producto\/led-einbaustrahler-quick-miriam-12-24v-77-mm-warmweiss-3000-k\/"},"modified":"2026-02-24T23:34:58","modified_gmt":"2026-02-24T23:34:58","slug":"led-einbaustrahler-quick-miriam-12-24v-77-mm-warmweiss-3000-k","status":"publish","type":"product","link":"https:\/\/stoic-curie.212-227-153-4.plesk.page\/de\/product\/led-einbaustrahler-quick-miriam-12-24v-77-mm-warmweiss-3000-k\/","title":{"rendered":"LED-Einbaustrahler Quick Miriam 12-24V 77 mm (Warmwei\u00df 3000 K\u00b0)"},"content":{"rendered":"<p>LED-Einbaustrahler Quick Miriam 12-24V 77 mm (Warmwei\u00df 3000 K\u00b0) &#8211; <\/p>\n<p>2W IP40 LED-Einbaustrahler f\u00fcr Innenr\u00e4ume mit einem Geh\u00e4use aus rostfreiem 316-Stahl. Fl\u00e4chenmontage mit Federn. Universelle Spannung von 9-32V mit dimmbaren LEDs, die vor \u00dcberspannungen und Verpolung gesch\u00fctzt sind.<\/p>\n","protected":false},"excerpt":{"rendered":"<p>LED-Einbaustrahler Quick Miriam 12-24V 77 mm (Warmwei\u00df 3000 K\u00b0) &#8211; 2W IP40 LED-Einbaustrahler f\u00fcr Innenr\u00e4ume mit einem Geh\u00e4use aus rostfreiem<\/p>\n","protected":false},"featured_media":2908348,"comment_status":"open","ping_status":"closed","template":"","meta":[],"product_brand":[2200,3280],"product_cat":[1452],"product_tag":[],"class_list":{"0":"post-734980","1":"product","2":"type-product","3":"status-publish","4":"has-post-thumbnail","6":"product_brand-quick","7":"product_brand-quick-de","8":"product_cat-bootsbeleuchtung","10":"first","11":"instock","12":"shipping-taxable","13":"purchasable","14":"product-type-simple"},"_links":{"self":[{"href":"https:\/\/stoic-curie.212-227-153-4.plesk.page\/de\/wp-json\/wp\/v2\/product\/734980","targetHints":{"allow":["GET"]}}],"collection":[{"href":"https:\/\/stoic-curie.212-227-153-4.plesk.page\/de\/wp-json\/wp\/v2\/product"}],"about":[{"href":"https:\/\/stoic-curie.212-227-153-4.plesk.page\/de\/wp-json\/wp\/v2\/types\/product"}],"replies":[{"embeddable":true,"href":"https:\/\/stoic-curie.212-227-153-4.plesk.page\/de\/wp-json\/wp\/v2\/comments?post=734980"}],"version-history":[{"count":0,"href":"https:\/\/stoic-curie.212-227-153-4.plesk.page\/de\/wp-json\/wp\/v2\/product\/734980\/revisions"}],"wp:featuredmedia":[{"embeddable":true,"href":"https:\/\/stoic-curie.212-227-153-4.plesk.page\/de\/wp-json\/"}],"wp:attachment":[{"href":"https:\/\/stoic-curie.212-227-153-4.plesk.page\/de\/wp-json\/wp\/v2\/media?parent=734980"}],"wp:term":[{"taxonomy":"product_brand","embeddable":true,"href":"https:\/\/stoic-curie.212-227-153-4.plesk.page\/de\/wp-json\/wp\/v2\/product_brand?post=734980"},{"taxonomy":"product_cat","embeddable":true,"href":"https:\/\/stoic-curie.212-227-153-4.plesk.page\/de\/wp-json\/wp\/v2\/product_cat?post=734980"},{"taxonomy":"product_tag","embeddable":true,"href":"https:\/\/stoic-curie.212-227-153-4.plesk.page\/de\/wp-json\/wp\/v2\/product_tag?post=734980"}],"curies":[{"name":"wp","href":"https:\/\/api.w.org\/{rel}","templated":true}]}}