{"id":734981,"date":"2025-03-03T16:25:50","date_gmt":"2025-03-03T15:25:50","guid":{"rendered":"https:\/\/stoic-curie.212-227-153-4.plesk.page\/producto\/abwassertank-ocean-geformt-47-lt-430x550xh290mm\/"},"modified":"2026-02-24T23:34:58","modified_gmt":"2026-02-24T23:34:58","slug":"abwassertank-ocean-geformt-47-lt-430x550xh290mm","status":"publish","type":"product","link":"https:\/\/stoic-curie.212-227-153-4.plesk.page\/de\/product\/abwassertank-ocean-geformt-47-lt-430x550xh290mm\/","title":{"rendered":"Abwassertank Ocean geformt 47 Lt -430x550xH290mm"},"content":{"rendered":"<p>Abwassertank Ocean geformt 47 Lt -430x550xH290mm &#8211; <\/p>\n<p>Polethylentank f\u00fcr Abwasser in rechteckiger oder geformter Ausf\u00fchrung. Ausgestattet mit einer Inspektionsklappe mit Kappe und toten innenliegenden Gewindeanschl\u00fcssen f\u00fcr 4 x 1\/2&#8243; und 4 x 1&#8243;1\/4 Armaturen.<\/p>\n","protected":false},"excerpt":{"rendered":"<p>Abwassertank Ocean geformt 47 Lt -430x550xH290mm &#8211; Polethylentank f\u00fcr Abwasser in rechteckiger oder geformter Ausf\u00fchrung. Ausgestattet mit einer Inspektionsklappe mit<\/p>\n","protected":false},"featured_media":5942208,"comment_status":"open","ping_status":"closed","template":"","meta":[],"product_brand":[3140],"product_cat":[1362],"product_tag":[],"class_list":{"0":"post-734981","1":"product","2":"type-product","3":"status-publish","4":"has-post-thumbnail","6":"product_brand-matromarine-de","7":"product_cat-abwassertanks","9":"first","10":"outofstock","11":"shipping-taxable","12":"purchasable","13":"product-type-simple"},"_links":{"self":[{"href":"https:\/\/stoic-curie.212-227-153-4.plesk.page\/de\/wp-json\/wp\/v2\/product\/734981","targetHints":{"allow":["GET"]}}],"collection":[{"href":"https:\/\/stoic-curie.212-227-153-4.plesk.page\/de\/wp-json\/wp\/v2\/product"}],"about":[{"href":"https:\/\/stoic-curie.212-227-153-4.plesk.page\/de\/wp-json\/wp\/v2\/types\/product"}],"replies":[{"embeddable":true,"href":"https:\/\/stoic-curie.212-227-153-4.plesk.page\/de\/wp-json\/wp\/v2\/comments?post=734981"}],"version-history":[{"count":0,"href":"https:\/\/stoic-curie.212-227-153-4.plesk.page\/de\/wp-json\/wp\/v2\/product\/734981\/revisions"}],"wp:featuredmedia":[{"embeddable":true,"href":"https:\/\/stoic-curie.212-227-153-4.plesk.page\/de\/wp-json\/wp\/v2\/media\/5942208"}],"wp:attachment":[{"href":"https:\/\/stoic-curie.212-227-153-4.plesk.page\/de\/wp-json\/wp\/v2\/media?parent=734981"}],"wp:term":[{"taxonomy":"product_brand","embeddable":true,"href":"https:\/\/stoic-curie.212-227-153-4.plesk.page\/de\/wp-json\/wp\/v2\/product_brand?post=734981"},{"taxonomy":"product_cat","embeddable":true,"href":"https:\/\/stoic-curie.212-227-153-4.plesk.page\/de\/wp-json\/wp\/v2\/product_cat?post=734981"},{"taxonomy":"product_tag","embeddable":true,"href":"https:\/\/stoic-curie.212-227-153-4.plesk.page\/de\/wp-json\/wp\/v2\/product_tag?post=734981"}],"curies":[{"name":"wp","href":"https:\/\/api.w.org\/{rel}","templated":true}]}}