{"id":734982,"date":"2025-03-03T16:25:50","date_gmt":"2025-03-03T15:25:50","guid":{"rendered":"https:\/\/stoic-curie.212-227-153-4.plesk.page\/producto\/abwassertank-ocean-75-lt-430-x-800-x-h290mm\/"},"modified":"2026-02-24T23:34:58","modified_gmt":"2026-02-24T23:34:58","slug":"abwassertank-ocean-75-lt-430-x-800-x-h290mm","status":"publish","type":"product","link":"https:\/\/stoic-curie.212-227-153-4.plesk.page\/de\/product\/abwassertank-ocean-75-lt-430-x-800-x-h290mm\/","title":{"rendered":"Abwassertank Ocean 75 Lt 430 x 800 x H290mm"},"content":{"rendered":"<p>Abwassertank Ocean 75 Lt 430 x 800 x H290mm &#8211; <\/p>\n<p>Rechteckige oder geformte Abwasser- und Abfallbeh\u00e4lter aus Polyethylen. Vollst\u00e4ndig ausgestattet mit einer Inspektions\u00f6ffnung mit Verschluss und toten Innengewindeanschl\u00fcssen f\u00fcr 4 x 1\/2&#8243; und 4 x 1&#8243;1\/4 Armaturen.<\/p>\n","protected":false},"excerpt":{"rendered":"<p>Abwassertank Ocean 75 Lt 430 x 800 x H290mm &#8211; Rechteckige oder geformte Abwasser- und Abfallbeh\u00e4lter aus Polyethylen. Vollst\u00e4ndig ausgestattet<\/p>\n","protected":false},"featured_media":5942208,"comment_status":"open","ping_status":"closed","template":"","meta":[],"product_brand":[3140],"product_cat":[1362],"product_tag":[],"class_list":{"0":"post-734982","1":"product","2":"type-product","3":"status-publish","4":"has-post-thumbnail","6":"product_brand-matromarine-de","7":"product_cat-abwassertanks","9":"first","10":"instock","11":"shipping-taxable","12":"purchasable","13":"product-type-simple"},"_links":{"self":[{"href":"https:\/\/stoic-curie.212-227-153-4.plesk.page\/de\/wp-json\/wp\/v2\/product\/734982","targetHints":{"allow":["GET"]}}],"collection":[{"href":"https:\/\/stoic-curie.212-227-153-4.plesk.page\/de\/wp-json\/wp\/v2\/product"}],"about":[{"href":"https:\/\/stoic-curie.212-227-153-4.plesk.page\/de\/wp-json\/wp\/v2\/types\/product"}],"replies":[{"embeddable":true,"href":"https:\/\/stoic-curie.212-227-153-4.plesk.page\/de\/wp-json\/wp\/v2\/comments?post=734982"}],"version-history":[{"count":0,"href":"https:\/\/stoic-curie.212-227-153-4.plesk.page\/de\/wp-json\/wp\/v2\/product\/734982\/revisions"}],"wp:featuredmedia":[{"embeddable":true,"href":"https:\/\/stoic-curie.212-227-153-4.plesk.page\/de\/wp-json\/wp\/v2\/media\/5942208"}],"wp:attachment":[{"href":"https:\/\/stoic-curie.212-227-153-4.plesk.page\/de\/wp-json\/wp\/v2\/media?parent=734982"}],"wp:term":[{"taxonomy":"product_brand","embeddable":true,"href":"https:\/\/stoic-curie.212-227-153-4.plesk.page\/de\/wp-json\/wp\/v2\/product_brand?post=734982"},{"taxonomy":"product_cat","embeddable":true,"href":"https:\/\/stoic-curie.212-227-153-4.plesk.page\/de\/wp-json\/wp\/v2\/product_cat?post=734982"},{"taxonomy":"product_tag","embeddable":true,"href":"https:\/\/stoic-curie.212-227-153-4.plesk.page\/de\/wp-json\/wp\/v2\/product_tag?post=734982"}],"curies":[{"name":"wp","href":"https:\/\/api.w.org\/{rel}","templated":true}]}}