{"id":734984,"date":"2025-03-03T16:25:50","date_gmt":"2025-03-03T15:25:50","guid":{"rendered":"https:\/\/stoic-curie.212-227-153-4.plesk.page\/producto\/inline-grauwasserpumpe-ocean-20l-m-24v\/"},"modified":"2026-02-24T23:34:58","modified_gmt":"2026-02-24T23:34:58","slug":"inline-grauwasserpumpe-ocean-20l-m-24v","status":"publish","type":"product","link":"https:\/\/stoic-curie.212-227-153-4.plesk.page\/de\/product\/inline-grauwasserpumpe-ocean-20l-m-24v\/","title":{"rendered":"Inline-Grauwasserpumpe Ocean 20l\/m 24V"},"content":{"rendered":"<p>Inline-Grauwasserpumpe Ocean 20l\/m 24V &#8211; <\/p>\n<p>Selbstansaugende Ocean-Membranpumpe mit einer H\u00f6he von bis zu 3 m und doppeltem R\u00fcckschlagventil. Dank ihres kompakten Designs und des 360\u00b0 drehbaren Kopfes eignet sie sich perfekt f\u00fcr Dusch- oder Waschbeckenabfl\u00fcsse sowie f\u00fcr allgemeine Anwendungen von Grauabw\u00e4ssern. Die leise Pumpe kann trocken laufen und ben\u00f6tigt keinen Filter. Verf\u00fcgbare Modelle: Inline oder gewinkelt f\u00fcr enge R\u00e4ume.<\/p>\n","protected":false},"excerpt":{"rendered":"<p>Inline-Grauwasserpumpe Ocean 20l\/m 24V &#8211; Selbstansaugende Ocean-Membranpumpe mit einer H\u00f6he von bis zu 3 m und doppeltem R\u00fcckschlagventil. Dank ihres<\/p>\n","protected":false},"featured_media":5942212,"comment_status":"open","ping_status":"closed","template":"","meta":[],"product_brand":[3140],"product_cat":[1369],"product_tag":[],"class_list":{"0":"post-734984","1":"product","2":"type-product","3":"status-publish","4":"has-post-thumbnail","6":"product_brand-matromarine-de","7":"product_cat-grauwassersysteme","9":"first","10":"instock","11":"shipping-taxable","12":"purchasable","13":"product-type-simple"},"_links":{"self":[{"href":"https:\/\/stoic-curie.212-227-153-4.plesk.page\/de\/wp-json\/wp\/v2\/product\/734984","targetHints":{"allow":["GET"]}}],"collection":[{"href":"https:\/\/stoic-curie.212-227-153-4.plesk.page\/de\/wp-json\/wp\/v2\/product"}],"about":[{"href":"https:\/\/stoic-curie.212-227-153-4.plesk.page\/de\/wp-json\/wp\/v2\/types\/product"}],"replies":[{"embeddable":true,"href":"https:\/\/stoic-curie.212-227-153-4.plesk.page\/de\/wp-json\/wp\/v2\/comments?post=734984"}],"version-history":[{"count":0,"href":"https:\/\/stoic-curie.212-227-153-4.plesk.page\/de\/wp-json\/wp\/v2\/product\/734984\/revisions"}],"wp:featuredmedia":[{"embeddable":true,"href":"https:\/\/stoic-curie.212-227-153-4.plesk.page\/de\/wp-json\/wp\/v2\/media\/5942212"}],"wp:attachment":[{"href":"https:\/\/stoic-curie.212-227-153-4.plesk.page\/de\/wp-json\/wp\/v2\/media?parent=734984"}],"wp:term":[{"taxonomy":"product_brand","embeddable":true,"href":"https:\/\/stoic-curie.212-227-153-4.plesk.page\/de\/wp-json\/wp\/v2\/product_brand?post=734984"},{"taxonomy":"product_cat","embeddable":true,"href":"https:\/\/stoic-curie.212-227-153-4.plesk.page\/de\/wp-json\/wp\/v2\/product_cat?post=734984"},{"taxonomy":"product_tag","embeddable":true,"href":"https:\/\/stoic-curie.212-227-153-4.plesk.page\/de\/wp-json\/wp\/v2\/product_tag?post=734984"}],"curies":[{"name":"wp","href":"https:\/\/api.w.org\/{rel}","templated":true}]}}