{"id":734985,"date":"2025-03-03T16:25:50","date_gmt":"2025-03-03T15:25:50","guid":{"rendered":"https:\/\/stoic-curie.212-227-153-4.plesk.page\/producto\/membranpumpe-ocean-fuer-abwasser-und-grauwasser-32-liter-minute-24v\/"},"modified":"2026-02-24T23:34:58","modified_gmt":"2026-02-24T23:34:58","slug":"membranpumpe-ocean-fuer-abwasser-und-grauwasser-32-liter-minute-24v","status":"publish","type":"product","link":"https:\/\/stoic-curie.212-227-153-4.plesk.page\/de\/product\/membranpumpe-ocean-fuer-abwasser-und-grauwasser-32-liter-minute-24v\/","title":{"rendered":"Membranpumpe Ocean f\u00fcr Abwasser und Grauwasser 32 Liter\/Minute 24V"},"content":{"rendered":"<p>Membranpumpe Ocean f\u00fcr Abwasser und Grauwasser 32 Liter\/Minute 24V &#8211; <\/p>\n<p>Selbstansaugende Ocean Membranpumpe mit doppeltem R\u00fcckschlagventil f\u00fcr eine H\u00f6he von bis zu 3 m. Ideal zum Entleeren von Grauwassertanks oder Schwarzwassertanks oder als Bilgepumpe. Kann trocken betrieben werden, kein Filter erforderlich. Leiser Betrieb, kompaktes Design und flexible Installation mit mehrpositionsf\u00e4higem Kopf.<\/p>\n","protected":false},"excerpt":{"rendered":"<p>Membranpumpe Ocean f\u00fcr Abwasser und Grauwasser 32 Liter\/Minute 24V &#8211; Selbstansaugende Ocean Membranpumpe mit doppeltem R\u00fcckschlagventil f\u00fcr eine H\u00f6he von<\/p>\n","protected":false},"featured_media":5942215,"comment_status":"open","ping_status":"closed","template":"","meta":[],"product_brand":[3140],"product_cat":[1385,1362,1369],"product_tag":[],"class_list":{"0":"post-734985","1":"product","2":"type-product","3":"status-publish","4":"has-post-thumbnail","6":"product_brand-matromarine-de","7":"product_cat-abwasserpumpen","8":"product_cat-abwassertanks","9":"product_cat-grauwassersysteme","11":"first","12":"instock","13":"shipping-taxable","14":"purchasable","15":"product-type-simple"},"_links":{"self":[{"href":"https:\/\/stoic-curie.212-227-153-4.plesk.page\/de\/wp-json\/wp\/v2\/product\/734985","targetHints":{"allow":["GET"]}}],"collection":[{"href":"https:\/\/stoic-curie.212-227-153-4.plesk.page\/de\/wp-json\/wp\/v2\/product"}],"about":[{"href":"https:\/\/stoic-curie.212-227-153-4.plesk.page\/de\/wp-json\/wp\/v2\/types\/product"}],"replies":[{"embeddable":true,"href":"https:\/\/stoic-curie.212-227-153-4.plesk.page\/de\/wp-json\/wp\/v2\/comments?post=734985"}],"version-history":[{"count":0,"href":"https:\/\/stoic-curie.212-227-153-4.plesk.page\/de\/wp-json\/wp\/v2\/product\/734985\/revisions"}],"wp:featuredmedia":[{"embeddable":true,"href":"https:\/\/stoic-curie.212-227-153-4.plesk.page\/de\/wp-json\/wp\/v2\/media\/5942215"}],"wp:attachment":[{"href":"https:\/\/stoic-curie.212-227-153-4.plesk.page\/de\/wp-json\/wp\/v2\/media?parent=734985"}],"wp:term":[{"taxonomy":"product_brand","embeddable":true,"href":"https:\/\/stoic-curie.212-227-153-4.plesk.page\/de\/wp-json\/wp\/v2\/product_brand?post=734985"},{"taxonomy":"product_cat","embeddable":true,"href":"https:\/\/stoic-curie.212-227-153-4.plesk.page\/de\/wp-json\/wp\/v2\/product_cat?post=734985"},{"taxonomy":"product_tag","embeddable":true,"href":"https:\/\/stoic-curie.212-227-153-4.plesk.page\/de\/wp-json\/wp\/v2\/product_tag?post=734985"}],"curies":[{"name":"wp","href":"https:\/\/api.w.org\/{rel}","templated":true}]}}