{"id":734986,"date":"2025-03-03T16:25:51","date_gmt":"2025-03-03T15:25:51","guid":{"rendered":"https:\/\/stoic-curie.212-227-153-4.plesk.page\/producto\/rechteckiger-abwassertank-ocean-112-l-700-x-800-x-h200-mm\/"},"modified":"2026-02-24T23:34:58","modified_gmt":"2026-02-24T23:34:58","slug":"rechteckiger-abwassertank-ocean-112-l-700-x-800-x-h200-mm","status":"publish","type":"product","link":"https:\/\/stoic-curie.212-227-153-4.plesk.page\/de\/product\/rechteckiger-abwassertank-ocean-112-l-700-x-800-x-h200-mm\/","title":{"rendered":"Rechteckiger Abwassertank Ocean 112 l (700 x 800 x H200 mm)"},"content":{"rendered":"<p>Rechteckiger Abwassertank Ocean 112 l (700 x 800 x H200 mm) &#8211; <\/p>\n<p>Rechteckige oder geformte Abwasser- und M\u00fclltanks aus Polyethylen. Ausgestattet mit einer Inspektions\u00f6ffnung mit Kappe und toten Innengewindeanschl\u00fcssen f\u00fcr 4 x 1\/2&#8243; und 4 x 1&#8243;1\/4 Anschl\u00fcsse.<\/p>\n","protected":false},"excerpt":{"rendered":"<p>Rechteckiger Abwassertank Ocean 112 l (700 x 800 x H200 mm) &#8211; Rechteckige oder geformte Abwasser- und M\u00fclltanks aus Polyethylen.<\/p>\n","protected":false},"featured_media":5942216,"comment_status":"open","ping_status":"closed","template":"","meta":[],"product_brand":[3140],"product_cat":[1362],"product_tag":[],"class_list":{"0":"post-734986","1":"product","2":"type-product","3":"status-publish","4":"has-post-thumbnail","6":"product_brand-matromarine-de","7":"product_cat-abwassertanks","9":"first","10":"instock","11":"shipping-taxable","12":"purchasable","13":"product-type-simple"},"_links":{"self":[{"href":"https:\/\/stoic-curie.212-227-153-4.plesk.page\/de\/wp-json\/wp\/v2\/product\/734986","targetHints":{"allow":["GET"]}}],"collection":[{"href":"https:\/\/stoic-curie.212-227-153-4.plesk.page\/de\/wp-json\/wp\/v2\/product"}],"about":[{"href":"https:\/\/stoic-curie.212-227-153-4.plesk.page\/de\/wp-json\/wp\/v2\/types\/product"}],"replies":[{"embeddable":true,"href":"https:\/\/stoic-curie.212-227-153-4.plesk.page\/de\/wp-json\/wp\/v2\/comments?post=734986"}],"version-history":[{"count":0,"href":"https:\/\/stoic-curie.212-227-153-4.plesk.page\/de\/wp-json\/wp\/v2\/product\/734986\/revisions"}],"wp:featuredmedia":[{"embeddable":true,"href":"https:\/\/stoic-curie.212-227-153-4.plesk.page\/de\/wp-json\/wp\/v2\/media\/5942216"}],"wp:attachment":[{"href":"https:\/\/stoic-curie.212-227-153-4.plesk.page\/de\/wp-json\/wp\/v2\/media?parent=734986"}],"wp:term":[{"taxonomy":"product_brand","embeddable":true,"href":"https:\/\/stoic-curie.212-227-153-4.plesk.page\/de\/wp-json\/wp\/v2\/product_brand?post=734986"},{"taxonomy":"product_cat","embeddable":true,"href":"https:\/\/stoic-curie.212-227-153-4.plesk.page\/de\/wp-json\/wp\/v2\/product_cat?post=734986"},{"taxonomy":"product_tag","embeddable":true,"href":"https:\/\/stoic-curie.212-227-153-4.plesk.page\/de\/wp-json\/wp\/v2\/product_tag?post=734986"}],"curies":[{"name":"wp","href":"https:\/\/api.w.org\/{rel}","templated":true}]}}