{"id":734987,"date":"2025-03-03T16:25:51","date_gmt":"2025-03-03T15:25:51","guid":{"rendered":"https:\/\/stoic-curie.212-227-153-4.plesk.page\/producto\/marco-vp45-diesel-transferpumpe-45-liter-12-v-tragbar\/"},"modified":"2026-02-24T23:34:58","modified_gmt":"2026-02-24T23:34:58","slug":"marco-vp45-diesel-transferpumpe-45-liter-12-v-tragbar","status":"publish","type":"product","link":"https:\/\/stoic-curie.212-227-153-4.plesk.page\/de\/product\/marco-vp45-diesel-transferpumpe-45-liter-12-v-tragbar\/","title":{"rendered":"Marco VP45 Diesel-Transferpumpe 45 Liter 12 V, tragbar"},"content":{"rendered":"<p>Marco VP45 Diesel-Transferpumpe 45 Liter 12 V, tragbar &#8211; <\/p>\n<p>Selbstansaugende Pumpe aus Aluminiumgeh\u00e4use und Acetalharz-Rotor f\u00fcr den Dieseltransfer und das Betanken. Voll ausgestattet mit Filter, R\u00fcckschlagventil, Schalter, Batterieklemmen und einem Geh\u00e4use mit Griff f\u00fcr den einfachen Transport.<\/p>\n","protected":false},"excerpt":{"rendered":"<p>Marco VP45 Diesel-Transferpumpe 45 Liter 12 V, tragbar &#8211; Selbstansaugende Pumpe aus Aluminiumgeh\u00e4use und Acetalharz-Rotor f\u00fcr den Dieseltransfer und das<\/p>\n","protected":false},"featured_media":5942218,"comment_status":"open","ping_status":"closed","template":"","meta":[],"product_brand":[3095],"product_cat":[1500],"product_tag":[],"class_list":{"0":"post-734987","1":"product","2":"type-product","3":"status-publish","4":"has-post-thumbnail","6":"product_brand-marco-de","7":"product_cat-pumpen-fuer-oel-und-kraftstoff","9":"first","10":"instock","11":"shipping-taxable","12":"purchasable","13":"product-type-simple"},"_links":{"self":[{"href":"https:\/\/stoic-curie.212-227-153-4.plesk.page\/de\/wp-json\/wp\/v2\/product\/734987","targetHints":{"allow":["GET"]}}],"collection":[{"href":"https:\/\/stoic-curie.212-227-153-4.plesk.page\/de\/wp-json\/wp\/v2\/product"}],"about":[{"href":"https:\/\/stoic-curie.212-227-153-4.plesk.page\/de\/wp-json\/wp\/v2\/types\/product"}],"replies":[{"embeddable":true,"href":"https:\/\/stoic-curie.212-227-153-4.plesk.page\/de\/wp-json\/wp\/v2\/comments?post=734987"}],"version-history":[{"count":0,"href":"https:\/\/stoic-curie.212-227-153-4.plesk.page\/de\/wp-json\/wp\/v2\/product\/734987\/revisions"}],"wp:featuredmedia":[{"embeddable":true,"href":"https:\/\/stoic-curie.212-227-153-4.plesk.page\/de\/wp-json\/wp\/v2\/media\/5942218"}],"wp:attachment":[{"href":"https:\/\/stoic-curie.212-227-153-4.plesk.page\/de\/wp-json\/wp\/v2\/media?parent=734987"}],"wp:term":[{"taxonomy":"product_brand","embeddable":true,"href":"https:\/\/stoic-curie.212-227-153-4.plesk.page\/de\/wp-json\/wp\/v2\/product_brand?post=734987"},{"taxonomy":"product_cat","embeddable":true,"href":"https:\/\/stoic-curie.212-227-153-4.plesk.page\/de\/wp-json\/wp\/v2\/product_cat?post=734987"},{"taxonomy":"product_tag","embeddable":true,"href":"https:\/\/stoic-curie.212-227-153-4.plesk.page\/de\/wp-json\/wp\/v2\/product_tag?post=734987"}],"curies":[{"name":"wp","href":"https:\/\/api.w.org\/{rel}","templated":true}]}}