{"id":734991,"date":"2025-03-03T16:25:51","date_gmt":"2025-03-03T15:25:51","guid":{"rendered":"https:\/\/stoic-curie.212-227-153-4.plesk.page\/producto\/glomex-bodenplatten-ra206-d55-mm\/"},"modified":"2026-02-24T23:34:58","modified_gmt":"2026-02-24T23:34:58","slug":"glomex-bodenplatten-ra206-d55-mm","status":"publish","type":"product","link":"https:\/\/stoic-curie.212-227-153-4.plesk.page\/de\/product\/glomex-bodenplatten-ra206-d55-mm\/","title":{"rendered":"Glomex Bodenplatten Ra206 D55 mm"},"content":{"rendered":"<p>Glomex Bodenplatten Ra206 D55 mm &#8211; <\/p>\n<p>Die Glomex Bodenplatten bestehen aus goldenen Bronzemikrosph\u00e4ren, die die Kontaktoberfl\u00e4che mit Wasser um etwa 15 % erh\u00f6hen und elektronische Ger\u00e4te an Bord sch\u00fctzen. Die runde Platte wird auch in Tanks eingesetzt, um statische Elektrizit\u00e4t zu neutralisieren. Sie wird komplett mit Schrauben und Unterlegscheiben geliefert.<\/p>\n","protected":false},"excerpt":{"rendered":"<p>Glomex Bodenplatten Ra206 D55 mm &#8211; Die Glomex Bodenplatten bestehen aus goldenen Bronzemikrosph\u00e4ren, die die Kontaktoberfl\u00e4che mit Wasser um etwa<\/p>\n","protected":false},"featured_media":5942245,"comment_status":"open","ping_status":"closed","template":"","meta":[],"product_brand":[2980],"product_cat":[1453],"product_tag":[],"class_list":{"0":"post-734991","1":"product","2":"type-product","3":"status-publish","4":"has-post-thumbnail","6":"product_brand-glomex-de","7":"product_cat-elektrozubehoer","9":"first","10":"instock","11":"shipping-taxable","12":"purchasable","13":"product-type-simple"},"_links":{"self":[{"href":"https:\/\/stoic-curie.212-227-153-4.plesk.page\/de\/wp-json\/wp\/v2\/product\/734991","targetHints":{"allow":["GET"]}}],"collection":[{"href":"https:\/\/stoic-curie.212-227-153-4.plesk.page\/de\/wp-json\/wp\/v2\/product"}],"about":[{"href":"https:\/\/stoic-curie.212-227-153-4.plesk.page\/de\/wp-json\/wp\/v2\/types\/product"}],"replies":[{"embeddable":true,"href":"https:\/\/stoic-curie.212-227-153-4.plesk.page\/de\/wp-json\/wp\/v2\/comments?post=734991"}],"version-history":[{"count":0,"href":"https:\/\/stoic-curie.212-227-153-4.plesk.page\/de\/wp-json\/wp\/v2\/product\/734991\/revisions"}],"wp:featuredmedia":[{"embeddable":true,"href":"https:\/\/stoic-curie.212-227-153-4.plesk.page\/de\/wp-json\/wp\/v2\/media\/5942245"}],"wp:attachment":[{"href":"https:\/\/stoic-curie.212-227-153-4.plesk.page\/de\/wp-json\/wp\/v2\/media?parent=734991"}],"wp:term":[{"taxonomy":"product_brand","embeddable":true,"href":"https:\/\/stoic-curie.212-227-153-4.plesk.page\/de\/wp-json\/wp\/v2\/product_brand?post=734991"},{"taxonomy":"product_cat","embeddable":true,"href":"https:\/\/stoic-curie.212-227-153-4.plesk.page\/de\/wp-json\/wp\/v2\/product_cat?post=734991"},{"taxonomy":"product_tag","embeddable":true,"href":"https:\/\/stoic-curie.212-227-153-4.plesk.page\/de\/wp-json\/wp\/v2\/product_tag?post=734991"}],"curies":[{"name":"wp","href":"https:\/\/api.w.org\/{rel}","templated":true}]}}