{"id":734993,"date":"2025-03-03T16:25:52","date_gmt":"2025-03-03T15:25:52","guid":{"rendered":"https:\/\/stoic-curie.212-227-153-4.plesk.page\/producto\/tv-antenne-glomex-v9150-agc-adhara\/"},"modified":"2026-02-24T23:34:58","modified_gmt":"2026-02-24T23:34:58","slug":"tv-antenne-glomex-v9150-agc-adhara","status":"publish","type":"product","link":"https:\/\/stoic-curie.212-227-153-4.plesk.page\/de\/product\/tv-antenne-glomex-v9150-agc-adhara\/","title":{"rendered":"TV-Antenne Glomex Adhara"},"content":{"rendered":"<p>TV-Antenne Glomex Adhara &#8211; <\/p>\n<p>Die Glomex V9150AGC Adhara TV-Antenne f\u00fcr analoge\/digitale TV-Signale ist ein fortschrittliches maritimes Antennensystem, das mit einem automatischen Verst\u00e4rker ausgestattet ist, um die Empfangsqualit\u00e4t und Klarheit von Radiosignalen auf Booten und Yachten zu verbessern. Pr\u00e4zise entwickelt, integriert sie einen hochentwickelten Verst\u00e4rker mit automatischer Verst\u00e4rkungsregelung (AGC), der die Signalst\u00e4rke automatisch anpasst, um optimale Leistung unter verschiedenen Bedingungen zu gew\u00e4hrleisten, sei es in ruhigen Gew\u00e4ssern oder bei unruhiger See. Dies sorgt f\u00fcr einen zuverl\u00e4ssigen und konsistenten Empfang von VHF-, DAB- und FM-Radiosignalen, die sowohl f\u00fcr die Kommunikation als auch f\u00fcr die Unterhaltung auf dem Wasser entscheidend sind.<\/p>\n<p>Die Glomex Adhara hat sich zur Adhara AGC weiterentwickelt und vereinfacht Ihr Erlebnis mit ihrem bahnbrechenden automatischen Verst\u00e4rker. Sie ist zudem in der Lage, DAB-Radiosignale zu empfangen.<\/p>\n<p>Dank des neu gestalteten Verst\u00e4rkers k\u00f6nnen Sie m\u00fchelos Ihren Fernseher (unterst\u00fctzt bis zu sechs TVs) einschalten, sich auf die Couch zur\u00fccklehnen und Ihre Lieblingssendungen genie\u00dfen. Die Adhara AGC (mit einem Durchmesser von 37 cm \/ 14\u201d) stimmt automatisch die Verst\u00e4rkung des TV-Signals ab, um den bestm\u00f6glichen Empfang von Fernsehsendungen zu gew\u00e4hrleisten.<\/p>\n<p>Im Gegensatz zu herk\u00f6mmlichen Verst\u00e4rkern, die manuelle Anpassungen der TV-Signalverst\u00e4rkung erfordern \u2013 Senkung bei starkem Signal und Erh\u00f6hung, wenn das Schiff von den Sendern entfernt ist \u2013 \u00fcbernimmt die Adhara AGC diesen Prozess automatisch f\u00fcr Sie.<\/p>\n<p>Das elegante und wetterbest\u00e4ndige Design der Antenne macht sie perfekt f\u00fcr maritime Anwendungen und bietet Langlebigkeit, ohne auf \u00c4sthetik zu verzichten. Ideal f\u00fcr Freizeit- und professionelle Anwendungen garantiert die Glomex Adhara mit automatischem Verst\u00e4rker eine au\u00dfergew\u00f6hnliche Signalaufnahme und eine einfache Installation, wodurch sie eine zuverl\u00e4ssige Wahl f\u00fcr Marine-Enthusiasten weltweit ist.<\/p>\n<p>Die omnidirektionale Glomex V9150AGC Adhara TV-Antenne ist mit sowohl analogen als auch digitalen TV-Signalen kompatibel und somit ideal f\u00fcr jeden Schifftyp. Ihr Haifischflossen-Design hat eine H\u00f6he von 55 mm und erm\u00f6glicht den Empfang sowohl vertikal als auch horizontal polarisierten TV-Signalen. Mit einem Stylus f\u00fcr den DAB-Signalempfang und einem automatischen Verst\u00e4rker (AGC) garantiert sie ein robustes Signal, egal ob Sie auf See oder im Hafen sind.<\/p>\n<p>Die verst\u00e4rkte Basis zusammen mit einer mikrogeschweissten Edelstahlhalterung sorgt f\u00fcr Stabilit\u00e4t unter allen maritimen Bedingungen. Mit dem optionalen V9147-Splitter, der zwischen Antenne und Verst\u00e4rker platziert wird, kann die Antenne auch AM-FM-Radiowellen empfangen. Sie unterst\u00fctzt bis zu sechs TV-Ger\u00e4te, arbeitet auf Frequenzen von 87,5\/774 MHz und 174\/240 MHz f\u00fcr DAB, hat eine Impedanz von 75 Ohm und enth\u00e4lt ein universelles Netzteil von 12\/24V. Das Paket enth\u00e4lt zudem drei 20 m Koaxialkabel und ein TV-Kabel.<\/p>\n","protected":false},"excerpt":{"rendered":"<p>TV-Antenne Glomex Adhara &#8211; Die Glomex V9150AGC Adhara TV-Antenne f\u00fcr analoge\/digitale TV-Signale ist ein fortschrittliches maritimes Antennensystem, das mit einem<\/p>\n","protected":false},"featured_media":5942249,"comment_status":"open","ping_status":"closed","template":"","meta":[],"product_brand":[2980],"product_cat":[1467],"product_tag":[],"class_list":{"0":"post-734993","1":"product","2":"type-product","3":"status-publish","4":"has-post-thumbnail","6":"product_brand-glomex-de","7":"product_cat-tv-antennen","9":"first","10":"instock","11":"shipping-taxable","12":"purchasable","13":"product-type-simple"},"_links":{"self":[{"href":"https:\/\/stoic-curie.212-227-153-4.plesk.page\/de\/wp-json\/wp\/v2\/product\/734993","targetHints":{"allow":["GET"]}}],"collection":[{"href":"https:\/\/stoic-curie.212-227-153-4.plesk.page\/de\/wp-json\/wp\/v2\/product"}],"about":[{"href":"https:\/\/stoic-curie.212-227-153-4.plesk.page\/de\/wp-json\/wp\/v2\/types\/product"}],"replies":[{"embeddable":true,"href":"https:\/\/stoic-curie.212-227-153-4.plesk.page\/de\/wp-json\/wp\/v2\/comments?post=734993"}],"version-history":[{"count":0,"href":"https:\/\/stoic-curie.212-227-153-4.plesk.page\/de\/wp-json\/wp\/v2\/product\/734993\/revisions"}],"wp:featuredmedia":[{"embeddable":true,"href":"https:\/\/stoic-curie.212-227-153-4.plesk.page\/de\/wp-json\/wp\/v2\/media\/5942249"}],"wp:attachment":[{"href":"https:\/\/stoic-curie.212-227-153-4.plesk.page\/de\/wp-json\/wp\/v2\/media?parent=734993"}],"wp:term":[{"taxonomy":"product_brand","embeddable":true,"href":"https:\/\/stoic-curie.212-227-153-4.plesk.page\/de\/wp-json\/wp\/v2\/product_brand?post=734993"},{"taxonomy":"product_cat","embeddable":true,"href":"https:\/\/stoic-curie.212-227-153-4.plesk.page\/de\/wp-json\/wp\/v2\/product_cat?post=734993"},{"taxonomy":"product_tag","embeddable":true,"href":"https:\/\/stoic-curie.212-227-153-4.plesk.page\/de\/wp-json\/wp\/v2\/product_tag?post=734993"}],"curies":[{"name":"wp","href":"https:\/\/api.w.org\/{rel}","templated":true}]}}