{"id":735021,"date":"2025-03-03T16:25:57","date_gmt":"2025-03-03T15:25:57","guid":{"rendered":"https:\/\/stoic-curie.212-227-153-4.plesk.page\/producto\/antisiphon-vetus-asd-h-typ-mit-schlauch-13-19-25-32\/"},"modified":"2026-02-24T23:34:58","modified_gmt":"2026-02-24T23:34:58","slug":"antisiphon-vetus-asd-h-typ-mit-schlauch-13-19-25-32","status":"publish","type":"product","link":"https:\/\/stoic-curie.212-227-153-4.plesk.page\/de\/product\/antisiphon-vetus-asd-h-typ-mit-schlauch-13-19-25-32\/","title":{"rendered":"Antisiphon Vetus ASD H Typ mit Schlauch 13\/19\/25\/32"},"content":{"rendered":"<p>Antisiphon Vetus ASD H Typ mit Schlauch 13\/19\/25\/32 &#8211; <\/p>\n<p>Luftventile f\u00fcr Abgassysteme unter der Wasserlinie. Mit verstellbarem und abnehmbaren Ventil\/Rohr-zur-Schlauch f\u00fcr einfache Wartung. Wenn der Punkt, an dem das K\u00fchlwasser in das Abgassystem eingespritzt wird, weniger als 15 cm \u00fcber der Wasserlinie liegt, kann das K\u00fchlwasser beim Abstellen des Motors in das Abgassystem und dann in den Motor gelangen. Dieses Risiko kann durch die Installation eines Antisiphons, das mindestens 40 cm \u00fcber der Wasserlinie liegt, verhindert werden.<\/p>\n","protected":false},"excerpt":{"rendered":"<p>Antisiphon Vetus ASD H Typ mit Schlauch 13\/19\/25\/32 &#8211; Luftventile f\u00fcr Abgassysteme unter der Wasserlinie. Mit verstellbarem und abnehmbaren Ventil\/Rohr-zur-Schlauch<\/p>\n","protected":false},"featured_media":5942504,"comment_status":"open","ping_status":"closed","template":"","meta":[],"product_brand":[3520],"product_cat":[1507,1374],"product_tag":[],"class_list":{"0":"post-735021","1":"product","2":"type-product","3":"status-publish","4":"has-post-thumbnail","6":"product_brand-vetus-de","7":"product_cat-abgas-wasserperren-und-schalldaempfer","8":"product_cat-kunststoff-wasserinstallationsarmaturen","10":"first","11":"instock","12":"shipping-taxable","13":"purchasable","14":"product-type-simple"},"_links":{"self":[{"href":"https:\/\/stoic-curie.212-227-153-4.plesk.page\/de\/wp-json\/wp\/v2\/product\/735021","targetHints":{"allow":["GET"]}}],"collection":[{"href":"https:\/\/stoic-curie.212-227-153-4.plesk.page\/de\/wp-json\/wp\/v2\/product"}],"about":[{"href":"https:\/\/stoic-curie.212-227-153-4.plesk.page\/de\/wp-json\/wp\/v2\/types\/product"}],"replies":[{"embeddable":true,"href":"https:\/\/stoic-curie.212-227-153-4.plesk.page\/de\/wp-json\/wp\/v2\/comments?post=735021"}],"version-history":[{"count":0,"href":"https:\/\/stoic-curie.212-227-153-4.plesk.page\/de\/wp-json\/wp\/v2\/product\/735021\/revisions"}],"wp:featuredmedia":[{"embeddable":true,"href":"https:\/\/stoic-curie.212-227-153-4.plesk.page\/de\/wp-json\/wp\/v2\/media\/5942504"}],"wp:attachment":[{"href":"https:\/\/stoic-curie.212-227-153-4.plesk.page\/de\/wp-json\/wp\/v2\/media?parent=735021"}],"wp:term":[{"taxonomy":"product_brand","embeddable":true,"href":"https:\/\/stoic-curie.212-227-153-4.plesk.page\/de\/wp-json\/wp\/v2\/product_brand?post=735021"},{"taxonomy":"product_cat","embeddable":true,"href":"https:\/\/stoic-curie.212-227-153-4.plesk.page\/de\/wp-json\/wp\/v2\/product_cat?post=735021"},{"taxonomy":"product_tag","embeddable":true,"href":"https:\/\/stoic-curie.212-227-153-4.plesk.page\/de\/wp-json\/wp\/v2\/product_tag?post=735021"}],"curies":[{"name":"wp","href":"https:\/\/api.w.org\/{rel}","templated":true}]}}