{"id":735022,"date":"2025-03-03T16:25:57","date_gmt":"2025-03-03T15:25:57","guid":{"rendered":"https:\/\/stoic-curie.212-227-153-4.plesk.page\/producto\/flache-melamin-schuesseln-mb-bali-6-stueck\/"},"modified":"2026-02-24T23:34:58","modified_gmt":"2026-02-24T23:34:58","slug":"flache-melamin-schuesseln-mb-bali-6-stueck","status":"publish","type":"product","link":"https:\/\/stoic-curie.212-227-153-4.plesk.page\/de\/product\/flache-melamin-schuesseln-mb-bali-6-stueck\/","title":{"rendered":"Flache Melamin-Sch\u00fcsseln MB Bali (6 St\u00fcck)"},"content":{"rendered":"<p>Flache Melamin-Sch\u00fcsseln MB Bali (6 St\u00fcck) &#8211; <\/p>\n<p>Bali-Stil flacher Teller. Hergestellt aus 100% zertifiziert lebensmittelsicherem Melamin. Sp\u00fclmaschinenfest, bruchfest und fleckenfrei. 6 St\u00fcck\/Paket.<\/p>\n","protected":false},"excerpt":{"rendered":"<p>Flache Melamin-Sch\u00fcsseln MB Bali (6 St\u00fcck) &#8211; Bali-Stil flacher Teller. Hergestellt aus 100% zertifiziert lebensmittelsicherem Melamin. Sp\u00fclmaschinenfest, bruchfest und fleckenfrei.<\/p>\n","protected":false},"featured_media":5942506,"comment_status":"open","ping_status":"closed","template":"","meta":[],"product_brand":[3110],"product_cat":[1358],"product_tag":[],"class_list":{"0":"post-735022","1":"product","2":"type-product","3":"status-publish","4":"has-post-thumbnail","6":"product_brand-marine-business-mb-de","7":"product_cat-bootsgeschirr","9":"first","10":"instock","11":"shipping-taxable","12":"purchasable","13":"product-type-simple"},"_links":{"self":[{"href":"https:\/\/stoic-curie.212-227-153-4.plesk.page\/de\/wp-json\/wp\/v2\/product\/735022","targetHints":{"allow":["GET"]}}],"collection":[{"href":"https:\/\/stoic-curie.212-227-153-4.plesk.page\/de\/wp-json\/wp\/v2\/product"}],"about":[{"href":"https:\/\/stoic-curie.212-227-153-4.plesk.page\/de\/wp-json\/wp\/v2\/types\/product"}],"replies":[{"embeddable":true,"href":"https:\/\/stoic-curie.212-227-153-4.plesk.page\/de\/wp-json\/wp\/v2\/comments?post=735022"}],"version-history":[{"count":0,"href":"https:\/\/stoic-curie.212-227-153-4.plesk.page\/de\/wp-json\/wp\/v2\/product\/735022\/revisions"}],"wp:featuredmedia":[{"embeddable":true,"href":"https:\/\/stoic-curie.212-227-153-4.plesk.page\/de\/wp-json\/wp\/v2\/media\/5942506"}],"wp:attachment":[{"href":"https:\/\/stoic-curie.212-227-153-4.plesk.page\/de\/wp-json\/wp\/v2\/media?parent=735022"}],"wp:term":[{"taxonomy":"product_brand","embeddable":true,"href":"https:\/\/stoic-curie.212-227-153-4.plesk.page\/de\/wp-json\/wp\/v2\/product_brand?post=735022"},{"taxonomy":"product_cat","embeddable":true,"href":"https:\/\/stoic-curie.212-227-153-4.plesk.page\/de\/wp-json\/wp\/v2\/product_cat?post=735022"},{"taxonomy":"product_tag","embeddable":true,"href":"https:\/\/stoic-curie.212-227-153-4.plesk.page\/de\/wp-json\/wp\/v2\/product_tag?post=735022"}],"curies":[{"name":"wp","href":"https:\/\/api.w.org\/{rel}","templated":true}]}}