{"id":735044,"date":"2025-03-03T16:26:02","date_gmt":"2025-03-03T15:26:02","guid":{"rendered":"https:\/\/stoic-curie.212-227-153-4.plesk.page\/producto\/tragbarer-elektrischer-seilschneider-fusion\/"},"modified":"2026-02-24T23:34:58","modified_gmt":"2026-02-24T23:34:58","slug":"tragbarer-elektrischer-seilschneider-fusion","status":"publish","type":"product","link":"https:\/\/stoic-curie.212-227-153-4.plesk.page\/de\/product\/tragbarer-elektrischer-seilschneider-fusion\/","title":{"rendered":"Tragbarer elektrischer Seilschneider Fusion"},"content":{"rendered":"<p>Tragbarer elektrischer Seilschneider Fusion &#8211; <\/p>\n<p>Tragbarer, kabelloser, wiederaufladbarer elektrischer Seilschneider. Er erreicht in wenigen Sekunden 400 \u00b0C und schneidet schnell selbst dicke Seile, Geflechte und Schn\u00fcre. Eignet sich auch zum Schneiden von Segeln, Markisen, Gurten, B\u00e4ndern und jeder synthetischen Leinwand. Komplett mit Klinge, Reinigungsb\u00fcrste, wiederaufladbarem Akku und Ladeger\u00e4t. Mit tragbarem Werkzeugkoffer.<\/p>\n","protected":false},"excerpt":{"rendered":"<p>Tragbarer elektrischer Seilschneider Fusion &#8211; Tragbarer, kabelloser, wiederaufladbarer elektrischer Seilschneider. Er erreicht in wenigen Sekunden 400 \u00b0C und schneidet schnell<\/p>\n","protected":false},"featured_media":5942540,"comment_status":"open","ping_status":"closed","template":"","meta":[],"product_brand":[3065],"product_cat":[1569,1326],"product_tag":[],"class_list":{"0":"post-735044","1":"product","2":"type-product","3":"status-publish","4":"has-post-thumbnail","6":"product_brand-liros-de","7":"product_cat-segelmesser-und-werkzeuge","8":"product_cat-splicing-werkzeuge","10":"first","11":"instock","12":"shipping-taxable","13":"purchasable","14":"product-type-simple"},"_links":{"self":[{"href":"https:\/\/stoic-curie.212-227-153-4.plesk.page\/de\/wp-json\/wp\/v2\/product\/735044","targetHints":{"allow":["GET"]}}],"collection":[{"href":"https:\/\/stoic-curie.212-227-153-4.plesk.page\/de\/wp-json\/wp\/v2\/product"}],"about":[{"href":"https:\/\/stoic-curie.212-227-153-4.plesk.page\/de\/wp-json\/wp\/v2\/types\/product"}],"replies":[{"embeddable":true,"href":"https:\/\/stoic-curie.212-227-153-4.plesk.page\/de\/wp-json\/wp\/v2\/comments?post=735044"}],"version-history":[{"count":0,"href":"https:\/\/stoic-curie.212-227-153-4.plesk.page\/de\/wp-json\/wp\/v2\/product\/735044\/revisions"}],"wp:featuredmedia":[{"embeddable":true,"href":"https:\/\/stoic-curie.212-227-153-4.plesk.page\/de\/wp-json\/wp\/v2\/media\/5942540"}],"wp:attachment":[{"href":"https:\/\/stoic-curie.212-227-153-4.plesk.page\/de\/wp-json\/wp\/v2\/media?parent=735044"}],"wp:term":[{"taxonomy":"product_brand","embeddable":true,"href":"https:\/\/stoic-curie.212-227-153-4.plesk.page\/de\/wp-json\/wp\/v2\/product_brand?post=735044"},{"taxonomy":"product_cat","embeddable":true,"href":"https:\/\/stoic-curie.212-227-153-4.plesk.page\/de\/wp-json\/wp\/v2\/product_cat?post=735044"},{"taxonomy":"product_tag","embeddable":true,"href":"https:\/\/stoic-curie.212-227-153-4.plesk.page\/de\/wp-json\/wp\/v2\/product_tag?post=735044"}],"curies":[{"name":"wp","href":"https:\/\/api.w.org\/{rel}","templated":true}]}}