{"id":735045,"date":"2025-03-03T16:26:02","date_gmt":"2025-03-03T15:26:02","guid":{"rendered":"https:\/\/stoic-curie.212-227-153-4.plesk.page\/producto\/elektrischer-seilschneider-pro-fusion-220v-120w\/"},"modified":"2026-02-24T23:34:58","modified_gmt":"2026-02-24T23:34:58","slug":"elektrischer-seilschneider-pro-fusion-220v-120w","status":"publish","type":"product","link":"https:\/\/stoic-curie.212-227-153-4.plesk.page\/de\/product\/elektrischer-seilschneider-pro-fusion-220v-120w\/","title":{"rendered":"Elektrischer Seilschneider Pro Fusion 220V 120W"},"content":{"rendered":"<p>Elektrischer Seilschneider Pro Fusion 220V 120W &#8211; <\/p>\n<p>220V &#8211; 120W professioneller elektrischer Seilschneider f\u00fcr kontinuierlichen Betrieb. Erreicht in wenigen Sekunden 500\u00c2\u00b0C und schneidet schnell sogar gro\u00dfe Durchmesser von Seilen, Schn\u00fcren und F\u00e4den. Es k\u00fchlt sofort dank des Luftk\u00fchlsystems. Geeignet auch f\u00fcr das Schneiden von Segeln, Markisen, Gurten, B\u00e4ndern und jedem synthetischen Stoff. Komplett mit Klinge, Reinigungsb\u00fcrste und 3 m Netzkabel. Wird mit tragbarem Werkzeugkasten geliefert.<\/p>\n","protected":false},"excerpt":{"rendered":"<p>Elektrischer Seilschneider Pro Fusion 220V 120W &#8211; 220V &#8211; 120W professioneller elektrischer Seilschneider f\u00fcr kontinuierlichen Betrieb. Erreicht in wenigen Sekunden<\/p>\n","protected":false},"featured_media":5942544,"comment_status":"open","ping_status":"closed","template":"","meta":[],"product_brand":[3065],"product_cat":[1569,1326],"product_tag":[],"class_list":{"0":"post-735045","1":"product","2":"type-product","3":"status-publish","4":"has-post-thumbnail","6":"product_brand-liros-de","7":"product_cat-segelmesser-und-werkzeuge","8":"product_cat-splicing-werkzeuge","10":"first","11":"instock","12":"shipping-taxable","13":"purchasable","14":"product-type-simple"},"_links":{"self":[{"href":"https:\/\/stoic-curie.212-227-153-4.plesk.page\/de\/wp-json\/wp\/v2\/product\/735045","targetHints":{"allow":["GET"]}}],"collection":[{"href":"https:\/\/stoic-curie.212-227-153-4.plesk.page\/de\/wp-json\/wp\/v2\/product"}],"about":[{"href":"https:\/\/stoic-curie.212-227-153-4.plesk.page\/de\/wp-json\/wp\/v2\/types\/product"}],"replies":[{"embeddable":true,"href":"https:\/\/stoic-curie.212-227-153-4.plesk.page\/de\/wp-json\/wp\/v2\/comments?post=735045"}],"version-history":[{"count":0,"href":"https:\/\/stoic-curie.212-227-153-4.plesk.page\/de\/wp-json\/wp\/v2\/product\/735045\/revisions"}],"wp:featuredmedia":[{"embeddable":true,"href":"https:\/\/stoic-curie.212-227-153-4.plesk.page\/de\/wp-json\/wp\/v2\/media\/5942544"}],"wp:attachment":[{"href":"https:\/\/stoic-curie.212-227-153-4.plesk.page\/de\/wp-json\/wp\/v2\/media?parent=735045"}],"wp:term":[{"taxonomy":"product_brand","embeddable":true,"href":"https:\/\/stoic-curie.212-227-153-4.plesk.page\/de\/wp-json\/wp\/v2\/product_brand?post=735045"},{"taxonomy":"product_cat","embeddable":true,"href":"https:\/\/stoic-curie.212-227-153-4.plesk.page\/de\/wp-json\/wp\/v2\/product_cat?post=735045"},{"taxonomy":"product_tag","embeddable":true,"href":"https:\/\/stoic-curie.212-227-153-4.plesk.page\/de\/wp-json\/wp\/v2\/product_tag?post=735045"}],"curies":[{"name":"wp","href":"https:\/\/api.w.org\/{rel}","templated":true}]}}